{"id":36926,"date":"2026-01-11T05:00:00","date_gmt":"2026-01-11T02:00:00","guid":{"rendered":"https:\/\/www.gasia.com.tr\/?post_type=product&#038;p=36926"},"modified":"2026-03-31T16:01:42","modified_gmt":"2026-03-31T13:01:42","slug":"bodrum-mavisi-mine-nazar-goz-detayli-altin-kolye","status":"publish","type":"product","link":"https:\/\/www.gasia.com.tr\/en\/collections\/bodrum-mavisi-mine-nazar-goz-detayli-altin-kolye\/","title":{"rendered":"Bodrum Mavisi Mine Nazar G\u00f6z Detayl\u0131 Alt\u0131n Kolye"},"content":{"rendered":"<p data-start=\"109\" data-end=\"417\">Bodrum mavisi mine y\u00fczeyiyle dikkat \u00e7eken bu g\u00f6z fig\u00fcrl\u00fc kolye, modern tasar\u0131m\u0131 ve g\u00fc\u00e7l\u00fc sembolizmi bir araya getirir. Canl\u0131 mavi ton, alt\u0131n detaylarla birle\u015ferek ferah ve \u00e7arp\u0131c\u0131 bir g\u00f6r\u00fcn\u00fcm sunar. Ortadaki g\u00f6z formu ve ince ta\u015f dokunu\u015flar\u0131, tasar\u0131ma zarif bir \u0131\u015f\u0131lt\u0131 katarken anlaml\u0131 bir ifade olu\u015fturur.<\/p>\n<p data-start=\"419\" data-end=\"612\">G\u00fcnl\u00fck stiline karakter katmak isteyenler i\u00e7in ideal olan bu kolye, sade formu sayesinde farkl\u0131 kombinlerle kolayca uyum sa\u011flar. Renkli ve \u00f6zg\u00fcn tasar\u0131m\u0131yla stiline enerjik bir dokunu\u015f ekler.<\/p>","protected":false},"excerpt":{"rendered":"<ul>\n<li>14 Ayar Alt\u0131n<\/li>\n<li>0.08 ct Baget P\u0131rlanta<\/li>\n<li>0.02 ct Siyah P\u0131rlanta<\/li>\n<li>42 cm zincir uzunluk<\/li>\n<\/ul>","protected":false},"featured_media":41147,"comment_status":"open","ping_status":"closed","template":"","meta":[],"product_brand":[2718,2719],"product_cat":[247,260,75,198],"product_tag":[278,2932,2931,2930,2780,2715,726,811,322,2673,473,2704,2711,742,277,280,2706,2679,329,2073],"class_list":{"0":"post-36926","1":"product","2":"type-product","3":"status-publish","4":"has-post-thumbnail","6":"product_brand-gasia-casuals","7":"product_brand-gasia-protect","8":"product_cat-hediyelik","9":"product_cat-kadin","10":"product_cat-kolye","11":"product_cat-eye-collection","12":"product_tag-altin-kolye","13":"product_tag-blue-necklace","14":"product_tag-bodrum-blue-necklace","15":"product_tag-bodrum-mavisi-kolye","16":"product_tag-colorful-jewelry","17":"product_tag-enamel-necklace","18":"product_tag-evil-eye-necklace","19":"product_tag-gemstone-necklace","20":"product_tag-gold-necklace","21":"product_tag-goz-kolye","22":"product_tag-kadin-kolye","23":"product_tag-mavi-kolye","24":"product_tag-mine-kolye","25":"product_tag-modern-jewelry","26":"product_tag-modern-kolye","27":"product_tag-nazar-kolye","28":"product_tag-renkli-kolye","29":"product_tag-symbolic-jewelry","30":"product_tag-tasli-kolye","31":"product_tag-unique-necklace","32":"pa_cinsiyet-kadin","34":"first","35":"instock","36":"shipping-taxable","37":"purchasable","38":"product-type-simple"},"_links":{"self":[{"href":"https:\/\/www.gasia.com.tr\/en\/wp-json\/wp\/v2\/product\/36926","targetHints":{"allow":["GET"]}}],"collection":[{"href":"https:\/\/www.gasia.com.tr\/en\/wp-json\/wp\/v2\/product"}],"about":[{"href":"https:\/\/www.gasia.com.tr\/en\/wp-json\/wp\/v2\/types\/product"}],"replies":[{"embeddable":true,"href":"https:\/\/www.gasia.com.tr\/en\/wp-json\/wp\/v2\/comments?post=36926"}],"version-history":[{"count":2,"href":"https:\/\/www.gasia.com.tr\/en\/wp-json\/wp\/v2\/product\/36926\/revisions"}],"predecessor-version":[{"id":41148,"href":"https:\/\/www.gasia.com.tr\/en\/wp-json\/wp\/v2\/product\/36926\/revisions\/41148"}],"wp:featuredmedia":[{"embeddable":true,"href":"https:\/\/www.gasia.com.tr\/en\/wp-json\/wp\/v2\/media\/41147"}],"wp:attachment":[{"href":"https:\/\/www.gasia.com.tr\/en\/wp-json\/wp\/v2\/media?parent=36926"}],"wp:term":[{"taxonomy":"product_brand","embeddable":true,"href":"https:\/\/www.gasia.com.tr\/en\/wp-json\/wp\/v2\/product_brand?post=36926"},{"taxonomy":"product_cat","embeddable":true,"href":"https:\/\/www.gasia.com.tr\/en\/wp-json\/wp\/v2\/product_cat?post=36926"},{"taxonomy":"product_tag","embeddable":true,"href":"https:\/\/www.gasia.com.tr\/en\/wp-json\/wp\/v2\/product_tag?post=36926"}],"curies":[{"name":"wp","href":"https:\/\/api.w.org\/{rel}","templated":true}]}}