{"id":36987,"date":"2026-01-11T00:00:00","date_gmt":"2026-01-10T21:00:00","guid":{"rendered":"https:\/\/www.gasia.com.tr\/?post_type=product&#038;p=36987"},"modified":"2026-04-13T18:20:48","modified_gmt":"2026-04-13T15:20:48","slug":"safir-ve-pirlanta-tasli-nazar-motifli-sari-altin-bileklik","status":"publish","type":"product","link":"https:\/\/www.gasia.com.tr\/en\/collections\/safir-ve-pirlanta-tasli-nazar-motifli-sari-altin-bileklik\/","title":{"rendered":"Safir ve P\u0131rlanta Ta\u015fl\u0131 Nazar Motifli Sar\u0131 Alt\u0131n Bileklik"},"content":{"rendered":"<p data-start=\"113\" data-end=\"348\">Sar\u0131 alt\u0131n\u0131n s\u0131cak tonlar\u0131yla tasarlanan bu bileklik, safir ve p\u0131rlanta ta\u015flar\u0131n uyumuyla dikkat \u00e7eken zarif bir nazar motifi sunar. Derin mavi safir ta\u015flar, merkezdeki p\u0131rlanta detaylarla birle\u015ferek g\u00f6z al\u0131c\u0131 bir kontrast olu\u015fturur.<\/p>\n<p data-start=\"350\" data-end=\"601\">I\u015f\u0131\u011f\u0131 farkl\u0131 a\u00e7\u0131lardan yans\u0131tan ta\u015f dizilimi, bileklikte zarif bir \u0131\u015f\u0131lt\u0131 sa\u011flarken ince zincir yap\u0131s\u0131 sayesinde hafif ve konforlu bir kullan\u0131m sunar. Minimal formu ile g\u00fcnl\u00fck stiline kolayca uyum sa\u011flarken, \u00f6zel anlarda da \u015f\u0131k bir tamamlay\u0131c\u0131 olur.<\/p>\n<p data-start=\"603\" data-end=\"737\">Anlaml\u0131 nazar sembol\u00fcn\u00fc de\u011ferli ta\u015flarla bulu\u015fturan bu tasar\u0131m, zarif ve dikkat \u00e7ekici bir aksesuar arayanlar i\u00e7in ideal bir se\u00e7imdir.<\/p>","protected":false},"excerpt":{"rendered":"<ul>\n<li>14 Ayar Alt\u0131n<\/li>\n<li>0.05 ct P\u0131rlanta<\/li>\n<li>0.15 ct Avustralya Safir<\/li>\n<li>18cm \/ 16 cm ayarlanabilir uzunluk<\/li>\n<\/ul>","protected":false},"featured_media":42130,"comment_status":"open","ping_status":"closed","template":"","meta":[],"product_brand":[2718,2719],"product_cat":[73,247,260,198],"product_tag":[504,2819,507,417,2230,794,365,1668,407,358,2219,828,366,505],"class_list":{"0":"post-36987","1":"product","2":"type-product","3":"status-publish","4":"has-post-thumbnail","6":"product_brand-gasia-casuals","7":"product_brand-gasia-protect","8":"product_cat-altin-pirlanta-bileklik","9":"product_cat-hediyelik","10":"product_cat-kadin","11":"product_cat-eye-collection","12":"product_tag-altin-bileklik","13":"product_tag-dainty-bracelet","14":"product_tag-diamond-bracelet","15":"product_tag-evil-eye-bracelet","16":"product_tag-gemstone-bracelet","17":"product_tag-gold-bracelet","18":"product_tag-kadin-bileklik","19":"product_tag-luxury-jewelry","20":"product_tag-nazar-bileklik","21":"product_tag-pirlanta-bileklik","22":"product_tag-safir-bileklik","23":"product_tag-sapphire-bracelet","24":"product_tag-sik-bileklik","25":"product_tag-tasli-bileklik","26":"pa_cinsiyet-kadin","28":"first","29":"instock","30":"sale","31":"shipping-taxable","32":"purchasable","33":"product-type-simple"},"_links":{"self":[{"href":"https:\/\/www.gasia.com.tr\/en\/wp-json\/wp\/v2\/product\/36987","targetHints":{"allow":["GET"]}}],"collection":[{"href":"https:\/\/www.gasia.com.tr\/en\/wp-json\/wp\/v2\/product"}],"about":[{"href":"https:\/\/www.gasia.com.tr\/en\/wp-json\/wp\/v2\/types\/product"}],"replies":[{"embeddable":true,"href":"https:\/\/www.gasia.com.tr\/en\/wp-json\/wp\/v2\/comments?post=36987"}],"version-history":[{"count":3,"href":"https:\/\/www.gasia.com.tr\/en\/wp-json\/wp\/v2\/product\/36987\/revisions"}],"predecessor-version":[{"id":42131,"href":"https:\/\/www.gasia.com.tr\/en\/wp-json\/wp\/v2\/product\/36987\/revisions\/42131"}],"wp:featuredmedia":[{"embeddable":true,"href":"https:\/\/www.gasia.com.tr\/en\/wp-json\/wp\/v2\/media\/42130"}],"wp:attachment":[{"href":"https:\/\/www.gasia.com.tr\/en\/wp-json\/wp\/v2\/media?parent=36987"}],"wp:term":[{"taxonomy":"product_brand","embeddable":true,"href":"https:\/\/www.gasia.com.tr\/en\/wp-json\/wp\/v2\/product_brand?post=36987"},{"taxonomy":"product_cat","embeddable":true,"href":"https:\/\/www.gasia.com.tr\/en\/wp-json\/wp\/v2\/product_cat?post=36987"},{"taxonomy":"product_tag","embeddable":true,"href":"https:\/\/www.gasia.com.tr\/en\/wp-json\/wp\/v2\/product_tag?post=36987"}],"curies":[{"name":"wp","href":"https:\/\/api.w.org\/{rel}","templated":true}]}}