{"id":37000,"date":"2026-01-12T20:09:29","date_gmt":"2026-01-12T17:09:29","guid":{"rendered":"https:\/\/www.gasia.com.tr\/?post_type=product&#038;p=37000"},"modified":"2026-03-13T22:34:55","modified_gmt":"2026-03-13T19:34:55","slug":"tanzanit-tasli-kirmizi-mineli-altin-yuzuk","status":"publish","type":"product","link":"https:\/\/www.gasia.com.tr\/en\/collections\/tanzanit-tasli-kirmizi-mineli-altin-yuzuk\/","title":{"rendered":"Tanzanit Ta\u015fl\u0131 K\u0131rm\u0131z\u0131 Mineli Alt\u0131n Y\u00fcz\u00fck"},"content":{"rendered":"<p>K\u0131rm\u0131z\u0131 mine y\u00fczey \u00fczerine yerle\u015ftirilen damla kesim tanzanit ta\u015f\u0131 ve \u00e7evresindeki p\u0131rlanta detaylar\u0131yla tasarlanan bu alt\u0131n y\u00fcz\u00fck, g\u00fc\u00e7l\u00fc ve dikkat \u00e7ekici bir stil sunar. Canl\u0131 renk kontrast\u0131 ve modern tasar\u0131m\u0131yla \u00f6zel koleksiyon m\u00fccevherlerinden biridir.<\/p>\n<p>&nbsp;<\/p>\n<p><span class=\"css-1jxf684 r-bcqeeo r-1ttztb7 r-qvutc0 r-poiln3 r-b88u0q r-1x3r274\"><span class=\"css-1jxf684 r-bcqeeo r-1ttztb7 r-qvutc0 r-poiln3\"><span class=\"css-1jxf684 r-bcqeeo r-1ttztb7 r-qvutc0 r-poiln3 r-1x3r274\">Tanzanit ta\u015f\u0131<\/span><\/span><\/span><span class=\"css-1jxf684 r-bcqeeo r-1ttztb7 r-qvutc0 r-poiln3 r-1x3r274\"><span class=\"css-1jxf684 r-bcqeeo r-1ttztb7 r-qvutc0 r-poiln3\">, m\u00fccevher d\u00fcnyas\u0131n\u0131n en b\u00fcy\u00fcleyici ve nadir bulunan de\u011ferli ta\u015flar\u0131ndan biri.<\/span><span class=\"css-1jxf684 r-bcqeeo r-1ttztb7 r-qvutc0 r-poiln3\">\u00a0Sadece <\/span><\/span><span class=\"css-1jxf684 r-bcqeeo r-1ttztb7 r-qvutc0 r-poiln3 r-b88u0q r-1x3r274\"><span class=\"css-1jxf684 r-bcqeeo r-1ttztb7 r-qvutc0 r-poiln3\"><span class=\"css-1jxf684 r-bcqeeo r-1ttztb7 r-qvutc0 r-poiln3 r-1x3r274\">Tanzanya<\/span><\/span><\/span><span class=\"css-1jxf684 r-bcqeeo r-1ttztb7 r-qvutc0 r-poiln3 r-1x3r274\"><span class=\"css-1jxf684 r-bcqeeo r-1ttztb7 r-qvutc0 r-poiln3\">&#8216;da (Kilimanjaro Da\u011f\u0131 yak\u0131nlar\u0131ndaki Merelani Tepeleri&#8217;nde) bulunan bu ta\u015f, d\u00fcnya \u00fczerinde ba\u015fka hi\u00e7bir yerde do\u011fal olarak \u00e7\u0131kar\u0131lm\u0131yor. Bu y\u00fczden &#8220;d\u00fcnyan\u0131n en nadir ta\u015flar\u0131ndan&#8221; biri olarak kabul ediliyor ve rezervlerin 15-20 y\u0131l i\u00e7inde t\u00fckenmesi bekleniyor.Bir tanesinin sizin olmas\u0131n\u0131 istemez misiniz?<\/span><\/span><\/p>","protected":false},"excerpt":{"rendered":"<ul>\n<li>14 Ayar Alt\u0131n<\/li>\n<li>0.15 ct P\u0131rlanta<\/li>\n<li>2.32 ct Tanzanite<\/li>\n<\/ul>","protected":false},"featured_media":39626,"comment_status":"open","ping_status":"closed","template":"","meta":[],"product_brand":[],"product_cat":[269,242,76],"product_tag":[1325,1324,451,1217,439,1320,1270,1321,1322,961,1197,602,599,1323,604,1137],"class_list":{"0":"post-37000","1":"product","2":"type-product","3":"status-publish","4":"has-post-thumbnail","6":"product_cat-gem-world-degerli-tasli-mucevher","7":"product_cat-retro-mucevher-koleksiyonu","8":"product_cat-yuzuk-modelleri","9":"product_tag-designer-gemstone-ring","10":"product_tag-diamond-tanzanite-ring","11":"product_tag-fine-jewelry-ring","12":"product_tag-genis-altin-yuzuk","13":"product_tag-kadin-altin-yuzuk","14":"product_tag-kirmizi-mineli-yuzuk","15":"product_tag-luxury-gemstone-ring","16":"product_tag-pirlantali-altin-yuzuk","17":"product_tag-red-enamel-ring","18":"product_tag-renkli-tasli-yuzuk","19":"product_tag-statement-gold-ring","20":"product_tag-tanzanit-tasli-yuzuk","21":"product_tag-tanzanit-yuzuk","22":"product_tag-tanzanite-gold-ring","23":"product_tag-tanzanite-ring","24":"product_tag-tasarim-altin-yuzuk","25":"pa_cinsiyet-kadin","27":"first","28":"instock","29":"sale","30":"shipping-taxable","31":"purchasable","32":"product-type-simple"},"_links":{"self":[{"href":"https:\/\/www.gasia.com.tr\/en\/wp-json\/wp\/v2\/product\/37000","targetHints":{"allow":["GET"]}}],"collection":[{"href":"https:\/\/www.gasia.com.tr\/en\/wp-json\/wp\/v2\/product"}],"about":[{"href":"https:\/\/www.gasia.com.tr\/en\/wp-json\/wp\/v2\/types\/product"}],"replies":[{"embeddable":true,"href":"https:\/\/www.gasia.com.tr\/en\/wp-json\/wp\/v2\/comments?post=37000"}],"version-history":[{"count":2,"href":"https:\/\/www.gasia.com.tr\/en\/wp-json\/wp\/v2\/product\/37000\/revisions"}],"predecessor-version":[{"id":39625,"href":"https:\/\/www.gasia.com.tr\/en\/wp-json\/wp\/v2\/product\/37000\/revisions\/39625"}],"wp:featuredmedia":[{"embeddable":true,"href":"https:\/\/www.gasia.com.tr\/en\/wp-json\/wp\/v2\/media\/39626"}],"wp:attachment":[{"href":"https:\/\/www.gasia.com.tr\/en\/wp-json\/wp\/v2\/media?parent=37000"}],"wp:term":[{"taxonomy":"product_brand","embeddable":true,"href":"https:\/\/www.gasia.com.tr\/en\/wp-json\/wp\/v2\/product_brand?post=37000"},{"taxonomy":"product_cat","embeddable":true,"href":"https:\/\/www.gasia.com.tr\/en\/wp-json\/wp\/v2\/product_cat?post=37000"},{"taxonomy":"product_tag","embeddable":true,"href":"https:\/\/www.gasia.com.tr\/en\/wp-json\/wp\/v2\/product_tag?post=37000"}],"curies":[{"name":"wp","href":"https:\/\/api.w.org\/{rel}","templated":true}]}}