{"id":37003,"date":"2025-12-11T20:57:32","date_gmt":"2025-12-11T17:57:32","guid":{"rendered":"https:\/\/www.gasia.com.tr\/?post_type=product&#038;p=37003"},"modified":"2026-04-26T00:53:28","modified_gmt":"2026-04-25T21:53:28","slug":"safir-ve-pirlanta-detayli-altin-yuzuk-siyah-mine-sik-tasarim","status":"publish","type":"product","link":"https:\/\/www.gasia.com.tr\/en\/collections\/safir-ve-pirlanta-detayli-altin-yuzuk-siyah-mine-sik-tasarim\/","title":{"rendered":"Safir ve P\u0131rlanta Detayl\u0131 Alt\u0131n Y\u00fcz\u00fck \u2013 Siyah Mine \u015e\u0131k Tasar\u0131m"},"content":{"rendered":"<p data-start=\"84\" data-end=\"341\">Zarafet ve modern tasar\u0131m\u0131n kusursuz birle\u015fimi olan bu \u00f6zel y\u00fcz\u00fck, merkezde yer alan damla kesim safir ta\u015f ile g\u00f6z kama\u015ft\u0131r\u0131r. Safirin derin ve zengin mavi tonu, \u00e7evresini saran \u0131\u015f\u0131lt\u0131l\u0131 p\u0131rlanta halo ile daha da vurgulan\u0131r.<\/p>\n<p data-start=\"343\" data-end=\"591\">Y\u00fcz\u00fc\u011f\u00fcn g\u00f6vdesinde kullan\u0131lan siyah mine detay, alt\u0131n\u0131n s\u0131cak tonuyla g\u00fc\u00e7l\u00fc bir kontrast olu\u015fturarak tasar\u0131ma modern ve sofistike bir karakter kazand\u0131r\u0131r. Alt\u0131n y\u00fczeyin parlakl\u0131\u011f\u0131, ta\u015flar\u0131n \u0131\u015f\u0131lt\u0131s\u0131yla birle\u015ferek etkileyici bir g\u00f6r\u00fcn\u00fcm sunar.<\/p>\n<p data-start=\"593\" data-end=\"750\">Hem klasik hem \u00e7a\u011fda\u015f stilin dengeli bir yans\u0131mas\u0131 olan bu y\u00fcz\u00fck, \u00f6zel g\u00fcnler i\u00e7in zarif bir tercih oldu\u011fu kadar g\u00fcnl\u00fck \u015f\u0131kl\u0131\u011fa da g\u00fc\u00e7l\u00fc bir dokunu\u015f katar.<\/p>","protected":false},"excerpt":{"rendered":"<ul>\n<li>18 Ayar Alt\u0131n<\/li>\n<li>0.11 ct P\u0131rlanta<\/li>\n<li>1.00 ct Avustralya Safir<\/li>\n<\/ul>","protected":false},"featured_media":42805,"comment_status":"open","ping_status":"closed","template":"","meta":[],"product_brand":[],"product_cat":[269,242,76],"product_tag":[1147,1143,1138,1145,1149,1151,1148,1146,1144,1150,1134,1137],"class_list":{"0":"post-37003","1":"product","2":"type-product","3":"status-publish","4":"has-post-thumbnail","6":"product_cat-gem-world-degerli-tasli-mucevher","7":"product_cat-retro-mucevher-koleksiyonu","8":"product_cat-yuzuk-modelleri","9":"product_tag-australian-sapphire-ring","10":"product_tag-avustralya-safir-yuzuk","11":"product_tag-black-enamel-ring","12":"product_tag-damla-safir-yuzuk","13":"product_tag-dark-sapphire-ring","14":"product_tag-luxury-sapphire-ring","15":"product_tag-pear-sapphire-ring","16":"product_tag-pirlanta-detayli-yuzuk","17":"product_tag-safir-tasli-yuzuk","18":"product_tag-sapphire-diamond-ring","19":"product_tag-siyah-mine-yuzuk","20":"product_tag-tasarim-altin-yuzuk","21":"pa_cinsiyet-kadin","23":"first","24":"instock","25":"sale","26":"shipping-taxable","27":"purchasable","28":"product-type-simple"},"_links":{"self":[{"href":"https:\/\/www.gasia.com.tr\/en\/wp-json\/wp\/v2\/product\/37003","targetHints":{"allow":["GET"]}}],"collection":[{"href":"https:\/\/www.gasia.com.tr\/en\/wp-json\/wp\/v2\/product"}],"about":[{"href":"https:\/\/www.gasia.com.tr\/en\/wp-json\/wp\/v2\/types\/product"}],"replies":[{"embeddable":true,"href":"https:\/\/www.gasia.com.tr\/en\/wp-json\/wp\/v2\/comments?post=37003"}],"version-history":[{"count":3,"href":"https:\/\/www.gasia.com.tr\/en\/wp-json\/wp\/v2\/product\/37003\/revisions"}],"predecessor-version":[{"id":42804,"href":"https:\/\/www.gasia.com.tr\/en\/wp-json\/wp\/v2\/product\/37003\/revisions\/42804"}],"wp:featuredmedia":[{"embeddable":true,"href":"https:\/\/www.gasia.com.tr\/en\/wp-json\/wp\/v2\/media\/42805"}],"wp:attachment":[{"href":"https:\/\/www.gasia.com.tr\/en\/wp-json\/wp\/v2\/media?parent=37003"}],"wp:term":[{"taxonomy":"product_brand","embeddable":true,"href":"https:\/\/www.gasia.com.tr\/en\/wp-json\/wp\/v2\/product_brand?post=37003"},{"taxonomy":"product_cat","embeddable":true,"href":"https:\/\/www.gasia.com.tr\/en\/wp-json\/wp\/v2\/product_cat?post=37003"},{"taxonomy":"product_tag","embeddable":true,"href":"https:\/\/www.gasia.com.tr\/en\/wp-json\/wp\/v2\/product_tag?post=37003"}],"curies":[{"name":"wp","href":"https:\/\/api.w.org\/{rel}","templated":true}]}}