{"id":37007,"date":"2026-02-11T00:00:00","date_gmt":"2026-02-10T21:00:00","guid":{"rendered":"https:\/\/www.gasia.com.tr\/?post_type=product&#038;p=37007"},"modified":"2026-03-27T09:00:42","modified_gmt":"2026-03-27T06:00:42","slug":"tanzanit-tasli-turkuaz-mineli-altin-yuzuk","status":"publish","type":"product","link":"https:\/\/www.gasia.com.tr\/en\/collections\/tanzanit-tasli-turkuaz-mineli-altin-yuzuk\/","title":{"rendered":"Tanzanit Ta\u015fl\u0131 Turkuaz Mineli Alt\u0131n Y\u00fcz\u00fck"},"content":{"rendered":"<p>Turkuaz mine y\u00fczey \u00fczerine yerle\u015ftirilen merkez tanzanit ta\u015f\u0131 ve \u00e7evresindeki p\u0131rlanta detaylar\u0131yla tasarlanan bu alt\u0131n y\u00fcz\u00fck, g\u00fc\u00e7l\u00fc ve modern bir stil sunar. Geni\u015f formu ve canl\u0131 renk kontrast\u0131yla dikkat \u00e7ekici bir tasar\u0131m m\u00fccevherdir.<\/p>\n<p><span class=\"css-1jxf684 r-bcqeeo r-1ttztb7 r-qvutc0 r-poiln3 r-b88u0q r-1x3r274\"><span class=\"css-1jxf684 r-bcqeeo r-1ttztb7 r-qvutc0 r-poiln3\"><span class=\"css-1jxf684 r-bcqeeo r-1ttztb7 r-qvutc0 r-poiln3 r-1x3r274\">Tanzanit ta\u015f\u0131<\/span><\/span><\/span><span class=\"css-1jxf684 r-bcqeeo r-1ttztb7 r-qvutc0 r-poiln3 r-1x3r274\"><span class=\"css-1jxf684 r-bcqeeo r-1ttztb7 r-qvutc0 r-poiln3\">, m\u00fccevher d\u00fcnyas\u0131n\u0131n en b\u00fcy\u00fcleyici ve nadir bulunan de\u011ferli ta\u015flar\u0131ndan biri.<\/span><span class=\"css-1jxf684 r-bcqeeo r-1ttztb7 r-qvutc0 r-poiln3\">\u00a0Sadece\u00a0<\/span><\/span><span class=\"css-1jxf684 r-bcqeeo r-1ttztb7 r-qvutc0 r-poiln3 r-b88u0q r-1x3r274\"><span class=\"css-1jxf684 r-bcqeeo r-1ttztb7 r-qvutc0 r-poiln3\"><span class=\"css-1jxf684 r-bcqeeo r-1ttztb7 r-qvutc0 r-poiln3 r-1x3r274\">Tanzanya<\/span><\/span><\/span><span class=\"css-1jxf684 r-bcqeeo r-1ttztb7 r-qvutc0 r-poiln3 r-1x3r274\"><span class=\"css-1jxf684 r-bcqeeo r-1ttztb7 r-qvutc0 r-poiln3\">\u2018da (Kilimanjaro Da\u011f\u0131 yak\u0131nlar\u0131ndaki Merelani Tepeleri\u2019nde) bulunan bu ta\u015f, d\u00fcnya \u00fczerinde ba\u015fka hi\u00e7bir yerde do\u011fal olarak \u00e7\u0131kar\u0131lm\u0131yor. Bu y\u00fczden \u201cd\u00fcnyan\u0131n en nadir ta\u015flar\u0131ndan\u201d biri olarak kabul ediliyor ve rezervlerin 15-20 y\u0131l i\u00e7inde t\u00fckenmesi bekleniyor.Bir tanesinin sizin olmas\u0131n\u0131 istemez misiniz.<\/span><\/span><\/p>","protected":false},"excerpt":{"rendered":"<ul>\n<li>14 Ayar Alt\u0131n<\/li>\n<li>0.15 ct P\u0131rlanta<\/li>\n<li>1.87 ct Tanzanite<\/li>\n<li>16 mm geni\u015flik<\/li>\n<\/ul>","protected":false},"featured_media":39609,"comment_status":"open","ping_status":"closed","template":"","meta":[],"product_brand":[],"product_cat":[269,260,242,76],"product_tag":[],"class_list":{"0":"post-37007","1":"product","2":"type-product","3":"status-publish","4":"has-post-thumbnail","6":"product_cat-gem-world-degerli-tasli-mucevher","7":"product_cat-kadin","8":"product_cat-retro-mucevher-koleksiyonu","9":"product_cat-yuzuk-modelleri","10":"pa_cinsiyet-kadin","12":"first","13":"instock","14":"shipping-taxable","15":"purchasable","16":"product-type-simple"},"_links":{"self":[{"href":"https:\/\/www.gasia.com.tr\/en\/wp-json\/wp\/v2\/product\/37007","targetHints":{"allow":["GET"]}}],"collection":[{"href":"https:\/\/www.gasia.com.tr\/en\/wp-json\/wp\/v2\/product"}],"about":[{"href":"https:\/\/www.gasia.com.tr\/en\/wp-json\/wp\/v2\/types\/product"}],"replies":[{"embeddable":true,"href":"https:\/\/www.gasia.com.tr\/en\/wp-json\/wp\/v2\/comments?post=37007"}],"version-history":[{"count":2,"href":"https:\/\/www.gasia.com.tr\/en\/wp-json\/wp\/v2\/product\/37007\/revisions"}],"predecessor-version":[{"id":39612,"href":"https:\/\/www.gasia.com.tr\/en\/wp-json\/wp\/v2\/product\/37007\/revisions\/39612"}],"wp:featuredmedia":[{"embeddable":true,"href":"https:\/\/www.gasia.com.tr\/en\/wp-json\/wp\/v2\/media\/39609"}],"wp:attachment":[{"href":"https:\/\/www.gasia.com.tr\/en\/wp-json\/wp\/v2\/media?parent=37007"}],"wp:term":[{"taxonomy":"product_brand","embeddable":true,"href":"https:\/\/www.gasia.com.tr\/en\/wp-json\/wp\/v2\/product_brand?post=37007"},{"taxonomy":"product_cat","embeddable":true,"href":"https:\/\/www.gasia.com.tr\/en\/wp-json\/wp\/v2\/product_cat?post=37007"},{"taxonomy":"product_tag","embeddable":true,"href":"https:\/\/www.gasia.com.tr\/en\/wp-json\/wp\/v2\/product_tag?post=37007"}],"curies":[{"name":"wp","href":"https:\/\/api.w.org\/{rel}","templated":true}]}}