{"id":37016,"date":"2026-01-12T21:00:22","date_gmt":"2026-01-12T18:00:22","guid":{"rendered":"https:\/\/www.gasia.com.tr\/?post_type=product&#038;p=37016"},"modified":"2026-04-11T23:36:54","modified_gmt":"2026-04-11T20:36:54","slug":"baget-pirlanta-detayli-mineli-tasarim-altin-yuzuk","status":"publish","type":"product","link":"https:\/\/www.gasia.com.tr\/en\/collections\/baget-pirlanta-detayli-mineli-tasarim-altin-yuzuk\/","title":{"rendered":"Baget P\u0131rlanta Detayl\u0131 Mineli Tasar\u0131m Alt\u0131n Y\u00fcz\u00fck"},"content":{"rendered":"<p data-start=\"104\" data-end=\"202\">Modern \u00e7izgilerle \u015fekillenen bu \u00f6zel y\u00fcz\u00fck, g\u00fc\u00e7l\u00fc formu ve dikkat \u00e7ekici detaylar\u0131yla \u00f6ne \u00e7\u0131kar.<\/p>\n<p data-start=\"204\" data-end=\"452\">\u00dcst y\u00fczeyde yer alan baget kesim p\u0131rlanta, \u00e7evresindeki ta\u015flarla birlikte \u0131\u015f\u0131\u011f\u0131 etkileyici bir \u015fekilde yans\u0131t\u0131rken; g\u00f6vde \u00fczerindeki mine detay\u0131 tasar\u0131ma farkl\u0131 bir karakter kazand\u0131r\u0131r. Geni\u015f bant formu, y\u00fcz\u00fc\u011fe iddial\u0131 ve dengeli bir duru\u015f sunar.<\/p>\n<p data-start=\"454\" data-end=\"627\">G\u00fcnl\u00fck stilinize g\u00fc\u00e7l\u00fc bir dokunu\u015f katmak ya da \u00f6zel kombinlerinizi tamamlamak i\u00e7in tercih edilebilecek bu par\u00e7a, modern m\u00fccevher anlay\u0131\u015f\u0131n\u0131 yans\u0131tan \u00f6zg\u00fcn bir tasar\u0131md\u0131r.<\/p>","protected":false},"excerpt":{"rendered":"<ul>\n<li>18 Ayar Alt\u0131n<\/li>\n<li>0.40 ct Baget kesim P\u0131rlanta<\/li>\n<li>0.17 ct P\u0131rlanta<\/li>\n<li>10.5 mm geni\u015flik<\/li>\n<\/ul>","protected":false},"featured_media":41898,"comment_status":"open","ping_status":"closed","template":"","meta":[],"product_brand":[77,2718],"product_cat":[260,242,76],"product_tag":[289,573,522,565,654,2852,717,577,3184,335,450,340],"class_list":{"0":"post-37016","1":"product","2":"type-product","3":"status-publish","4":"has-post-thumbnail","6":"product_brand-gasia","7":"product_brand-gasia-casuals","8":"product_cat-kadin","9":"product_cat-retro-mucevher-koleksiyonu","10":"product_cat-yuzuk-modelleri","11":"product_tag-altin-yuzuk","12":"product_tag-baget-yuzuk","13":"product_tag-baguette-ring","14":"product_tag-designer-ring","15":"product_tag-diamond-ring","16":"product_tag-enamel-ring","17":"product_tag-genis-yuzuk","18":"product_tag-gold-ring","19":"product_tag-mine-yuzuk","20":"product_tag-pirlanta-yuzuk","21":"product_tag-statement-ring","22":"product_tag-tasarim-yuzuk","23":"pa_cinsiyet-kadin","25":"first","26":"instock","27":"shipping-taxable","28":"purchasable","29":"product-type-simple"},"_links":{"self":[{"href":"https:\/\/www.gasia.com.tr\/en\/wp-json\/wp\/v2\/product\/37016","targetHints":{"allow":["GET"]}}],"collection":[{"href":"https:\/\/www.gasia.com.tr\/en\/wp-json\/wp\/v2\/product"}],"about":[{"href":"https:\/\/www.gasia.com.tr\/en\/wp-json\/wp\/v2\/types\/product"}],"replies":[{"embeddable":true,"href":"https:\/\/www.gasia.com.tr\/en\/wp-json\/wp\/v2\/comments?post=37016"}],"version-history":[{"count":3,"href":"https:\/\/www.gasia.com.tr\/en\/wp-json\/wp\/v2\/product\/37016\/revisions"}],"predecessor-version":[{"id":41899,"href":"https:\/\/www.gasia.com.tr\/en\/wp-json\/wp\/v2\/product\/37016\/revisions\/41899"}],"wp:featuredmedia":[{"embeddable":true,"href":"https:\/\/www.gasia.com.tr\/en\/wp-json\/wp\/v2\/media\/41898"}],"wp:attachment":[{"href":"https:\/\/www.gasia.com.tr\/en\/wp-json\/wp\/v2\/media?parent=37016"}],"wp:term":[{"taxonomy":"product_brand","embeddable":true,"href":"https:\/\/www.gasia.com.tr\/en\/wp-json\/wp\/v2\/product_brand?post=37016"},{"taxonomy":"product_cat","embeddable":true,"href":"https:\/\/www.gasia.com.tr\/en\/wp-json\/wp\/v2\/product_cat?post=37016"},{"taxonomy":"product_tag","embeddable":true,"href":"https:\/\/www.gasia.com.tr\/en\/wp-json\/wp\/v2\/product_tag?post=37016"}],"curies":[{"name":"wp","href":"https:\/\/api.w.org\/{rel}","templated":true}]}}