{"id":37042,"date":"2026-01-14T23:23:36","date_gmt":"2026-01-14T20:23:36","guid":{"rendered":"https:\/\/www.gasia.com.tr\/?post_type=product&#038;p=37042"},"modified":"2026-04-11T17:14:04","modified_gmt":"2026-04-11T14:14:04","slug":"slice-elmas-ve-sari-pirlanta-tasli-kelebek-tasarim-altin-yuzuk","status":"publish","type":"product","link":"https:\/\/www.gasia.com.tr\/en\/collections\/slice-elmas-ve-sari-pirlanta-tasli-kelebek-tasarim-altin-yuzuk\/","title":{"rendered":"Slice Elmas ve Sar\u0131 P\u0131rlanta Ta\u015fl\u0131 Kelebek Tasar\u0131m Alt\u0131n Y\u00fcz\u00fck"},"content":{"rendered":"<p><span class=\"css-1jxf684 r-bcqeeo r-1ttztb7 r-qvutc0 r-poiln3 r-1adg3ll r-1g7jtus r-1x3r274\"><span class=\"css-1jxf684 r-bcqeeo r-1ttztb7 r-qvutc0 r-poiln3\"><span class=\"css-1jxf684 r-bcqeeo r-1ttztb7 r-qvutc0 r-poiln3 r-b88u0q r-1x3r274\"><span class=\"css-1jxf684 r-bcqeeo r-1ttztb7 r-qvutc0 r-poiln3 r-1x3r274\">Slice p\u0131rlanta<\/span><\/span><span class=\"css-1jxf684 r-bcqeeo r-1ttztb7 r-qvutc0 r-poiln3 r-1x3r274\">\u00a0son y\u0131llarda \u00f6zellikle modern ve alternatif m\u00fccevher tasar\u0131m\u0131nda \u00e7ok pop\u00fcler olan \u00f6zel bir elmas kesim t\u00fcr\u00fcd\u00fcr.<\/span><\/span><\/span><span class=\"css-1jxf684 r-bcqeeo r-1ttztb7 r-qvutc0 r-poiln3 r-1adg3ll r-1g7jtus r-1x3r274\"><span class=\"css-1jxf684 r-bcqeeo r-1ttztb7 r-qvutc0 r-poiln3\"><span class=\"css-1jxf684 r-bcqeeo r-1ttztb7 r-qvutc0 r-poiln3 r-1x3r274\">Geleneksel p\u0131rlanta kesimlerinden tamamen farkl\u0131d\u0131r. Klasik p\u0131rlantalar derin kesilip \u00e7ok say\u0131da fasetle\u00a0 \u0131\u015f\u0131\u011f\u0131 maksimum yans\u0131t\u0131rken, <\/span><span class=\"css-1jxf684 r-bcqeeo r-1ttztb7 r-qvutc0 r-poiln3 r-b88u0q r-1x3r274\"><span class=\"css-1jxf684 r-bcqeeo r-1ttztb7 r-qvutc0 r-poiln3 r-1x3r274\">slice p\u0131rlanta<\/span><\/span><span class=\"css-1jxf684 r-bcqeeo r-1ttztb7 r-qvutc0 r-poiln3 r-1x3r274\"> ise do\u011fal elmas\u0131n ince bir dilim\u00a0 halinde lazerle kesilmesiyle elde edilir.<\/span><\/span><\/span><\/p>\n<div>Klasik p\u0131rlanta m\u00fckemmel parlakl\u0131k\u00a0 istiyorsa, slice p\u0131rlanta ben farkl\u0131y\u0131m ve do\u011fan\u0131n ham g\u00fczelli\u011fini seviyorum diyenlerin tercihi diyebiliriz<\/div>","protected":false},"excerpt":{"rendered":"<div>\n<ul>\n<li>18 Ayar Alt\u0131n<\/li>\n<li>3.37 ct Slice kesim P\u0131rlanta<\/li>\n<li>0.80 ct P\u0131rlanta<\/li>\n<li>0,04 ct Yakut<\/li>\n<\/ul>\n<\/div>","protected":false},"featured_media":41872,"comment_status":"open","ping_status":"closed","template":"","meta":[],"product_brand":[77],"product_cat":[260,76],"product_tag":[289,3294,565,654,1655,577,3293,3297,335,3295,3292,3291,340,3296],"class_list":{"0":"post-37042","1":"product","2":"type-product","3":"status-publish","4":"has-post-thumbnail","6":"product_brand-gasia","7":"product_cat-kadin","8":"product_cat-yuzuk-modelleri","9":"product_tag-altin-yuzuk","10":"product_tag-butterfly-ring","11":"product_tag-designer-ring","12":"product_tag-diamond-ring","13":"product_tag-fine-jewelry","14":"product_tag-gold-ring","15":"product_tag-kelebek-yuzuk","16":"product_tag-luks-mucevher","17":"product_tag-pirlanta-yuzuk","18":"product_tag-sari-pirlanta","19":"product_tag-slice-diamond-ring","20":"product_tag-slice-elmas-yuzuk","21":"product_tag-tasarim-yuzuk","22":"product_tag-yellow-diamond","23":"pa_cinsiyet-kadin","25":"first","26":"instock","27":"sold-individually","28":"shipping-taxable","29":"purchasable","30":"product-type-simple"},"_links":{"self":[{"href":"https:\/\/www.gasia.com.tr\/en\/wp-json\/wp\/v2\/product\/37042","targetHints":{"allow":["GET"]}}],"collection":[{"href":"https:\/\/www.gasia.com.tr\/en\/wp-json\/wp\/v2\/product"}],"about":[{"href":"https:\/\/www.gasia.com.tr\/en\/wp-json\/wp\/v2\/types\/product"}],"replies":[{"embeddable":true,"href":"https:\/\/www.gasia.com.tr\/en\/wp-json\/wp\/v2\/comments?post=37042"}],"version-history":[{"count":3,"href":"https:\/\/www.gasia.com.tr\/en\/wp-json\/wp\/v2\/product\/37042\/revisions"}],"predecessor-version":[{"id":41873,"href":"https:\/\/www.gasia.com.tr\/en\/wp-json\/wp\/v2\/product\/37042\/revisions\/41873"}],"wp:featuredmedia":[{"embeddable":true,"href":"https:\/\/www.gasia.com.tr\/en\/wp-json\/wp\/v2\/media\/41872"}],"wp:attachment":[{"href":"https:\/\/www.gasia.com.tr\/en\/wp-json\/wp\/v2\/media?parent=37042"}],"wp:term":[{"taxonomy":"product_brand","embeddable":true,"href":"https:\/\/www.gasia.com.tr\/en\/wp-json\/wp\/v2\/product_brand?post=37042"},{"taxonomy":"product_cat","embeddable":true,"href":"https:\/\/www.gasia.com.tr\/en\/wp-json\/wp\/v2\/product_cat?post=37042"},{"taxonomy":"product_tag","embeddable":true,"href":"https:\/\/www.gasia.com.tr\/en\/wp-json\/wp\/v2\/product_tag?post=37042"}],"curies":[{"name":"wp","href":"https:\/\/api.w.org\/{rel}","templated":true}]}}