{"id":37045,"date":"2026-01-14T23:24:32","date_gmt":"2026-01-14T20:24:32","guid":{"rendered":"https:\/\/www.gasia.com.tr\/?post_type=product&#038;p=37045"},"modified":"2026-04-11T23:25:39","modified_gmt":"2026-04-11T20:25:39","slug":"kuru-kafa-motifli-pirlanta-detayli-tasarim-altin-yuzuk","status":"publish","type":"product","link":"https:\/\/www.gasia.com.tr\/en\/collections\/kuru-kafa-motifli-pirlanta-detayli-tasarim-altin-yuzuk\/","title":{"rendered":"Kuru Kafa Motifli P\u0131rlanta Detayl\u0131 Tasar\u0131m Alt\u0131n Y\u00fcz\u00fck"},"content":{"rendered":"<p data-start=\"209\" data-end=\"338\">Cesur ve karakter sahibi tasar\u0131mlardan ilham alan bu \u00f6zel y\u00fcz\u00fck, klasik m\u00fccevher anlay\u0131\u015f\u0131n\u0131n d\u0131\u015f\u0131na \u00e7\u0131kan g\u00fc\u00e7l\u00fc bir stil sunar.<\/p>\n<p data-start=\"340\" data-end=\"594\">Merkezde yer alan kuru kafa motifi, y\u00fcz\u00fc\u011fe ikonik ve dikkat \u00e7ekici bir kimlik kazand\u0131r\u0131rken; etraf\u0131n\u0131 saran p\u0131rlanta detaylar tasar\u0131ma sofistike bir \u0131\u015f\u0131lt\u0131 ekler. \u00c7ift bantl\u0131 form, y\u00fcz\u00fc\u011fe hacim ve modern bir yap\u0131 kazand\u0131rarak g\u00fc\u00e7l\u00fc duru\u015funu peki\u015ftirir.<\/p>\n<p data-start=\"596\" data-end=\"729\">S\u0131radan\u0131n \u00f6tesinde bir stil arayanlar i\u00e7in tasarlanan bu par\u00e7a, tek ba\u015f\u0131na t\u00fcm g\u00f6r\u00fcn\u00fcm\u00fc tamamlayan iddial\u0131 bir imza niteli\u011findedir.<\/p>","protected":false},"excerpt":{"rendered":"<ul>\n<li>18 Ayar Alt\u0131n<\/li>\n<li>1.08 ct Siyah P\u0131rlanta<\/li>\n<li>0.08 ct Beyaz P\u0131rlanta<\/li>\n<\/ul>","protected":false},"featured_media":41896,"comment_status":"open","ping_status":"closed","template":"","meta":[],"product_brand":[2718],"product_cat":[260,76],"product_tag":[289,565,654,577,465,453,452,521,335,460,450,340],"class_list":{"0":"post-37045","1":"product","2":"type-product","3":"status-publish","4":"has-post-thumbnail","6":"product_brand-gasia-casuals","7":"product_cat-kadin","8":"product_cat-yuzuk-modelleri","9":"product_tag-altin-yuzuk","10":"product_tag-designer-ring","11":"product_tag-diamond-ring","12":"product_tag-gold-ring","13":"product_tag-gothic-jewelry","14":"product_tag-gotik-yuzuk","15":"product_tag-kuru-kafa-yuzuk","16":"product_tag-modern-yuzuk","17":"product_tag-pirlanta-yuzuk","18":"product_tag-skull-ring","19":"product_tag-statement-ring","20":"product_tag-tasarim-yuzuk","21":"pa_cinsiyet-kadin","23":"first","24":"instock","25":"sale","26":"shipping-taxable","27":"purchasable","28":"product-type-simple"},"_links":{"self":[{"href":"https:\/\/www.gasia.com.tr\/en\/wp-json\/wp\/v2\/product\/37045","targetHints":{"allow":["GET"]}}],"collection":[{"href":"https:\/\/www.gasia.com.tr\/en\/wp-json\/wp\/v2\/product"}],"about":[{"href":"https:\/\/www.gasia.com.tr\/en\/wp-json\/wp\/v2\/types\/product"}],"replies":[{"embeddable":true,"href":"https:\/\/www.gasia.com.tr\/en\/wp-json\/wp\/v2\/comments?post=37045"}],"version-history":[{"count":3,"href":"https:\/\/www.gasia.com.tr\/en\/wp-json\/wp\/v2\/product\/37045\/revisions"}],"predecessor-version":[{"id":41897,"href":"https:\/\/www.gasia.com.tr\/en\/wp-json\/wp\/v2\/product\/37045\/revisions\/41897"}],"wp:featuredmedia":[{"embeddable":true,"href":"https:\/\/www.gasia.com.tr\/en\/wp-json\/wp\/v2\/media\/41896"}],"wp:attachment":[{"href":"https:\/\/www.gasia.com.tr\/en\/wp-json\/wp\/v2\/media?parent=37045"}],"wp:term":[{"taxonomy":"product_brand","embeddable":true,"href":"https:\/\/www.gasia.com.tr\/en\/wp-json\/wp\/v2\/product_brand?post=37045"},{"taxonomy":"product_cat","embeddable":true,"href":"https:\/\/www.gasia.com.tr\/en\/wp-json\/wp\/v2\/product_cat?post=37045"},{"taxonomy":"product_tag","embeddable":true,"href":"https:\/\/www.gasia.com.tr\/en\/wp-json\/wp\/v2\/product_tag?post=37045"}],"curies":[{"name":"wp","href":"https:\/\/api.w.org\/{rel}","templated":true}]}}