{"id":37266,"date":"2026-03-16T00:00:00","date_gmt":"2026-03-15T21:00:00","guid":{"rendered":"https:\/\/www.gasia.com.tr\/?post_type=product&#038;p=37266"},"modified":"2026-03-30T17:17:49","modified_gmt":"2026-03-30T14:17:49","slug":"tugce-pirlanta-detayli-altin-halka-kupe","status":"publish","type":"product","link":"https:\/\/www.gasia.com.tr\/en\/collections\/tugce-pirlanta-detayli-altin-halka-kupe\/","title":{"rendered":"Tu\u011f\u00e7e , P\u0131rlanta Detayl\u0131 Alt\u0131n Halka K\u00fcpe"},"content":{"rendered":"<p data-start=\"100\" data-end=\"325\">Parlak alt\u0131n y\u00fczeyi ve \u00f6zenle yerle\u015ftirilmi\u015f p\u0131rlanta detaylar\u0131yla tasarlanan Tu\u011f\u00e7e k\u00fcpe, sade formuna ra\u011fmen g\u00fc\u00e7l\u00fc bir etki yarat\u0131r. Y\u00fczey \u00fczerindeki ta\u015f yerle\u015fimi, \u0131\u015f\u0131\u011f\u0131 farkl\u0131 a\u00e7\u0131lardan yans\u0131tarak zarif bir \u0131\u015f\u0131lt\u0131 sunar.<\/p>\n<p data-start=\"327\" data-end=\"589\" data-is-last-node=\"\" data-is-only-node=\"\">\u0130\u00e7 k\u0131sm\u0131ndaki dokulu y\u00fczey detay\u0131 tasar\u0131ma incelik katarken, konforlu yap\u0131s\u0131 g\u00fcnl\u00fck kullan\u0131m i\u00e7in ideal bir deneyim sa\u011flar. Hem g\u00fcndelik stiline \u015f\u0131k bir dokunu\u015f eklemek hem de \u00f6zel anlar\u0131nda zarif bir tamamlay\u0131c\u0131 kullanmak isteyenler i\u00e7in \u00f6ne \u00e7\u0131kan bir par\u00e7ad\u0131r.<\/p>\n<p>&nbsp;<\/p>","protected":false},"excerpt":{"rendered":"<ul>\n<li>14 Ayar Alt\u0131n<\/li>\n<li>0.19 ct P\u0131rlanta<\/li>\n<\/ul>","protected":false},"featured_media":41112,"comment_status":"open","ping_status":"closed","template":"","meta":[],"product_brand":[],"product_cat":[260,74],"product_tag":[1713,2909,1715,1595,1791,1655,1594,1526,1543,1768,1769,395,1721,1564,742,392,374,375,813,378],"class_list":{"0":"post-37266","1":"product","2":"type-product","3":"status-publish","4":"has-post-thumbnail","6":"product_cat-kadin","7":"product_cat-kupe-modelleri","8":"product_tag-altin-kupe","9":"product_tag-classic-jewelry","10":"product_tag-diamond-earrings","11":"product_tag-elegant-earrings","12":"product_tag-everyday-earrings","13":"product_tag-fine-jewelry","14":"product_tag-gemstone-earrings","15":"product_tag-gold-hoop-earrings","16":"product_tag-gunluk-kupe","17":"product_tag-halka-kupe","18":"product_tag-hoop-earrings","19":"product_tag-kadin-kupe","20":"product_tag-klasik-kupe","21":"product_tag-luxury-earrings","22":"product_tag-modern-jewelry","23":"product_tag-modern-kupe","24":"product_tag-pirlanta-kupe","25":"product_tag-sik-kupe","26":"product_tag-tasli-kupe","27":"product_tag-zarif-kupe","28":"pa_cinsiyet-kadin","30":"first","31":"instock","32":"shipping-taxable","33":"purchasable","34":"product-type-simple"},"_links":{"self":[{"href":"https:\/\/www.gasia.com.tr\/en\/wp-json\/wp\/v2\/product\/37266","targetHints":{"allow":["GET"]}}],"collection":[{"href":"https:\/\/www.gasia.com.tr\/en\/wp-json\/wp\/v2\/product"}],"about":[{"href":"https:\/\/www.gasia.com.tr\/en\/wp-json\/wp\/v2\/types\/product"}],"replies":[{"embeddable":true,"href":"https:\/\/www.gasia.com.tr\/en\/wp-json\/wp\/v2\/comments?post=37266"}],"version-history":[{"count":2,"href":"https:\/\/www.gasia.com.tr\/en\/wp-json\/wp\/v2\/product\/37266\/revisions"}],"predecessor-version":[{"id":41113,"href":"https:\/\/www.gasia.com.tr\/en\/wp-json\/wp\/v2\/product\/37266\/revisions\/41113"}],"wp:featuredmedia":[{"embeddable":true,"href":"https:\/\/www.gasia.com.tr\/en\/wp-json\/wp\/v2\/media\/41112"}],"wp:attachment":[{"href":"https:\/\/www.gasia.com.tr\/en\/wp-json\/wp\/v2\/media?parent=37266"}],"wp:term":[{"taxonomy":"product_brand","embeddable":true,"href":"https:\/\/www.gasia.com.tr\/en\/wp-json\/wp\/v2\/product_brand?post=37266"},{"taxonomy":"product_cat","embeddable":true,"href":"https:\/\/www.gasia.com.tr\/en\/wp-json\/wp\/v2\/product_cat?post=37266"},{"taxonomy":"product_tag","embeddable":true,"href":"https:\/\/www.gasia.com.tr\/en\/wp-json\/wp\/v2\/product_tag?post=37266"}],"curies":[{"name":"wp","href":"https:\/\/api.w.org\/{rel}","templated":true}]}}