{"id":37287,"date":"2026-05-04T15:42:09","date_gmt":"2026-05-04T12:42:09","guid":{"rendered":"https:\/\/www.gasia.com.tr\/?post_type=product&#038;p=37287"},"modified":"2026-05-04T22:43:46","modified_gmt":"2026-05-04T19:43:46","slug":"pirlanta-detayli-spiral-tasarim-altin-yuzuk","status":"publish","type":"product","link":"https:\/\/www.gasia.com.tr\/en\/collections\/pirlanta-detayli-spiral-tasarim-altin-yuzuk\/","title":{"rendered":"P\u0131rlanta Detayl\u0131 Spiral Tasar\u0131m Alt\u0131n Y\u00fcz\u00fck"},"content":{"rendered":"<p>Modern ve ak\u0131\u015fkan formuyla dikkat \u00e7eken bu sarmal y\u00fcz\u00fck, tek par\u00e7a spiral tasar\u0131m\u0131yla parmakta zarif bir hareket yarat\u0131r. Dokulu alt\u0131n y\u00fczey, \u0131\u015f\u0131\u011f\u0131 farkl\u0131 a\u00e7\u0131lardan yans\u0131tarak canl\u0131 bir g\u00f6r\u00fcn\u00fcm sunarken, k\u00fc\u00e7\u00fck p\u0131rlanta detay\u0131 tasar\u0131ma sade bir \u0131\u015f\u0131lt\u0131 katar. Ayarlanabilir yap\u0131s\u0131 sayesinde farkl\u0131 \u00f6l\u00e7\u00fclere uyum sa\u011flayan bu y\u00fcz\u00fck, g\u00fcnl\u00fck kullan\u0131mda konfor ve \u015f\u0131kl\u0131\u011f\u0131 bir arada sunar. Minimal ama karakterli bir stil arayanlar i\u00e7in g\u00fc\u00e7l\u00fc bir tamamlay\u0131c\u0131d\u0131r.<\/p>","protected":false},"excerpt":{"rendered":"<ul>\n<li>14 Ayar Alt\u0131n<\/li>\n<li>0.02 ct P\u0131rlanta<\/li>\n<\/ul>","protected":false},"featured_media":43360,"comment_status":"open","ping_status":"closed","template":"","meta":[],"product_brand":[2718],"product_cat":[260,76],"product_tag":[995,289,3959,527,650,577,574,518,576,742,521,3517,3957,3958],"class_list":{"0":"post-37287","1":"product","2":"type-product","3":"status-publish","4":"has-post-thumbnail","6":"product_brand-gasia-casuals","7":"product_cat-kadin","8":"product_cat-yuzuk-modelleri","9":"product_tag-adjustable-ring","10":"product_tag-altin-yuzuk","11":"product_tag-ayarlanabilir-yuzuk","12":"product_tag-delicate-ring","13":"product_tag-diamond-detail-ring","14":"product_tag-gold-ring","15":"product_tag-ince-yuzuk","16":"product_tag-minimal-yuzuk","17":"product_tag-minimalist-ring","18":"product_tag-modern-jewelry","19":"product_tag-modern-yuzuk","20":"product_tag-pirlanta-detay-yuzuk","21":"product_tag-sarmal-yuzuk","22":"product_tag-spiral-ring","23":"pa_cinsiyet-kadin","25":"first","26":"instock","27":"shipping-taxable","28":"purchasable","29":"product-type-simple"},"_links":{"self":[{"href":"https:\/\/www.gasia.com.tr\/en\/wp-json\/wp\/v2\/product\/37287","targetHints":{"allow":["GET"]}}],"collection":[{"href":"https:\/\/www.gasia.com.tr\/en\/wp-json\/wp\/v2\/product"}],"about":[{"href":"https:\/\/www.gasia.com.tr\/en\/wp-json\/wp\/v2\/types\/product"}],"replies":[{"embeddable":true,"href":"https:\/\/www.gasia.com.tr\/en\/wp-json\/wp\/v2\/comments?post=37287"}],"version-history":[{"count":3,"href":"https:\/\/www.gasia.com.tr\/en\/wp-json\/wp\/v2\/product\/37287\/revisions"}],"predecessor-version":[{"id":43361,"href":"https:\/\/www.gasia.com.tr\/en\/wp-json\/wp\/v2\/product\/37287\/revisions\/43361"}],"wp:featuredmedia":[{"embeddable":true,"href":"https:\/\/www.gasia.com.tr\/en\/wp-json\/wp\/v2\/media\/43360"}],"wp:attachment":[{"href":"https:\/\/www.gasia.com.tr\/en\/wp-json\/wp\/v2\/media?parent=37287"}],"wp:term":[{"taxonomy":"product_brand","embeddable":true,"href":"https:\/\/www.gasia.com.tr\/en\/wp-json\/wp\/v2\/product_brand?post=37287"},{"taxonomy":"product_cat","embeddable":true,"href":"https:\/\/www.gasia.com.tr\/en\/wp-json\/wp\/v2\/product_cat?post=37287"},{"taxonomy":"product_tag","embeddable":true,"href":"https:\/\/www.gasia.com.tr\/en\/wp-json\/wp\/v2\/product_tag?post=37287"}],"curies":[{"name":"wp","href":"https:\/\/api.w.org\/{rel}","templated":true}]}}