{"id":37343,"date":"2026-03-18T00:00:00","date_gmt":"2026-03-17T21:00:00","guid":{"rendered":"https:\/\/www.gasia.com.tr\/?post_type=product&#038;p=37343"},"modified":"2026-03-26T17:50:27","modified_gmt":"2026-03-26T14:50:27","slug":"nazar-boncugu-detayli-geometrik-altin-bileklik","status":"publish","type":"product","link":"https:\/\/www.gasia.com.tr\/en\/collections\/nazar-boncugu-detayli-geometrik-altin-bileklik\/","title":{"rendered":"Nazar Boncu\u011fu Detayl\u0131 Geometrik Alt\u0131n Bileklik"},"content":{"rendered":"<p>Geometrik formda s\u0131ralanan alt\u0131n detaylar ve aralar\u0131na yerle\u015ftirilmi\u015f nazar boncu\u011fu motifleriyle dikkat \u00e7eken bu bileklik, hem modern hem de anlam y\u00fckl\u00fc bir tasar\u0131m sunar. \u0130nce zincir yap\u0131s\u0131 sayesinde zarif bir duru\u015f sergilerken, g\u00fcnl\u00fck kullan\u0131mdan \u00f6zel kombinlere kadar her stile kolayca uyum sa\u011flar. \u015eans ve koruma sembol\u00fcn\u00fc estetik bir \u00e7izgide ta\u015f\u0131yan bu par\u00e7a, stiline karakter katmak isteyenler i\u00e7in ideal bir se\u00e7imdir.<\/p>","protected":false},"excerpt":{"rendered":"<ul>\n<li>14 Ayar Alt\u0131n<\/li>\n<li>16.0 cm \/ 17.5 cm ayarlanabilir uzunluk<\/li>\n<\/ul>","protected":false},"featured_media":40851,"comment_status":"open","ping_status":"closed","template":"","meta":[],"product_brand":[],"product_cat":[73,247,260,210,198],"product_tag":[504,2240,429,417,508,506,2772,794,2769,2770,365,2771,426,363,742,407,434,739,1803,1083],"class_list":{"0":"post-37343","1":"product","2":"type-product","3":"status-publish","4":"has-post-thumbnail","6":"product_cat-altin-pirlanta-bileklik","7":"product_cat-hediyelik","8":"product_cat-kadin","9":"product_cat-love-you-koleksiyonu","10":"product_cat-eye-collection","11":"product_tag-altin-bileklik","12":"product_tag-delicate-bracelet","13":"product_tag-everyday-jewelry","14":"product_tag-evil-eye-bracelet","15":"product_tag-geometric-bracelet","16":"product_tag-geometrik-bileklik","17":"product_tag-gift-bracelet","18":"product_tag-gold-bracelet","19":"product_tag-gunluk-taki","20":"product_tag-hediye-bileklik","21":"product_tag-kadin-bileklik","22":"product_tag-lucky-bracelet","23":"product_tag-minimalist-bracelet","24":"product_tag-modern-bileklik","25":"product_tag-modern-jewelry","26":"product_tag-nazar-bileklik","27":"product_tag-nazar-boncugu-bileklik","28":"product_tag-sans-bilekligi","29":"product_tag-women-bracelet","30":"product_tag-zarif-bileklik","31":"pa_cinsiyet-kadin","33":"first","34":"instock","35":"sale","36":"shipping-taxable","37":"purchasable","38":"product-type-simple"},"_links":{"self":[{"href":"https:\/\/www.gasia.com.tr\/en\/wp-json\/wp\/v2\/product\/37343","targetHints":{"allow":["GET"]}}],"collection":[{"href":"https:\/\/www.gasia.com.tr\/en\/wp-json\/wp\/v2\/product"}],"about":[{"href":"https:\/\/www.gasia.com.tr\/en\/wp-json\/wp\/v2\/types\/product"}],"replies":[{"embeddable":true,"href":"https:\/\/www.gasia.com.tr\/en\/wp-json\/wp\/v2\/comments?post=37343"}],"version-history":[{"count":2,"href":"https:\/\/www.gasia.com.tr\/en\/wp-json\/wp\/v2\/product\/37343\/revisions"}],"predecessor-version":[{"id":40853,"href":"https:\/\/www.gasia.com.tr\/en\/wp-json\/wp\/v2\/product\/37343\/revisions\/40853"}],"wp:featuredmedia":[{"embeddable":true,"href":"https:\/\/www.gasia.com.tr\/en\/wp-json\/wp\/v2\/media\/40851"}],"wp:attachment":[{"href":"https:\/\/www.gasia.com.tr\/en\/wp-json\/wp\/v2\/media?parent=37343"}],"wp:term":[{"taxonomy":"product_brand","embeddable":true,"href":"https:\/\/www.gasia.com.tr\/en\/wp-json\/wp\/v2\/product_brand?post=37343"},{"taxonomy":"product_cat","embeddable":true,"href":"https:\/\/www.gasia.com.tr\/en\/wp-json\/wp\/v2\/product_cat?post=37343"},{"taxonomy":"product_tag","embeddable":true,"href":"https:\/\/www.gasia.com.tr\/en\/wp-json\/wp\/v2\/product_tag?post=37343"}],"curies":[{"name":"wp","href":"https:\/\/api.w.org\/{rel}","templated":true}]}}