{"id":37377,"date":"2026-02-08T11:28:03","date_gmt":"2026-02-08T08:28:03","guid":{"rendered":"https:\/\/www.gasia.com.tr\/?post_type=product&#038;p=37377"},"modified":"2026-02-10T13:07:02","modified_gmt":"2026-02-10T10:07:02","slug":"ok-kalp-kolye","status":"publish","type":"product","link":"https:\/\/www.gasia.com.tr\/en\/collections\/ok-kalp-kolye\/","title":{"rendered":"Sar\u0131 Safirli Ok Kalp Kolye"},"content":{"rendered":"<ul>\n<li>18 Ayar Alt\u0131n<\/li>\n<li>0.31 ct\u00a0 p\u0131rlanta<\/li>\n<li>0.93 ct Sri Lanka Sar\u0131 Safir<\/li>\n<li>42 cm zincir uzunlu\u011fu<\/li>\n<\/ul>","protected":false},"excerpt":{"rendered":"<p>18 Ayar Alt\u0131n 0.31 ct\u00a0 p\u0131rlanta 0.93 ct Sri Lanka Sar\u0131 Safir 42 cm zincir uzunlu\u011fu<\/p>","protected":false},"featured_media":37611,"comment_status":"open","ping_status":"closed","template":"","meta":[],"product_brand":[],"product_cat":[247,260,75,210],"product_tag":[],"class_list":{"0":"post-37377","1":"product","2":"type-product","3":"status-publish","4":"has-post-thumbnail","6":"product_cat-hediyelik","7":"product_cat-kadin","8":"product_cat-kolye","9":"product_cat-love-you-koleksiyonu","10":"pa_cinsiyet-kadin","12":"first","13":"instock","14":"shipping-taxable","15":"purchasable","16":"product-type-simple"},"_links":{"self":[{"href":"https:\/\/www.gasia.com.tr\/en\/wp-json\/wp\/v2\/product\/37377","targetHints":{"allow":["GET"]}}],"collection":[{"href":"https:\/\/www.gasia.com.tr\/en\/wp-json\/wp\/v2\/product"}],"about":[{"href":"https:\/\/www.gasia.com.tr\/en\/wp-json\/wp\/v2\/types\/product"}],"replies":[{"embeddable":true,"href":"https:\/\/www.gasia.com.tr\/en\/wp-json\/wp\/v2\/comments?post=37377"}],"version-history":[{"count":2,"href":"https:\/\/www.gasia.com.tr\/en\/wp-json\/wp\/v2\/product\/37377\/revisions"}],"predecessor-version":[{"id":37860,"href":"https:\/\/www.gasia.com.tr\/en\/wp-json\/wp\/v2\/product\/37377\/revisions\/37860"}],"wp:featuredmedia":[{"embeddable":true,"href":"https:\/\/www.gasia.com.tr\/en\/wp-json\/wp\/v2\/media\/37611"}],"wp:attachment":[{"href":"https:\/\/www.gasia.com.tr\/en\/wp-json\/wp\/v2\/media?parent=37377"}],"wp:term":[{"taxonomy":"product_brand","embeddable":true,"href":"https:\/\/www.gasia.com.tr\/en\/wp-json\/wp\/v2\/product_brand?post=37377"},{"taxonomy":"product_cat","embeddable":true,"href":"https:\/\/www.gasia.com.tr\/en\/wp-json\/wp\/v2\/product_cat?post=37377"},{"taxonomy":"product_tag","embeddable":true,"href":"https:\/\/www.gasia.com.tr\/en\/wp-json\/wp\/v2\/product_tag?post=37377"}],"curies":[{"name":"wp","href":"https:\/\/api.w.org\/{rel}","templated":true}]}}