{"id":37388,"date":"2025-02-05T12:47:03","date_gmt":"2025-02-05T09:47:03","guid":{"rendered":"https:\/\/www.gasia.com.tr\/?post_type=product&#038;p=37388"},"modified":"2026-04-12T18:51:43","modified_gmt":"2026-04-12T15:51:43","slug":"kurukafa-oymali-kol-dugmesi","status":"publish","type":"product","link":"https:\/\/www.gasia.com.tr\/en\/collections\/kurukafa-oymali-kol-dugmesi\/","title":{"rendered":"Kurukafa Oymal\u0131 Kol d\u00fc\u011fmesi"},"content":{"rendered":"<p>G\u00fc\u00e7l\u00fc ve dikkat \u00e7ekici tasar\u0131m\u0131yla \u00f6ne \u00e7\u0131kan bu kol d\u00fc\u011fmesi, kuru kafa motifiyle karakter sahibi bir stil sunar. Detayl\u0131 i\u015flenmi\u015f fig\u00fcr, koyu zemin \u00fczerinde derinlik kazan\u0131rken, etraf\u0131n\u0131 saran ta\u015f \u00e7er\u00e7eve \u0131\u015f\u0131lt\u0131l\u0131 bir kontrast olu\u015fturur. Alt\u0131n tonlu detaylar ve k\u0131vr\u0131ml\u0131 form tasar\u0131ma \u00f6zg\u00fcn bir hava katarken, her a\u00e7\u0131dan dikkat \u00e7eken bir g\u00f6r\u00fcn\u00fcm sa\u011flar. Farkl\u0131 ve iddial\u0131 aksesuar tercih edenler i\u00e7in \u00f6zel olarak tasarlanm\u0131\u015f bu par\u00e7a, klasik kombinlere g\u00fc\u00e7l\u00fc bir dokunu\u015f ekler.<\/p>","protected":false},"excerpt":{"rendered":"<p>G\u00fc\u00e7l\u00fc ve dikkat \u00e7ekici tasar\u0131m\u0131yla \u00f6ne \u00e7\u0131kan bu kol d\u00fc\u011fmesi, kuru kafa motifiyle karakter sahibi bir stil sunar. Detayl\u0131 i\u015flenmi\u015f<\/p>","protected":false},"featured_media":41933,"comment_status":"open","ping_status":"closed","template":"","meta":[],"product_brand":[2957],"product_cat":[168,264,252],"product_tag":[1782,617,3382,3381,3379,3377,1778,3367,1779,3378,3380,3365,3366,3364],"class_list":{"0":"post-37388","1":"product","2":"type-product","3":"status-publish","4":"has-post-thumbnail","6":"product_brand-gasia-for-man","7":"product_cat-for-men","8":"product_cat-gasia-1974-koleksiyonu","9":"product_cat-kol-dugmesi","10":"product_tag-designer-cufflinks","11":"product_tag-erkek-aksesuar","12":"product_tag-gothic-cufflinks","13":"product_tag-gotik-kol-dugmesi","14":"product_tag-kafatasi-kol-dugmesi","15":"product_tag-kuru-kafa-kol-dugmesi","16":"product_tag-men-accessories","17":"product_tag-ozel-tasarim-kol-dugmesi","18":"product_tag-sik-kol-dugmesi","19":"product_tag-skull-cufflinks","20":"product_tag-skull-design-cufflinks","21":"product_tag-stone-cufflinks","22":"product_tag-stylish-cufflinks","23":"product_tag-tasli-kol-dugmesi","24":"pa_cinsiyet-erkek","26":"first","27":"instock","28":"shipping-taxable","29":"product-type-simple"},"_links":{"self":[{"href":"https:\/\/www.gasia.com.tr\/en\/wp-json\/wp\/v2\/product\/37388","targetHints":{"allow":["GET"]}}],"collection":[{"href":"https:\/\/www.gasia.com.tr\/en\/wp-json\/wp\/v2\/product"}],"about":[{"href":"https:\/\/www.gasia.com.tr\/en\/wp-json\/wp\/v2\/types\/product"}],"replies":[{"embeddable":true,"href":"https:\/\/www.gasia.com.tr\/en\/wp-json\/wp\/v2\/comments?post=37388"}],"version-history":[{"count":3,"href":"https:\/\/www.gasia.com.tr\/en\/wp-json\/wp\/v2\/product\/37388\/revisions"}],"predecessor-version":[{"id":41935,"href":"https:\/\/www.gasia.com.tr\/en\/wp-json\/wp\/v2\/product\/37388\/revisions\/41935"}],"wp:featuredmedia":[{"embeddable":true,"href":"https:\/\/www.gasia.com.tr\/en\/wp-json\/wp\/v2\/media\/41933"}],"wp:attachment":[{"href":"https:\/\/www.gasia.com.tr\/en\/wp-json\/wp\/v2\/media?parent=37388"}],"wp:term":[{"taxonomy":"product_brand","embeddable":true,"href":"https:\/\/www.gasia.com.tr\/en\/wp-json\/wp\/v2\/product_brand?post=37388"},{"taxonomy":"product_cat","embeddable":true,"href":"https:\/\/www.gasia.com.tr\/en\/wp-json\/wp\/v2\/product_cat?post=37388"},{"taxonomy":"product_tag","embeddable":true,"href":"https:\/\/www.gasia.com.tr\/en\/wp-json\/wp\/v2\/product_tag?post=37388"}],"curies":[{"name":"wp","href":"https:\/\/api.w.org\/{rel}","templated":true}]}}