{"id":37389,"date":"2026-02-11T00:00:00","date_gmt":"2026-02-10T21:00:00","guid":{"rendered":"https:\/\/www.gasia.com.tr\/?post_type=product&#038;p=37389"},"modified":"2026-03-27T09:00:42","modified_gmt":"2026-03-27T06:00:42","slug":"fleur-de-lis-kolye-2","status":"publish","type":"product","link":"https:\/\/www.gasia.com.tr\/en\/collections\/fleur-de-lis-kolye-2\/","title":{"rendered":"Fleur De Lis Kolye"},"content":{"rendered":"<ul>\n<li>14 Ayar Alt\u0131n<\/li>\n<li>925 Ayar Okside G\u00fcm\u00fc\u015f<\/li>\n<li>0.04 ct Beyaz P\u0131rlanta<\/li>\n<li>0.60 ct Briolette P\u0131rlanta<\/li>\n<li>45 cm zincir uzunlu\u011fu<\/li>\n<\/ul>","protected":false},"excerpt":{"rendered":"<p>Fleur-de-lis\u00a0(zambak\/Frans\u0131z zamba\u011f\u0131) \u015feklinde tasarlanm\u0131\u015f, vintage g\u00f6r\u00fcn\u00fcml\u00fc bir k\u00fcpe. Motif ,\u00a0<em>Orta \u00c7a\u011f<\/em>dan \u00e7ok daha \u00f6nce de g\u00f6r\u00fcl\u00fcr.M\u00d6 3. y\u00fczy\u0131ldan itibaren Mezopotamya, Hindistan ve M\u0131s\u0131r\u2019daki eserlerde benzer zambak motifleri yer al\u0131r.Avrupa\u2019da sembol\u00fcn g\u00fc\u00e7l\u00fc bir kimlik kazanmas\u0131\u00a0Frank Krall\u0131\u011f\u0131\u00a0d\u00f6nemine denk gelir.\u0130lk kez 6. y\u00fczy\u0131lda Kral\u00a0Clovis\u00a0ile ili\u015fkilendirilir.12. y\u00fczy\u0131lda Kral\u00a0VII. Louis, fleur-de-lis\u2019i resm\u00ee kraliyet armas\u0131 h\u00e2line getirir.<\/p>\n<p>Kraliyet ve soyluluk<\/p>\n<p>Safl\u0131k ve masumiyet<\/p>\n<p>G\u00fc\u00e7 ve sadakat<\/p>","protected":false},"featured_media":37624,"comment_status":"open","ping_status":"closed","template":"","meta":[],"product_brand":[],"product_cat":[249,247,260,75],"product_tag":[],"class_list":{"0":"post-37389","1":"product","2":"type-product","3":"status-publish","4":"has-post-thumbnail","6":"product_cat-fleur-de-lis-koleksiyonu","7":"product_cat-hediyelik","8":"product_cat-kadin","9":"product_cat-kolye","10":"pa_cinsiyet-kadin","12":"first","13":"instock","14":"shipping-taxable","15":"purchasable","16":"product-type-simple"},"_links":{"self":[{"href":"https:\/\/www.gasia.com.tr\/en\/wp-json\/wp\/v2\/product\/37389","targetHints":{"allow":["GET"]}}],"collection":[{"href":"https:\/\/www.gasia.com.tr\/en\/wp-json\/wp\/v2\/product"}],"about":[{"href":"https:\/\/www.gasia.com.tr\/en\/wp-json\/wp\/v2\/types\/product"}],"replies":[{"embeddable":true,"href":"https:\/\/www.gasia.com.tr\/en\/wp-json\/wp\/v2\/comments?post=37389"}],"version-history":[{"count":3,"href":"https:\/\/www.gasia.com.tr\/en\/wp-json\/wp\/v2\/product\/37389\/revisions"}],"predecessor-version":[{"id":37939,"href":"https:\/\/www.gasia.com.tr\/en\/wp-json\/wp\/v2\/product\/37389\/revisions\/37939"}],"wp:featuredmedia":[{"embeddable":true,"href":"https:\/\/www.gasia.com.tr\/en\/wp-json\/wp\/v2\/media\/37624"}],"wp:attachment":[{"href":"https:\/\/www.gasia.com.tr\/en\/wp-json\/wp\/v2\/media?parent=37389"}],"wp:term":[{"taxonomy":"product_brand","embeddable":true,"href":"https:\/\/www.gasia.com.tr\/en\/wp-json\/wp\/v2\/product_brand?post=37389"},{"taxonomy":"product_cat","embeddable":true,"href":"https:\/\/www.gasia.com.tr\/en\/wp-json\/wp\/v2\/product_cat?post=37389"},{"taxonomy":"product_tag","embeddable":true,"href":"https:\/\/www.gasia.com.tr\/en\/wp-json\/wp\/v2\/product_tag?post=37389"}],"curies":[{"name":"wp","href":"https:\/\/api.w.org\/{rel}","templated":true}]}}