{"id":37398,"date":"2025-02-05T12:50:00","date_gmt":"2025-02-05T09:50:00","guid":{"rendered":"https:\/\/www.gasia.com.tr\/?post_type=product&#038;p=37398"},"modified":"2026-03-22T20:29:14","modified_gmt":"2026-03-22T17:29:14","slug":"kuru-kafa-motifli-deri-bileklik-pirlanta-detayli","status":"publish","type":"product","link":"https:\/\/www.gasia.com.tr\/en\/collections\/kuru-kafa-motifli-deri-bileklik-pirlanta-detayli\/","title":{"rendered":"Kuru Kafa Motifli Deri Bileklik, P\u0131rlanta Detayl\u0131"},"content":{"rendered":"<p>G\u00fc\u00e7l\u00fc ve karakterli tasar\u0131m\u0131yla \u00f6ne \u00e7\u0131kan bu deri bileklik, merkezinde yer alan kuru kafa motifi ile dikkat \u00e7eker. Oval formdaki detay\u0131n \u00e7evresini saran p\u0131rlanta ta\u015flar, tasar\u0131ma sofistike bir \u0131\u015f\u0131lt\u0131 katarken koyu zeminle kontrast olu\u015fturarak derinlik kazand\u0131r\u0131r. Geni\u015f deri y\u00fczeyi bilekte sa\u011flam ve iddial\u0131 bir duru\u015f sunar. Modern ve \u00f6zg\u00fcn stil arayanlar i\u00e7in tasarlanan bu par\u00e7a, g\u00fcnl\u00fck kullan\u0131mdan \u00f6zel kombinlere kadar fark yaratan bir aksesuard\u0131r.<\/p>","protected":false},"excerpt":{"rendered":"<p>G\u00fc\u00e7l\u00fc ve karakterli tasar\u0131m\u0131yla \u00f6ne \u00e7\u0131kan bu deri bileklik, merkezinde yer alan kuru kafa motifi ile dikkat \u00e7eker. Oval formdaki<\/p>","protected":false},"featured_media":40290,"comment_status":"open","ping_status":"closed","template":"","meta":[],"product_brand":[77],"product_cat":[73,253,168,244],"product_tag":[2182,2205,617,540,2202,2209,2201,2185,367,2207,363,2208,358,2206,2210,2211,2203,2204,1804,364],"class_list":{"0":"post-37398","1":"product","2":"type-product","3":"status-publish","4":"has-post-thumbnail","6":"product_brand-gasia","7":"product_cat-altin-pirlanta-bileklik","8":"product_cat-deri-bileklikler","9":"product_cat-for-men","10":"product_cat-one-of-a-kind","11":"product_tag-deri-bileklik","12":"product_tag-diamond-look-bracelet","13":"product_tag-erkek-aksesuar","14":"product_tag-erkek-deri-bileklik","15":"product_tag-genis-bileklik","16":"product_tag-guclu-stil-bileklik","17":"product_tag-kuru-kafa-bileklik","18":"product_tag-leather-bracelet","19":"product_tag-luks-bileklik","20":"product_tag-maskulen-taki","21":"product_tag-modern-bileklik","22":"product_tag-ozel-tasarim-bileklik","23":"product_tag-pirlanta-bileklik","24":"product_tag-pirlantali-bileklik","25":"product_tag-premium-bileklik","26":"product_tag-siyah-tasli-bileklik","27":"product_tag-skull-bileklik","28":"product_tag-skull-bracelet","29":"product_tag-statement-bileklik","30":"product_tag-tasarim-bileklik","31":"pa_cinsiyet-erkek","32":"pa_cinsiyet-kadin","34":"first","35":"instock","36":"shipping-taxable","37":"product-type-simple"},"_links":{"self":[{"href":"https:\/\/www.gasia.com.tr\/en\/wp-json\/wp\/v2\/product\/37398","targetHints":{"allow":["GET"]}}],"collection":[{"href":"https:\/\/www.gasia.com.tr\/en\/wp-json\/wp\/v2\/product"}],"about":[{"href":"https:\/\/www.gasia.com.tr\/en\/wp-json\/wp\/v2\/types\/product"}],"replies":[{"embeddable":true,"href":"https:\/\/www.gasia.com.tr\/en\/wp-json\/wp\/v2\/comments?post=37398"}],"version-history":[{"count":2,"href":"https:\/\/www.gasia.com.tr\/en\/wp-json\/wp\/v2\/product\/37398\/revisions"}],"predecessor-version":[{"id":40291,"href":"https:\/\/www.gasia.com.tr\/en\/wp-json\/wp\/v2\/product\/37398\/revisions\/40291"}],"wp:featuredmedia":[{"embeddable":true,"href":"https:\/\/www.gasia.com.tr\/en\/wp-json\/wp\/v2\/media\/40290"}],"wp:attachment":[{"href":"https:\/\/www.gasia.com.tr\/en\/wp-json\/wp\/v2\/media?parent=37398"}],"wp:term":[{"taxonomy":"product_brand","embeddable":true,"href":"https:\/\/www.gasia.com.tr\/en\/wp-json\/wp\/v2\/product_brand?post=37398"},{"taxonomy":"product_cat","embeddable":true,"href":"https:\/\/www.gasia.com.tr\/en\/wp-json\/wp\/v2\/product_cat?post=37398"},{"taxonomy":"product_tag","embeddable":true,"href":"https:\/\/www.gasia.com.tr\/en\/wp-json\/wp\/v2\/product_tag?post=37398"}],"curies":[{"name":"wp","href":"https:\/\/api.w.org\/{rel}","templated":true}]}}