{"id":37406,"date":"2026-01-02T00:00:00","date_gmt":"2026-01-01T21:00:00","guid":{"rendered":"https:\/\/www.gasia.com.tr\/?post_type=product&#038;p=37406"},"modified":"2026-03-30T23:12:02","modified_gmt":"2026-03-30T20:12:02","slug":"turkuaz-tasli-deniz-yildizi-tasarim-kolye","status":"publish","type":"product","link":"https:\/\/www.gasia.com.tr\/en\/collections\/turkuaz-tasli-deniz-yildizi-tasarim-kolye\/","title":{"rendered":"Turkuaz Ta\u015fl\u0131 Deniz Y\u0131ld\u0131z\u0131 Tasar\u0131m Kolye"},"content":{"rendered":"<p>Deniz y\u0131ld\u0131z\u0131 formundan ilham alan bu \u00f6zel tasar\u0131m kolye, merkezinde turkuaz ta\u015f\u0131 ve okside detaylar\u0131yla dikkat \u00e7eker. Do\u011fadan esinlenen modern tasar\u0131m\u0131 sayesinde hem \u015f\u0131k hem de \u00f6zg\u00fcn bir stil sunar.<\/p>","protected":false},"excerpt":{"rendered":"<ul>\n<li>14 Ayar Alt\u0131n<\/li>\n<li>925 ayar Okside G\u00fcm\u00fc\u015f<\/li>\n<li>0.06 ct P\u0131rlanta<\/li>\n<li>0.20 ct Do\u011fal Arizona Firuze<\/li>\n<li>42 cm Zincir uzunlu\u011fu<\/li>\n<\/ul>","protected":false},"featured_media":39634,"comment_status":"open","ping_status":"closed","template":"","meta":[],"product_brand":[],"product_cat":[247,75,208],"product_tag":[1340,1338,1350,473,1351,1343,1347,1342,1348,1344,1346,274,1341,1339,1345,1349],"class_list":{"0":"post-37406","1":"product","2":"type-product","3":"status-publish","4":"has-post-thumbnail","6":"product_cat-hediyelik","7":"product_cat-kolye","8":"product_cat-yildiz-mucevher-modelleri","9":"product_tag-deniz-temali-kolye","10":"product_tag-deniz-yildizi-kolye","11":"product_tag-designer-jewelry-necklace","12":"product_tag-kadin-kolye","13":"product_tag-marine-jewelry-necklace","14":"product_tag-modern-taki-kolye","15":"product_tag-ocean-inspired-necklace","16":"product_tag-okside-detayli-kolye","17":"product_tag-sea-star-necklace","18":"product_tag-starfish-necklace","19":"product_tag-starfish-pendant-necklace","20":"product_tag-tasarim-kolye","21":"product_tag-turkuaz-tas-kolye","22":"product_tag-turkuaz-tasli-kolye","23":"product_tag-turquoise-starfish-necklace","24":"product_tag-turquoise-stone-necklace","25":"pa_cinsiyet-kadin","27":"first","28":"instock","29":"sale","30":"shipping-taxable","31":"purchasable","32":"product-type-simple"},"_links":{"self":[{"href":"https:\/\/www.gasia.com.tr\/en\/wp-json\/wp\/v2\/product\/37406","targetHints":{"allow":["GET"]}}],"collection":[{"href":"https:\/\/www.gasia.com.tr\/en\/wp-json\/wp\/v2\/product"}],"about":[{"href":"https:\/\/www.gasia.com.tr\/en\/wp-json\/wp\/v2\/types\/product"}],"replies":[{"embeddable":true,"href":"https:\/\/www.gasia.com.tr\/en\/wp-json\/wp\/v2\/comments?post=37406"}],"version-history":[{"count":2,"href":"https:\/\/www.gasia.com.tr\/en\/wp-json\/wp\/v2\/product\/37406\/revisions"}],"predecessor-version":[{"id":39636,"href":"https:\/\/www.gasia.com.tr\/en\/wp-json\/wp\/v2\/product\/37406\/revisions\/39636"}],"wp:featuredmedia":[{"embeddable":true,"href":"https:\/\/www.gasia.com.tr\/en\/wp-json\/wp\/v2\/media\/39634"}],"wp:attachment":[{"href":"https:\/\/www.gasia.com.tr\/en\/wp-json\/wp\/v2\/media?parent=37406"}],"wp:term":[{"taxonomy":"product_brand","embeddable":true,"href":"https:\/\/www.gasia.com.tr\/en\/wp-json\/wp\/v2\/product_brand?post=37406"},{"taxonomy":"product_cat","embeddable":true,"href":"https:\/\/www.gasia.com.tr\/en\/wp-json\/wp\/v2\/product_cat?post=37406"},{"taxonomy":"product_tag","embeddable":true,"href":"https:\/\/www.gasia.com.tr\/en\/wp-json\/wp\/v2\/product_tag?post=37406"}],"curies":[{"name":"wp","href":"https:\/\/api.w.org\/{rel}","templated":true}]}}