{"id":37412,"date":"2026-02-05T13:52:26","date_gmt":"2026-02-05T10:52:26","guid":{"rendered":"https:\/\/www.gasia.com.tr\/?post_type=product&#038;p=37412"},"modified":"2026-04-15T12:50:54","modified_gmt":"2026-04-15T09:50:54","slug":"pirlanta-detayli-ugur-bocegi-bodrum-mavisi-mine-altin-bileklik","status":"publish","type":"product","link":"https:\/\/www.gasia.com.tr\/en\/collections\/pirlanta-detayli-ugur-bocegi-bodrum-mavisi-mine-altin-bileklik\/","title":{"rendered":"P\u0131rlanta Detayl\u0131 U\u011fur B\u00f6ce\u011fi Bodrum Mavisi Mine Alt\u0131n Bileklik"},"content":{"rendered":"<p data-start=\"118\" data-end=\"416\">Sevimli ve zarif tasar\u0131m\u0131yla \u00f6ne \u00e7\u0131kan bu u\u011fur b\u00f6ce\u011fi bileklik, Bodrum mavisi mine ve p\u0131rlanta detaylar\u0131 ile modern bir \u015f\u0131kl\u0131k sunar. U\u011fur b\u00f6ce\u011fi formu, \u015fans ve pozitif enerjinin sembol\u00fc olarak tasar\u0131ma anlam katarken; \u00fczerindeki p\u0131rlanta dokunu\u015f \u0131\u015f\u0131lt\u0131l\u0131 ve sofistike bir g\u00f6r\u00fcn\u00fcm sa\u011flar.<\/p>\n<p data-start=\"418\" data-end=\"694\">\u0130nce alt\u0131n zinciri sayesinde bilekte hafif ve zarif bir duru\u015f sunan bu model, g\u00fcnl\u00fck kullan\u0131m i\u00e7in ideal oldu\u011fu kadar \u00f6zel kombinlerde de dikkat \u00e7ekici bir tamamlay\u0131c\u0131d\u0131r. Minimal formu sayesinde tek ba\u015f\u0131na kullan\u0131labilir ya da farkl\u0131 bilekliklerle birlikte kombinlenebilir.<\/p>\n<p data-start=\"696\" data-end=\"794\">Anlam ve esteti\u011fi bir araya getiren bu tasar\u0131m, zarif detaylar\u0131 sevenler i\u00e7in \u00f6zel bir par\u00e7ad\u0131r.<\/p>","protected":false},"excerpt":{"rendered":"<ul>\n<li>14 Ayar Alt\u0131n<\/li>\n<li>0,04 ct P\u0131rlanta<\/li>\n<li>16-17,5 cm Ayarlanabilir uzunluk<\/li>\n<\/ul>","protected":false},"featured_media":42217,"comment_status":"open","ping_status":"closed","template":"","meta":[],"product_brand":[2718,2719],"product_cat":[73,247,260],"product_tag":[3435,3440,3434,2819,507,2982,794,3439,2981,361,358,739,3438],"class_list":{"0":"post-37412","1":"product","2":"type-product","3":"status-publish","4":"has-post-thumbnail","6":"product_brand-gasia-casuals","7":"product_brand-gasia-protect","8":"product_cat-altin-pirlanta-bileklik","9":"product_cat-hediyelik","10":"product_cat-kadin","11":"product_tag-altin-bileklik-kadin","12":"product_tag-bodrum-blue-bracelet","13":"product_tag-bodrum-mavisi-bileklik","14":"product_tag-dainty-bracelet","15":"product_tag-diamond-bracelet","16":"product_tag-enamel-bracelet","17":"product_tag-gold-bracelet","18":"product_tag-ladybug-bracelet","19":"product_tag-mine-bileklik","20":"product_tag-minimal-bileklik","21":"product_tag-pirlanta-bileklik","22":"product_tag-sans-bilekligi","23":"product_tag-ugur-bocegi-bileklik","24":"pa_cinsiyet-kadin","26":"first","27":"instock","28":"sale","29":"shipping-taxable","30":"purchasable","31":"product-type-simple"},"_links":{"self":[{"href":"https:\/\/www.gasia.com.tr\/en\/wp-json\/wp\/v2\/product\/37412","targetHints":{"allow":["GET"]}}],"collection":[{"href":"https:\/\/www.gasia.com.tr\/en\/wp-json\/wp\/v2\/product"}],"about":[{"href":"https:\/\/www.gasia.com.tr\/en\/wp-json\/wp\/v2\/types\/product"}],"replies":[{"embeddable":true,"href":"https:\/\/www.gasia.com.tr\/en\/wp-json\/wp\/v2\/comments?post=37412"}],"version-history":[{"count":3,"href":"https:\/\/www.gasia.com.tr\/en\/wp-json\/wp\/v2\/product\/37412\/revisions"}],"predecessor-version":[{"id":42219,"href":"https:\/\/www.gasia.com.tr\/en\/wp-json\/wp\/v2\/product\/37412\/revisions\/42219"}],"wp:featuredmedia":[{"embeddable":true,"href":"https:\/\/www.gasia.com.tr\/en\/wp-json\/wp\/v2\/media\/42217"}],"wp:attachment":[{"href":"https:\/\/www.gasia.com.tr\/en\/wp-json\/wp\/v2\/media?parent=37412"}],"wp:term":[{"taxonomy":"product_brand","embeddable":true,"href":"https:\/\/www.gasia.com.tr\/en\/wp-json\/wp\/v2\/product_brand?post=37412"},{"taxonomy":"product_cat","embeddable":true,"href":"https:\/\/www.gasia.com.tr\/en\/wp-json\/wp\/v2\/product_cat?post=37412"},{"taxonomy":"product_tag","embeddable":true,"href":"https:\/\/www.gasia.com.tr\/en\/wp-json\/wp\/v2\/product_tag?post=37412"}],"curies":[{"name":"wp","href":"https:\/\/api.w.org\/{rel}","templated":true}]}}