{"id":37416,"date":"2026-02-05T13:54:29","date_gmt":"2026-02-05T10:54:29","guid":{"rendered":"https:\/\/www.gasia.com.tr\/?post_type=product&#038;p=37416"},"modified":"2026-03-17T16:04:00","modified_gmt":"2026-03-17T13:04:00","slug":"18-ayar-altin-rutil-kuvars-kolye","status":"publish","type":"product","link":"https:\/\/www.gasia.com.tr\/en\/collections\/18-ayar-altin-rutil-kuvars-kolye\/","title":{"rendered":"18 Ayar Alt\u0131n Rutil Kuvars Kolye"},"content":{"rendered":"<p>18 ayar alt\u0131n\u0131n s\u0131cak \u0131\u015f\u0131lt\u0131s\u0131 ile do\u011fal rutil kuvars ta\u015f\u0131n\u0131n benzersiz damar yap\u0131s\u0131 bu \u00f6zel kolyede bulu\u015fuyor. Oval kesimli ta\u015f\u0131n i\u00e7indeki alt\u0131n tonlu yans\u0131malar, her a\u00e7\u0131dan farkl\u0131 bir parlakl\u0131k sunar. G\u00fcnl\u00fck kullan\u0131mda \u015f\u0131kl\u0131\u011f\u0131n\u0131z\u0131 tamamlar, \u00f6zel g\u00fcnlerde ise dikkat \u00e7ekici bir detay olu\u015fturur. \u0130nce i\u015f\u00e7ili\u011fi ve modern tasar\u0131m\u0131yla stilinizi zarif bir \u015fekilde \u00f6ne \u00e7\u0131kar\u0131r.<\/p>","protected":false},"excerpt":{"rendered":"<ul>\n<li>18 ayar Alt\u0131n<\/li>\n<li>9.54 ct Rutil Quartz<\/li>\n<li>0.22 ct P\u0131rlanta<\/li>\n<li>42 cm zincir uzunlu\u011fu<\/li>\n<\/ul>","protected":false},"featured_media":39815,"comment_status":"open","ping_status":"closed","template":"","meta":[],"product_brand":[],"product_cat":[269,260,75],"product_tag":[1648,1649,1650,1476,1644,1643,1623,1653,1655,1647,1651,477,1417,1630,1636,1635,1642,1621,1629,1654,1652],"class_list":{"0":"post-37416","1":"product","2":"type-product","3":"status-publish","4":"has-post-thumbnail","6":"product_cat-gem-world-degerli-tasli-mucevher","7":"product_cat-kadin","8":"product_cat-kolye","9":"product_tag-18-ayar-altin-kolye","10":"product_tag-18k-gold-necklace","11":"product_tag-altin-kadin-kolye","12":"product_tag-altin-zincir-kolye","13":"product_tag-crystal-necklace","14":"product_tag-dogal-kristal-kolye","15":"product_tag-dogal-tas-kolye","16":"product_tag-elegant-gold-necklace","17":"product_tag-fine-jewelry","18":"product_tag-gold-chain-necklace","19":"product_tag-gold-women-necklace","20":"product_tag-luks-kolye","21":"product_tag-luxury-necklace","22":"product_tag-natural-stone-necklace","23":"product_tag-oval-pendant-necklace","24":"product_tag-oval-tas-kolye","25":"product_tag-quartz-pendant","26":"product_tag-rutil-kuvars-kolye","27":"product_tag-rutil-quartz-necklace","28":"product_tag-sik-taki","29":"product_tag-zarif-altin-kolye","30":"pa_cinsiyet-kadin","32":"first","33":"instock","34":"sale","35":"sold-individually","36":"shipping-taxable","37":"purchasable","38":"product-type-simple"},"_links":{"self":[{"href":"https:\/\/www.gasia.com.tr\/en\/wp-json\/wp\/v2\/product\/37416","targetHints":{"allow":["GET"]}}],"collection":[{"href":"https:\/\/www.gasia.com.tr\/en\/wp-json\/wp\/v2\/product"}],"about":[{"href":"https:\/\/www.gasia.com.tr\/en\/wp-json\/wp\/v2\/types\/product"}],"replies":[{"embeddable":true,"href":"https:\/\/www.gasia.com.tr\/en\/wp-json\/wp\/v2\/comments?post=37416"}],"version-history":[{"count":2,"href":"https:\/\/www.gasia.com.tr\/en\/wp-json\/wp\/v2\/product\/37416\/revisions"}],"predecessor-version":[{"id":39816,"href":"https:\/\/www.gasia.com.tr\/en\/wp-json\/wp\/v2\/product\/37416\/revisions\/39816"}],"wp:featuredmedia":[{"embeddable":true,"href":"https:\/\/www.gasia.com.tr\/en\/wp-json\/wp\/v2\/media\/39815"}],"wp:attachment":[{"href":"https:\/\/www.gasia.com.tr\/en\/wp-json\/wp\/v2\/media?parent=37416"}],"wp:term":[{"taxonomy":"product_brand","embeddable":true,"href":"https:\/\/www.gasia.com.tr\/en\/wp-json\/wp\/v2\/product_brand?post=37416"},{"taxonomy":"product_cat","embeddable":true,"href":"https:\/\/www.gasia.com.tr\/en\/wp-json\/wp\/v2\/product_cat?post=37416"},{"taxonomy":"product_tag","embeddable":true,"href":"https:\/\/www.gasia.com.tr\/en\/wp-json\/wp\/v2\/product_tag?post=37416"}],"curies":[{"name":"wp","href":"https:\/\/api.w.org\/{rel}","templated":true}]}}