{"id":37419,"date":"2026-02-05T14:05:32","date_gmt":"2026-02-05T11:05:32","guid":{"rendered":"https:\/\/www.gasia.com.tr\/?post_type=product&#038;p=37419"},"modified":"2026-02-10T13:16:49","modified_gmt":"2026-02-10T10:16:49","slug":"mammut-fosili-tuy-kolye","status":"publish","type":"product","link":"https:\/\/www.gasia.com.tr\/en\/collections\/mammut-fosili-tuy-kolye\/","title":{"rendered":"Mamut Fosili t\u00fcy kolye"},"content":{"rendered":"<ul>\n<li>18 Ayar Alt\u0131n<\/li>\n<li>0.06 ct P\u0131rlanta<\/li>\n<li>Ger\u00e7ek Mamut fosilinden el i\u015f\u00e7ili\u011fi ile \u00fcretilmi\u015f t\u00fcy<\/li>\n<li>27 mm uzunluk<\/li>\n<li>45 cm zincir uzunlu\u011fu<\/li>\n<\/ul>","protected":false},"excerpt":{"rendered":"<p>18 Ayar Alt\u0131n 0.06 ct P\u0131rlanta Ger\u00e7ek Mamut fosilinden el i\u015f\u00e7ili\u011fi ile \u00fcretilmi\u015f t\u00fcy 27 mm uzunluk 45 cm zincir<\/p>","protected":false},"featured_media":37355,"comment_status":"open","ping_status":"closed","template":"","meta":[],"product_brand":[],"product_cat":[260,75],"product_tag":[],"class_list":{"0":"post-37419","1":"product","2":"type-product","3":"status-publish","4":"has-post-thumbnail","6":"product_cat-kadin","7":"product_cat-kolye","8":"pa_cinsiyet-kadin","10":"first","11":"instock","12":"sold-individually","13":"shipping-taxable","14":"purchasable","15":"product-type-simple"},"_links":{"self":[{"href":"https:\/\/www.gasia.com.tr\/en\/wp-json\/wp\/v2\/product\/37419","targetHints":{"allow":["GET"]}}],"collection":[{"href":"https:\/\/www.gasia.com.tr\/en\/wp-json\/wp\/v2\/product"}],"about":[{"href":"https:\/\/www.gasia.com.tr\/en\/wp-json\/wp\/v2\/types\/product"}],"replies":[{"embeddable":true,"href":"https:\/\/www.gasia.com.tr\/en\/wp-json\/wp\/v2\/comments?post=37419"}],"version-history":[{"count":2,"href":"https:\/\/www.gasia.com.tr\/en\/wp-json\/wp\/v2\/product\/37419\/revisions"}],"predecessor-version":[{"id":37862,"href":"https:\/\/www.gasia.com.tr\/en\/wp-json\/wp\/v2\/product\/37419\/revisions\/37862"}],"wp:featuredmedia":[{"embeddable":true,"href":"https:\/\/www.gasia.com.tr\/en\/wp-json\/wp\/v2\/media\/37355"}],"wp:attachment":[{"href":"https:\/\/www.gasia.com.tr\/en\/wp-json\/wp\/v2\/media?parent=37419"}],"wp:term":[{"taxonomy":"product_brand","embeddable":true,"href":"https:\/\/www.gasia.com.tr\/en\/wp-json\/wp\/v2\/product_brand?post=37419"},{"taxonomy":"product_cat","embeddable":true,"href":"https:\/\/www.gasia.com.tr\/en\/wp-json\/wp\/v2\/product_cat?post=37419"},{"taxonomy":"product_tag","embeddable":true,"href":"https:\/\/www.gasia.com.tr\/en\/wp-json\/wp\/v2\/product_tag?post=37419"}],"curies":[{"name":"wp","href":"https:\/\/api.w.org\/{rel}","templated":true}]}}