{"id":37495,"date":"2026-02-11T00:00:00","date_gmt":"2026-02-10T21:00:00","guid":{"rendered":"https:\/\/www.gasia.com.tr\/?post_type=product&#038;p=37495"},"modified":"2026-03-27T09:00:40","modified_gmt":"2026-03-27T06:00:40","slug":"zincir-form-altin-yuzuk","status":"publish","type":"product","link":"https:\/\/www.gasia.com.tr\/en\/collections\/zincir-form-altin-yuzuk\/","title":{"rendered":"Zincir Form Alt\u0131n Y\u00fcz\u00fck"},"content":{"rendered":"<p>Zincir formdan ilham alan bu y\u00fcz\u00fck, g\u00fc\u00e7l\u00fc ve modern bir stil sunar. Birbirine ge\u00e7en halkalar\u0131n olu\u015fturdu\u011fu tasar\u0131m, bileklik esteti\u011fini y\u00fcz\u00fc\u011fe ta\u015f\u0131yarak dikkat \u00e7ekici bir g\u00f6r\u00fcn\u00fcm kazand\u0131r\u0131r. Parlak y\u00fczeyi sayesinde \u0131\u015f\u0131\u011f\u0131 yans\u0131tan bu model, tek ba\u015f\u0131na kullan\u0131ld\u0131\u011f\u0131nda g\u00fc\u00e7l\u00fc bir ifade yarat\u0131rken, di\u011fer y\u00fcz\u00fcklerle kombinlendi\u011finde de stilinizi tamamlar.<\/p>","protected":false},"excerpt":{"rendered":"<ul>\n<li>14 ayar alt\u0131n<\/li>\n<li>4.73 cm Geni\u015flik<\/li>\n<\/ul>","protected":false},"featured_media":40092,"comment_status":"open","ping_status":"closed","template":"","meta":[],"product_brand":[],"product_cat":[260,76],"product_tag":[289,468,528,1933,577,1864,520,518,576,581,521,344,2040,779,1021,643],"class_list":{"0":"post-37495","1":"product","2":"type-product","3":"status-publish","4":"has-post-thumbnail","6":"product_cat-kadin","7":"product_cat-yuzuk-modelleri","8":"product_tag-altin-yuzuk","9":"product_tag-chain-ring","10":"product_tag-elegant-ring","11":"product_tag-everyday-ring","12":"product_tag-gold-ring","13":"product_tag-gunluk-yuzuk","14":"product_tag-kadin-yuzuk","15":"product_tag-minimal-yuzuk","16":"product_tag-minimalist-ring","17":"product_tag-modern-ring","18":"product_tag-modern-yuzuk","19":"product_tag-sik-yuzuk","20":"product_tag-stack-yuzuk","21":"product_tag-stacking-ring","22":"product_tag-women-ring","23":"product_tag-zincir-yuzuk","24":"pa_cinsiyet-kadin","26":"first","27":"instock","28":"shipping-taxable","29":"purchasable","30":"product-type-simple"},"_links":{"self":[{"href":"https:\/\/www.gasia.com.tr\/en\/wp-json\/wp\/v2\/product\/37495","targetHints":{"allow":["GET"]}}],"collection":[{"href":"https:\/\/www.gasia.com.tr\/en\/wp-json\/wp\/v2\/product"}],"about":[{"href":"https:\/\/www.gasia.com.tr\/en\/wp-json\/wp\/v2\/types\/product"}],"replies":[{"embeddable":true,"href":"https:\/\/www.gasia.com.tr\/en\/wp-json\/wp\/v2\/comments?post=37495"}],"version-history":[{"count":2,"href":"https:\/\/www.gasia.com.tr\/en\/wp-json\/wp\/v2\/product\/37495\/revisions"}],"predecessor-version":[{"id":37883,"href":"https:\/\/www.gasia.com.tr\/en\/wp-json\/wp\/v2\/product\/37495\/revisions\/37883"}],"wp:featuredmedia":[{"embeddable":true,"href":"https:\/\/www.gasia.com.tr\/en\/wp-json\/wp\/v2\/media\/40092"}],"wp:attachment":[{"href":"https:\/\/www.gasia.com.tr\/en\/wp-json\/wp\/v2\/media?parent=37495"}],"wp:term":[{"taxonomy":"product_brand","embeddable":true,"href":"https:\/\/www.gasia.com.tr\/en\/wp-json\/wp\/v2\/product_brand?post=37495"},{"taxonomy":"product_cat","embeddable":true,"href":"https:\/\/www.gasia.com.tr\/en\/wp-json\/wp\/v2\/product_cat?post=37495"},{"taxonomy":"product_tag","embeddable":true,"href":"https:\/\/www.gasia.com.tr\/en\/wp-json\/wp\/v2\/product_tag?post=37495"}],"curies":[{"name":"wp","href":"https:\/\/api.w.org\/{rel}","templated":true}]}}