{"id":37498,"date":"2026-02-11T00:00:00","date_gmt":"2026-02-10T21:00:00","guid":{"rendered":"https:\/\/www.gasia.com.tr\/?post_type=product&#038;p=37498"},"modified":"2026-03-27T09:00:40","modified_gmt":"2026-03-27T06:00:40","slug":"sari-pirlantali-zincir-tasarim-altin-yuzuk","status":"publish","type":"product","link":"https:\/\/www.gasia.com.tr\/en\/collections\/sari-pirlantali-zincir-tasarim-altin-yuzuk\/","title":{"rendered":"Sar\u0131 P\u0131rlantal\u0131 Zincir Tasar\u0131m Alt\u0131n Y\u00fcz\u00fck"},"content":{"rendered":"<p>Zincir formundan ilham alan bu \u00f6zel tasar\u0131m alt\u0131n y\u00fcz\u00fck, merkezindeki sar\u0131 p\u0131rlanta ve \u00e7evresindeki beyaz p\u0131rlanta detaylar\u0131yla zarif bir kontrast sunar. Modern ve g\u00fc\u00e7l\u00fc tasar\u0131m\u0131 sayesinde hem g\u00fcnl\u00fck kullan\u0131ma hem de \u00f6zel anlara \u015f\u0131kl\u0131k katar.<\/p>","protected":false},"excerpt":{"rendered":"<ul>\n<li>14 Ayar Alt\u0131n<\/li>\n<li>0.27 ct Fancy Renk Oval P\u0131rlanta<\/li>\n<li>0.10 ct Beyaz P\u0131rlanta<\/li>\n<\/ul>","protected":false},"featured_media":39654,"comment_status":"open","ping_status":"closed","template":"","meta":[],"product_brand":[77],"product_cat":[260,76],"product_tag":[1383,1379,448,654,451,646,290,658,721,1321,651,1382,655,1377],"class_list":{"0":"post-37498","1":"product","2":"type-product","3":"status-publish","4":"has-post-thumbnail","6":"product_brand-gasia","7":"product_cat-kadin","8":"product_cat-yuzuk-modelleri","9":"product_tag-altin-zincir-yuzuk","10":"product_tag-chain-design-ring","11":"product_tag-designer-diamond-ring","12":"product_tag-diamond-ring","13":"product_tag-fine-jewelry-ring","14":"product_tag-gold-chain-ring","15":"product_tag-kadin-tasarim-yuzuk","16":"product_tag-luxury-diamond-ring","17":"product_tag-modern-altin-yuzuk","18":"product_tag-pirlantali-altin-yuzuk","19":"product_tag-sari-pirlanta-yuzuk","20":"product_tag-sari-pirlantali-yuzuk","21":"product_tag-yellow-diamond-ring","22":"product_tag-zincir-tasarim-yuzuk","23":"pa_cinsiyet-kadin","25":"first","26":"instock","27":"sale","28":"shipping-taxable","29":"purchasable","30":"product-type-simple"},"_links":{"self":[{"href":"https:\/\/www.gasia.com.tr\/en\/wp-json\/wp\/v2\/product\/37498","targetHints":{"allow":["GET"]}}],"collection":[{"href":"https:\/\/www.gasia.com.tr\/en\/wp-json\/wp\/v2\/product"}],"about":[{"href":"https:\/\/www.gasia.com.tr\/en\/wp-json\/wp\/v2\/types\/product"}],"replies":[{"embeddable":true,"href":"https:\/\/www.gasia.com.tr\/en\/wp-json\/wp\/v2\/comments?post=37498"}],"version-history":[{"count":2,"href":"https:\/\/www.gasia.com.tr\/en\/wp-json\/wp\/v2\/product\/37498\/revisions"}],"predecessor-version":[{"id":39658,"href":"https:\/\/www.gasia.com.tr\/en\/wp-json\/wp\/v2\/product\/37498\/revisions\/39658"}],"wp:featuredmedia":[{"embeddable":true,"href":"https:\/\/www.gasia.com.tr\/en\/wp-json\/wp\/v2\/media\/39654"}],"wp:attachment":[{"href":"https:\/\/www.gasia.com.tr\/en\/wp-json\/wp\/v2\/media?parent=37498"}],"wp:term":[{"taxonomy":"product_brand","embeddable":true,"href":"https:\/\/www.gasia.com.tr\/en\/wp-json\/wp\/v2\/product_brand?post=37498"},{"taxonomy":"product_cat","embeddable":true,"href":"https:\/\/www.gasia.com.tr\/en\/wp-json\/wp\/v2\/product_cat?post=37498"},{"taxonomy":"product_tag","embeddable":true,"href":"https:\/\/www.gasia.com.tr\/en\/wp-json\/wp\/v2\/product_tag?post=37498"}],"curies":[{"name":"wp","href":"https:\/\/api.w.org\/{rel}","templated":true}]}}