{"id":37711,"date":"2026-02-07T20:19:31","date_gmt":"2026-02-07T17:19:31","guid":{"rendered":"https:\/\/www.gasia.com.tr\/?post_type=product&#038;p=37711"},"modified":"2026-04-04T15:27:42","modified_gmt":"2026-04-04T12:27:42","slug":"agzindan-kilic-gecen-kuru-kafa-kolye","status":"publish","type":"product","link":"https:\/\/www.gasia.com.tr\/en\/collections\/agzindan-kilic-gecen-kuru-kafa-kolye\/","title":{"rendered":"A\u011fz\u0131ndan K\u0131l\u0131\u00e7 Ge\u00e7en Kuru Kafa Kolye"},"content":{"rendered":"<ul>\n<li>14 Ayar 585 Alt\u0131n<\/li>\n<li>925 Ayar Okside G\u00fcm\u00fc\u015f<\/li>\n<li>0,08 ct P\u0131rlanta<\/li>\n<li>65 cm uzunlu\u011funda zincir<\/li>\n<\/ul>\n<p>A\u011fz\u0131ndan k\u0131l\u0131\u00e7 ge\u00e7en kuru kafa fig\u00fcrl\u00fc kolye modeli. Gotik ve alternatif tarz\u0131 sevenler i\u00e7in dikkat \u00e7ekici bir tasar\u0131m.<\/p>\n<p>Gasia&#8217;n\u0131n m\u00fckemmellik konusundaki itibar\u0131, onlarca y\u0131ll\u0131k uzmanl\u0131\u011fa ve zaman\u0131n testine dayanan par\u00e7alar sunmaya adanm\u0131\u015fl\u0131\u011fa dayanmaktad\u0131r. D\u00fcnyan\u0131n d\u00f6rt bir yan\u0131ndaki m\u00fc\u015fterilerimiz taraf\u0131ndan g\u00fcvenilen \u00fcr\u00fcnlerimiz aksesuarlardan daha fazlas\u0131d\u0131r.<\/p>","protected":false},"excerpt":{"rendered":"<p>14 Ayar 585 Alt\u0131n 925 Ayar Okside G\u00fcm\u00fc\u015f 0,08 ct P\u0131rlanta 65 cm uzunlu\u011funda zincir A\u011fz\u0131ndan k\u0131l\u0131\u00e7 ge\u00e7en kuru kafa<\/p>","protected":false},"featured_media":39221,"comment_status":"open","ping_status":"closed","template":"","meta":[],"product_brand":[],"product_cat":[168,75,256],"product_tag":[758,775,767,617,481,760,754,769,753,773,756,774,772,763,770,771,274],"class_list":{"0":"post-37711","1":"product","2":"type-product","3":"status-publish","4":"has-post-thumbnail","6":"product_cat-for-men","7":"product_cat-kolye","8":"product_cat-erkek-kolye-ve-zincirler","9":"product_tag-alternatif-stil-kolye","10":"product_tag-designer-skull-pendant","11":"product_tag-edgy-pendant","12":"product_tag-erkek-aksesuar","13":"product_tag-erkek-kolye","14":"product_tag-gothic-necklace","15":"product_tag-gotik-kolye","16":"product_tag-kilicli-kuru-kafa-kolye","17":"product_tag-kuru-kafa-kolye","18":"product_tag-men-skull-necklace","19":"product_tag-punk-kolye","20":"product_tag-punk-necklace","21":"product_tag-skull-jewelry","22":"product_tag-skull-pendant","23":"product_tag-skull-sword-necklace","24":"product_tag-sword-through-skull-pendant","25":"product_tag-tasarim-kolye","26":"pa_cinsiyet-erkek","28":"first","29":"instock","30":"shipping-taxable","31":"purchasable","32":"product-type-simple"},"_links":{"self":[{"href":"https:\/\/www.gasia.com.tr\/en\/wp-json\/wp\/v2\/product\/37711","targetHints":{"allow":["GET"]}}],"collection":[{"href":"https:\/\/www.gasia.com.tr\/en\/wp-json\/wp\/v2\/product"}],"about":[{"href":"https:\/\/www.gasia.com.tr\/en\/wp-json\/wp\/v2\/types\/product"}],"replies":[{"embeddable":true,"href":"https:\/\/www.gasia.com.tr\/en\/wp-json\/wp\/v2\/comments?post=37711"}],"version-history":[{"count":2,"href":"https:\/\/www.gasia.com.tr\/en\/wp-json\/wp\/v2\/product\/37711\/revisions"}],"predecessor-version":[{"id":39209,"href":"https:\/\/www.gasia.com.tr\/en\/wp-json\/wp\/v2\/product\/37711\/revisions\/39209"}],"wp:featuredmedia":[{"embeddable":true,"href":"https:\/\/www.gasia.com.tr\/en\/wp-json\/wp\/v2\/media\/39221"}],"wp:attachment":[{"href":"https:\/\/www.gasia.com.tr\/en\/wp-json\/wp\/v2\/media?parent=37711"}],"wp:term":[{"taxonomy":"product_brand","embeddable":true,"href":"https:\/\/www.gasia.com.tr\/en\/wp-json\/wp\/v2\/product_brand?post=37711"},{"taxonomy":"product_cat","embeddable":true,"href":"https:\/\/www.gasia.com.tr\/en\/wp-json\/wp\/v2\/product_cat?post=37711"},{"taxonomy":"product_tag","embeddable":true,"href":"https:\/\/www.gasia.com.tr\/en\/wp-json\/wp\/v2\/product_tag?post=37711"}],"curies":[{"name":"wp","href":"https:\/\/api.w.org\/{rel}","templated":true}]}}