{"id":37717,"date":"2026-02-07T20:22:18","date_gmt":"2026-02-07T17:22:18","guid":{"rendered":"https:\/\/www.gasia.com.tr\/?post_type=product&#038;p=37717"},"modified":"2026-04-04T15:27:42","modified_gmt":"2026-04-04T12:27:42","slug":"kopekbaligi-kolye","status":"publish","type":"product","link":"https:\/\/www.gasia.com.tr\/en\/collections\/kopekbaligi-kolye\/","title":{"rendered":"P\u0131rlanta Detayl\u0131 K\u00f6pek Bal\u0131\u011f\u0131 Kolye"},"content":{"rendered":"<ul>\n<li>0.54 ct P\u0131rlanta<\/li>\n<li>0.06 ct Yakut<\/li>\n<li>60 cm uzunlu\u011funda zincir<\/li>\n<\/ul>\n<p>&nbsp;<\/p>\n<p data-start=\"691\" data-end=\"965\">G\u00fc\u00e7, \u00f6zg\u00fcrl\u00fck ve cesaretten ilham alan bu k\u00f6pek bal\u0131\u011f\u0131 tasar\u0131ml\u0131 kolye, \u00f6zg\u00fcn ve karakterli bir m\u00fccevher par\u00e7as\u0131 olarak \u00f6ne \u00e7\u0131kar. Oksit g\u00fcm\u00fc\u015f y\u00fczeyi tasar\u0131ma g\u00fc\u00e7l\u00fc ve modern bir g\u00f6r\u00fcn\u00fcm kazand\u0131r\u0131rken y\u00fczge\u00e7lerde yer alan p\u0131rlanta detaylar\u0131 kolyeye zarif bir \u0131\u015f\u0131lt\u0131 katar.<\/p>\n<p data-start=\"967\" data-end=\"1248\">Detayl\u0131 i\u015f\u00e7ili\u011fi sayesinde k\u00f6pek bal\u0131\u011f\u0131n\u0131n dinamik formu ger\u00e7ek\u00e7i bir \u015fekilde yans\u0131t\u0131lm\u0131\u015ft\u0131r. Hem g\u00fcnl\u00fck stilinize karakter katabilecek hem de \u00f6zel kombinlerde dikkat \u00e7ekici bir aksesuar olarak kullan\u0131labilecek bu kolye, \u00f6zg\u00fcn ve g\u00fc\u00e7l\u00fc tasar\u0131mlar\u0131 sevenler i\u00e7in ideal bir se\u00e7imdir.<\/p>","protected":false},"excerpt":{"rendered":"<p>0.54 ct P\u0131rlanta 0.06 ct Yakut 60 cm uzunlu\u011funda zincir &nbsp; G\u00fc\u00e7, \u00f6zg\u00fcrl\u00fck ve cesaretten ilham alan bu k\u00f6pek bal\u0131\u011f\u0131<\/p>","protected":false},"featured_media":39021,"comment_status":"open","ping_status":"closed","template":"","meta":[],"product_brand":[],"product_cat":[168,75,256],"product_tag":[488,487,485,481,479,480,478,477,493,492,277,482,490,483,276,484,486,489,274,491],"class_list":{"0":"post-37717","1":"product","2":"type-product","3":"status-publish","4":"has-post-thumbnail","6":"product_cat-for-men","7":"product_cat-kolye","8":"product_cat-erkek-kolye-ve-zincirler","9":"product_tag-animal-pendant-necklace","10":"product_tag-designer-shark-jewelry","11":"product_tag-diamond-shark-necklace","12":"product_tag-erkek-kolye","13":"product_tag-gumus-kopek-baligi-kolye","14":"product_tag-hayvan-figurlu-kolye","15":"product_tag-kopek-baligi-kolye","16":"product_tag-luks-kolye","17":"product_tag-luxury-pendant","18":"product_tag-mens-designer-necklace","19":"product_tag-modern-kolye","20":"product_tag-oksit-gumus-kolye","21":"product_tag-oxidized-silver-necklace","22":"product_tag-ozel-tasarim-kolye","23":"product_tag-pirlanta-kolye","24":"product_tag-shark-pendant-necklace","25":"product_tag-silver-shark-pendant","26":"product_tag-statement-necklace","27":"product_tag-tasarim-kolye","28":"product_tag-unique-pendant-necklace","29":"pa_cinsiyet-erkek","31":"first","32":"instock","33":"shipping-taxable","34":"purchasable","35":"product-type-simple"},"_links":{"self":[{"href":"https:\/\/www.gasia.com.tr\/en\/wp-json\/wp\/v2\/product\/37717","targetHints":{"allow":["GET"]}}],"collection":[{"href":"https:\/\/www.gasia.com.tr\/en\/wp-json\/wp\/v2\/product"}],"about":[{"href":"https:\/\/www.gasia.com.tr\/en\/wp-json\/wp\/v2\/types\/product"}],"replies":[{"embeddable":true,"href":"https:\/\/www.gasia.com.tr\/en\/wp-json\/wp\/v2\/comments?post=37717"}],"version-history":[{"count":2,"href":"https:\/\/www.gasia.com.tr\/en\/wp-json\/wp\/v2\/product\/37717\/revisions"}],"predecessor-version":[{"id":39023,"href":"https:\/\/www.gasia.com.tr\/en\/wp-json\/wp\/v2\/product\/37717\/revisions\/39023"}],"wp:featuredmedia":[{"embeddable":true,"href":"https:\/\/www.gasia.com.tr\/en\/wp-json\/wp\/v2\/media\/39021"}],"wp:attachment":[{"href":"https:\/\/www.gasia.com.tr\/en\/wp-json\/wp\/v2\/media?parent=37717"}],"wp:term":[{"taxonomy":"product_brand","embeddable":true,"href":"https:\/\/www.gasia.com.tr\/en\/wp-json\/wp\/v2\/product_brand?post=37717"},{"taxonomy":"product_cat","embeddable":true,"href":"https:\/\/www.gasia.com.tr\/en\/wp-json\/wp\/v2\/product_cat?post=37717"},{"taxonomy":"product_tag","embeddable":true,"href":"https:\/\/www.gasia.com.tr\/en\/wp-json\/wp\/v2\/product_tag?post=37717"}],"curies":[{"name":"wp","href":"https:\/\/api.w.org\/{rel}","templated":true}]}}