{"id":37719,"date":"2026-02-07T20:23:28","date_gmt":"2026-02-07T17:23:28","guid":{"rendered":"https:\/\/www.gasia.com.tr\/?post_type=product&#038;p=37719"},"modified":"2026-04-04T15:27:41","modified_gmt":"2026-04-04T12:27:41","slug":"kopekbaligi-disi-kurukafa-kolye","status":"publish","type":"product","link":"https:\/\/www.gasia.com.tr\/en\/collections\/kopekbaligi-disi-kurukafa-kolye\/","title":{"rendered":"K\u00f6pekbal\u0131\u011f\u0131 Di\u015fi Kurukafa Kolye"},"content":{"rendered":"<ul>\n<li><\/li>\n<\/ul>\n<p>&nbsp;<\/p>\n<p>Kuru kafa detayl\u0131 K\u00f6pekbal\u0131\u011f\u0131 di\u015fi tasar\u0131ml\u0131 gotik kolye modeli. Cesur ve karakteristik tarz\u0131yla dikkat \u00e7eken \u00f6zel tasar\u0131m kolye.<\/p>","protected":false},"excerpt":{"rendered":"<p>&nbsp; Kuru kafa detayl\u0131 K\u00f6pekbal\u0131\u011f\u0131 di\u015fi tasar\u0131ml\u0131 gotik kolye modeli. Cesur ve karakteristik tarz\u0131yla dikkat \u00e7eken \u00f6zel tasar\u0131m kolye.<\/p>","protected":false},"featured_media":39204,"comment_status":"open","ping_status":"closed","template":"","meta":[],"product_brand":[],"product_cat":[168,75,256],"product_tag":[758,757,765,487,755,767,481,762,760,754,669,753,764,766,756,484,768,486,759,763,761],"class_list":{"0":"post-37719","1":"product","2":"type-product","3":"status-publish","4":"has-post-thumbnail","6":"product_cat-for-men","7":"product_cat-kolye","8":"product_cat-erkek-kolye-ve-zincirler","9":"product_tag-alternatif-stil-kolye","10":"product_tag-biker-kolye","11":"product_tag-biker-necklace","12":"product_tag-designer-shark-jewelry","13":"product_tag-dis-kolye","14":"product_tag-edgy-pendant","15":"product_tag-erkek-kolye","16":"product_tag-fang-pendant","17":"product_tag-gothic-necklace","18":"product_tag-gotik-kolye","19":"product_tag-gotik-taki","20":"product_tag-kuru-kafa-kolye","21":"product_tag-men-gothic-necklace","22":"product_tag-punk-jewelry","23":"product_tag-punk-kolye","24":"product_tag-shark-pendant-necklace","25":"product_tag-shark-tooth","26":"product_tag-silver-shark-pendant","27":"product_tag-skull-necklace","28":"product_tag-skull-pendant","29":"product_tag-tooth-pendant","30":"pa_cinsiyet-erkek","32":"first","33":"instock","34":"shipping-taxable","35":"product-type-simple"},"_links":{"self":[{"href":"https:\/\/www.gasia.com.tr\/en\/wp-json\/wp\/v2\/product\/37719","targetHints":{"allow":["GET"]}}],"collection":[{"href":"https:\/\/www.gasia.com.tr\/en\/wp-json\/wp\/v2\/product"}],"about":[{"href":"https:\/\/www.gasia.com.tr\/en\/wp-json\/wp\/v2\/types\/product"}],"replies":[{"embeddable":true,"href":"https:\/\/www.gasia.com.tr\/en\/wp-json\/wp\/v2\/comments?post=37719"}],"version-history":[{"count":2,"href":"https:\/\/www.gasia.com.tr\/en\/wp-json\/wp\/v2\/product\/37719\/revisions"}],"predecessor-version":[{"id":39206,"href":"https:\/\/www.gasia.com.tr\/en\/wp-json\/wp\/v2\/product\/37719\/revisions\/39206"}],"wp:featuredmedia":[{"embeddable":true,"href":"https:\/\/www.gasia.com.tr\/en\/wp-json\/wp\/v2\/media\/39204"}],"wp:attachment":[{"href":"https:\/\/www.gasia.com.tr\/en\/wp-json\/wp\/v2\/media?parent=37719"}],"wp:term":[{"taxonomy":"product_brand","embeddable":true,"href":"https:\/\/www.gasia.com.tr\/en\/wp-json\/wp\/v2\/product_brand?post=37719"},{"taxonomy":"product_cat","embeddable":true,"href":"https:\/\/www.gasia.com.tr\/en\/wp-json\/wp\/v2\/product_cat?post=37719"},{"taxonomy":"product_tag","embeddable":true,"href":"https:\/\/www.gasia.com.tr\/en\/wp-json\/wp\/v2\/product_tag?post=37719"}],"curies":[{"name":"wp","href":"https:\/\/api.w.org\/{rel}","templated":true}]}}