{"id":37800,"date":"2026-02-08T11:37:14","date_gmt":"2026-02-08T08:37:14","guid":{"rendered":"https:\/\/www.gasia.com.tr\/?post_type=product&#038;p=37800"},"modified":"2026-03-23T23:59:45","modified_gmt":"2026-03-23T20:59:45","slug":"ayetel-kursi-ve-nazar-duasi-yazili-bileklik-altin-plaka-siyah-orgu-ipli-ayarlanabilir-bileklik","status":"publish","type":"product","link":"https:\/\/www.gasia.com.tr\/en\/collections\/ayetel-kursi-ve-nazar-duasi-yazili-bileklik-altin-plaka-siyah-orgu-ipli-ayarlanabilir-bileklik\/","title":{"rendered":"Ayetel K\u00fcrsi ve Nazar Duas\u0131 Yaz\u0131l\u0131 Bileklik \u2013 Alt\u0131n Plaka Siyah \u00d6rg\u00fc \u0130pli Ayarlanabilir Bileklik"},"content":{"rendered":"<p>Manevi anlam\u0131 ve zarif tasar\u0131m\u0131 bir araya getiren bu \u00f6zel bileklik, bir y\u00fcz\u00fcnde Ayetel K\u00fcrsi, di\u011fer y\u00fcz\u00fcnde nazar duas\u0131 ile korunma ve huzur hissini ta\u015f\u0131r. Alt\u0131n tonlu plakas\u0131 ve el \u00f6rg\u00fcs\u00fc siyah ip detay\u0131yla hem \u015f\u0131k hem anlaml\u0131 bir aksesuar olarak g\u00fcnl\u00fck kullan\u0131m i\u00e7in idealdir. Ayarlanabilir yap\u0131s\u0131 sayesinde konforlu bir kullan\u0131m sunar.<\/p>","protected":false},"excerpt":{"rendered":"<p>Manevi anlam\u0131 ve zarif tasar\u0131m\u0131 bir araya getiren bu \u00f6zel bileklik, bir y\u00fcz\u00fcnde Ayetel K\u00fcrsi, di\u011fer y\u00fcz\u00fcnde nazar duas\u0131 ile<\/p>","protected":false},"featured_media":40585,"comment_status":"open","ping_status":"closed","template":"","meta":[],"product_brand":[],"product_cat":[255,209,168],"product_tag":[2187,2590,1028,2583,2584,2589,2587,2586,2591,1025,2592,2585,431,2588,733,2593],"class_list":{"0":"post-37800","1":"product","2":"type-product","3":"status-publish","4":"has-post-thumbnail","6":"product_cat-altin-gumus-bileklikler","7":"product_cat-deri-orgu-bileklik","8":"product_cat-for-men","9":"product_tag-adjustable-bracelet","10":"product_tag-altin-plaka-bileklik","11":"product_tag-ayarlanabilir-bileklik","12":"product_tag-ayetel-kursi-bileklik","13":"product_tag-ayetel-kursi-bracelet","14":"product_tag-cord-bracelet","15":"product_tag-duali-bileklik","16":"product_tag-evil-eye-prayer-bracelet","17":"product_tag-gold-plate-bracelet","18":"product_tag-ip-bileklik","19":"product_tag-manevi-taki","20":"product_tag-nazar-duasi-bileklik","21":"product_tag-nazarlik-bileklik","22":"product_tag-prayer-bracelet","23":"product_tag-protection-bracelet","24":"product_tag-spiritual-jewelry","25":"pa_cinsiyet-erkek","27":"first","28":"instock","29":"shipping-taxable","30":"product-type-simple"},"_links":{"self":[{"href":"https:\/\/www.gasia.com.tr\/en\/wp-json\/wp\/v2\/product\/37800","targetHints":{"allow":["GET"]}}],"collection":[{"href":"https:\/\/www.gasia.com.tr\/en\/wp-json\/wp\/v2\/product"}],"about":[{"href":"https:\/\/www.gasia.com.tr\/en\/wp-json\/wp\/v2\/types\/product"}],"replies":[{"embeddable":true,"href":"https:\/\/www.gasia.com.tr\/en\/wp-json\/wp\/v2\/comments?post=37800"}],"version-history":[{"count":2,"href":"https:\/\/www.gasia.com.tr\/en\/wp-json\/wp\/v2\/product\/37800\/revisions"}],"predecessor-version":[{"id":40590,"href":"https:\/\/www.gasia.com.tr\/en\/wp-json\/wp\/v2\/product\/37800\/revisions\/40590"}],"wp:featuredmedia":[{"embeddable":true,"href":"https:\/\/www.gasia.com.tr\/en\/wp-json\/wp\/v2\/media\/40585"}],"wp:attachment":[{"href":"https:\/\/www.gasia.com.tr\/en\/wp-json\/wp\/v2\/media?parent=37800"}],"wp:term":[{"taxonomy":"product_brand","embeddable":true,"href":"https:\/\/www.gasia.com.tr\/en\/wp-json\/wp\/v2\/product_brand?post=37800"},{"taxonomy":"product_cat","embeddable":true,"href":"https:\/\/www.gasia.com.tr\/en\/wp-json\/wp\/v2\/product_cat?post=37800"},{"taxonomy":"product_tag","embeddable":true,"href":"https:\/\/www.gasia.com.tr\/en\/wp-json\/wp\/v2\/product_tag?post=37800"}],"curies":[{"name":"wp","href":"https:\/\/api.w.org\/{rel}","templated":true}]}}