{"id":37802,"date":"2026-02-08T11:38:22","date_gmt":"2026-02-08T08:38:22","guid":{"rendered":"https:\/\/www.gasia.com.tr\/?post_type=product&#038;p=37802"},"modified":"2026-03-16T22:30:34","modified_gmt":"2026-03-16T19:30:34","slug":"link-bileklik-2","status":"publish","type":"product","link":"https:\/\/www.gasia.com.tr\/en\/collections\/link-bileklik-2\/","title":{"rendered":"Ata\u00e7 Zincir Alt\u0131n Bileklik"},"content":{"rendered":"<p>Ata\u00e7 zincir tasar\u0131ml\u0131 alt\u0131n bileklik. G\u00fcnl\u00fck kullan\u0131ma uygun modern ve zarif bileklik modeli.<\/p>","protected":false},"excerpt":{"rendered":"<ul>\n<li>14 ayar alt\u0131n<\/li>\n<li>18 cm uzunluk<\/li>\n<\/ul>","protected":false},"featured_media":39506,"comment_status":"open","ping_status":"closed","template":"","meta":[],"product_brand":[],"product_cat":[255],"product_tag":[411,1105,514,418,738,1106,1109,363,622,1108,1107,435],"class_list":{"0":"post-37802","1":"product","2":"type-product","3":"status-publish","4":"has-post-thumbnail","6":"product_cat-altin-gumus-bileklikler","7":"product_tag-altin-zincir-bileklik","8":"product_tag-atac-zincir-bileklik","9":"product_tag-fine-jewelry-bracelet","10":"product_tag-gold-chain-bracelet","11":"product_tag-kadin-altin-bileklik","12":"product_tag-minimal-altin-bileklik","13":"product_tag-minimalist-gold-bracelet","14":"product_tag-modern-bileklik","15":"product_tag-modern-bracelet","16":"product_tag-paperclip-bracelet","17":"product_tag-paperclip-chain-bracelet","18":"product_tag-zincir-bileklik","19":"pa_cinsiyet-erkek","20":"pa_cinsiyet-kadin","22":"first","23":"instock","24":"shipping-taxable","25":"product-type-simple"},"_links":{"self":[{"href":"https:\/\/www.gasia.com.tr\/en\/wp-json\/wp\/v2\/product\/37802","targetHints":{"allow":["GET"]}}],"collection":[{"href":"https:\/\/www.gasia.com.tr\/en\/wp-json\/wp\/v2\/product"}],"about":[{"href":"https:\/\/www.gasia.com.tr\/en\/wp-json\/wp\/v2\/types\/product"}],"replies":[{"embeddable":true,"href":"https:\/\/www.gasia.com.tr\/en\/wp-json\/wp\/v2\/comments?post=37802"}],"version-history":[{"count":2,"href":"https:\/\/www.gasia.com.tr\/en\/wp-json\/wp\/v2\/product\/37802\/revisions"}],"predecessor-version":[{"id":39510,"href":"https:\/\/www.gasia.com.tr\/en\/wp-json\/wp\/v2\/product\/37802\/revisions\/39510"}],"wp:featuredmedia":[{"embeddable":true,"href":"https:\/\/www.gasia.com.tr\/en\/wp-json\/wp\/v2\/media\/39506"}],"wp:attachment":[{"href":"https:\/\/www.gasia.com.tr\/en\/wp-json\/wp\/v2\/media?parent=37802"}],"wp:term":[{"taxonomy":"product_brand","embeddable":true,"href":"https:\/\/www.gasia.com.tr\/en\/wp-json\/wp\/v2\/product_brand?post=37802"},{"taxonomy":"product_cat","embeddable":true,"href":"https:\/\/www.gasia.com.tr\/en\/wp-json\/wp\/v2\/product_cat?post=37802"},{"taxonomy":"product_tag","embeddable":true,"href":"https:\/\/www.gasia.com.tr\/en\/wp-json\/wp\/v2\/product_tag?post=37802"}],"curies":[{"name":"wp","href":"https:\/\/api.w.org\/{rel}","templated":true}]}}