{"id":37815,"date":"2026-02-11T00:00:00","date_gmt":"2026-02-10T21:00:00","guid":{"rendered":"https:\/\/www.gasia.com.tr\/?post_type=product&#038;p=37815"},"modified":"2026-03-27T09:00:37","modified_gmt":"2026-03-27T06:00:37","slug":"pirlanta-detayli-besmele-yazili-altin-kolye","status":"publish","type":"product","link":"https:\/\/www.gasia.com.tr\/en\/collections\/pirlanta-detayli-besmele-yazili-altin-kolye\/","title":{"rendered":"P\u0131rlanta Detayl\u0131 Besmele Yaz\u0131l\u0131 Alt\u0131n Kolye"},"content":{"rendered":"<p>\u0130slami hat sanat\u0131n\u0131n zarif bir yorumu olan bu kolye, damla formu i\u00e7inde i\u015flenen Besmele yaz\u0131s\u0131 ile anlaml\u0131 bir tasar\u0131m sunar. Alt\u0131n y\u00fczey \u00fczerine i\u015flenen detayl\u0131 hat yaz\u0131s\u0131, \u00e7evresini saran p\u0131rlanta \u00e7er\u00e7eve ile \u0131\u015f\u0131lt\u0131l\u0131 bir g\u00f6r\u00fcn\u00fcm kazan\u0131r. Yaprak motifli zinciriyle tamamlanan bu kolye, hem manevi de\u011feri hem de estetik tasar\u0131m\u0131yla \u00f6zel bir m\u00fccevherdir.<\/p>","protected":false},"excerpt":{"rendered":"<ul>\n<li>18 Ayar Alt\u0131n<\/li>\n<li>0.55 ct P\u0131rlanta<\/li>\n<li>42 cm Zincir uzunlu\u011fu<\/li>\n<\/ul>","protected":false},"featured_media":39724,"comment_status":"open","ping_status":"closed","template":"","meta":[],"product_brand":[],"product_cat":[260,75],"product_tag":[1495,1089,991,1491,1492,1497,1498,1500,1501,1494,1496,1499,1493,1502],"class_list":{"0":"post-37815","1":"product","2":"type-product","3":"status-publish","4":"has-post-thumbnail","6":"product_cat-kadin","7":"product_cat-kolye","8":"product_tag-altin-besmele-kolye","9":"product_tag-anlamli-kolye","10":"product_tag-arabic-calligraphy-necklace","11":"product_tag-besmele-kolye","12":"product_tag-besmele-yazili-kolye","13":"product_tag-bismillah-necklace","14":"product_tag-bismillah-pendant","15":"product_tag-diamond-calligraphy-pendant","16":"product_tag-gold-religious-necklace","17":"product_tag-hat-yazili-kolye","18":"product_tag-islami-kolye","19":"product_tag-islamic-jewelry-necklace","20":"product_tag-pirlantali-besmele-kolye","21":"product_tag-spiritual-jewelry-necklace","22":"pa_cinsiyet-kadin","24":"first","25":"instock","26":"shipping-taxable","27":"purchasable","28":"product-type-simple"},"_links":{"self":[{"href":"https:\/\/www.gasia.com.tr\/en\/wp-json\/wp\/v2\/product\/37815","targetHints":{"allow":["GET"]}}],"collection":[{"href":"https:\/\/www.gasia.com.tr\/en\/wp-json\/wp\/v2\/product"}],"about":[{"href":"https:\/\/www.gasia.com.tr\/en\/wp-json\/wp\/v2\/types\/product"}],"replies":[{"embeddable":true,"href":"https:\/\/www.gasia.com.tr\/en\/wp-json\/wp\/v2\/comments?post=37815"}],"version-history":[{"count":3,"href":"https:\/\/www.gasia.com.tr\/en\/wp-json\/wp\/v2\/product\/37815\/revisions"}],"predecessor-version":[{"id":39726,"href":"https:\/\/www.gasia.com.tr\/en\/wp-json\/wp\/v2\/product\/37815\/revisions\/39726"}],"wp:featuredmedia":[{"embeddable":true,"href":"https:\/\/www.gasia.com.tr\/en\/wp-json\/wp\/v2\/media\/39724"}],"wp:attachment":[{"href":"https:\/\/www.gasia.com.tr\/en\/wp-json\/wp\/v2\/media?parent=37815"}],"wp:term":[{"taxonomy":"product_brand","embeddable":true,"href":"https:\/\/www.gasia.com.tr\/en\/wp-json\/wp\/v2\/product_brand?post=37815"},{"taxonomy":"product_cat","embeddable":true,"href":"https:\/\/www.gasia.com.tr\/en\/wp-json\/wp\/v2\/product_cat?post=37815"},{"taxonomy":"product_tag","embeddable":true,"href":"https:\/\/www.gasia.com.tr\/en\/wp-json\/wp\/v2\/product_tag?post=37815"}],"curies":[{"name":"wp","href":"https:\/\/api.w.org\/{rel}","templated":true}]}}