{"id":37821,"date":"2026-02-11T00:00:00","date_gmt":"2026-02-10T21:00:00","guid":{"rendered":"https:\/\/www.gasia.com.tr\/?post_type=product&#038;p=37821"},"modified":"2026-03-27T09:00:42","modified_gmt":"2026-03-27T06:00:42","slug":"avustralya-safirli-goz-kolye","status":"publish","type":"product","link":"https:\/\/www.gasia.com.tr\/en\/collections\/avustralya-safirli-goz-kolye\/","title":{"rendered":"Avustralya Safirli G\u00f6z Kolye"},"content":{"rendered":"<ul>\n<li>14 Ayar Alt\u0131n<\/li>\n<li>0.10 ct Beyaz P\u0131rlanta<\/li>\n<li>0.07 ct Sar\u0131 Safir<\/li>\n<li>0.18 ct Safir<\/li>\n<li>21.3 \/ 11.9 mm kolye \u00f6l\u00e7\u00fcs\u00fc<\/li>\n<li>42 cm zincir uzunlu\u011fu<\/li>\n<\/ul>","protected":false},"excerpt":{"rendered":"<p>14 Ayar Alt\u0131n 0.10 ct Beyaz P\u0131rlanta 0.07 ct Sar\u0131 Safir 0.18 ct Safir 21.3 \/ 11.9 mm kolye \u00f6l\u00e7\u00fcs\u00fc<\/p>","protected":false},"featured_media":37614,"comment_status":"open","ping_status":"closed","template":"","meta":[],"product_brand":[],"product_cat":[247,260,75,198],"product_tag":[],"class_list":{"0":"post-37821","1":"product","2":"type-product","3":"status-publish","4":"has-post-thumbnail","6":"product_cat-hediyelik","7":"product_cat-kadin","8":"product_cat-kolye","9":"product_cat-eye-collection","10":"pa_cinsiyet-kadin","12":"first","13":"instock","14":"sale","15":"shipping-taxable","16":"purchasable","17":"product-type-simple"},"_links":{"self":[{"href":"https:\/\/www.gasia.com.tr\/en\/wp-json\/wp\/v2\/product\/37821","targetHints":{"allow":["GET"]}}],"collection":[{"href":"https:\/\/www.gasia.com.tr\/en\/wp-json\/wp\/v2\/product"}],"about":[{"href":"https:\/\/www.gasia.com.tr\/en\/wp-json\/wp\/v2\/types\/product"}],"replies":[{"embeddable":true,"href":"https:\/\/www.gasia.com.tr\/en\/wp-json\/wp\/v2\/comments?post=37821"}],"version-history":[{"count":2,"href":"https:\/\/www.gasia.com.tr\/en\/wp-json\/wp\/v2\/product\/37821\/revisions"}],"predecessor-version":[{"id":37866,"href":"https:\/\/www.gasia.com.tr\/en\/wp-json\/wp\/v2\/product\/37821\/revisions\/37866"}],"wp:featuredmedia":[{"embeddable":true,"href":"https:\/\/www.gasia.com.tr\/en\/wp-json\/wp\/v2\/media\/37614"}],"wp:attachment":[{"href":"https:\/\/www.gasia.com.tr\/en\/wp-json\/wp\/v2\/media?parent=37821"}],"wp:term":[{"taxonomy":"product_brand","embeddable":true,"href":"https:\/\/www.gasia.com.tr\/en\/wp-json\/wp\/v2\/product_brand?post=37821"},{"taxonomy":"product_cat","embeddable":true,"href":"https:\/\/www.gasia.com.tr\/en\/wp-json\/wp\/v2\/product_cat?post=37821"},{"taxonomy":"product_tag","embeddable":true,"href":"https:\/\/www.gasia.com.tr\/en\/wp-json\/wp\/v2\/product_tag?post=37821"}],"curies":[{"name":"wp","href":"https:\/\/api.w.org\/{rel}","templated":true}]}}