{"id":37827,"date":"2026-01-11T19:58:54","date_gmt":"2026-01-11T16:58:54","guid":{"rendered":"https:\/\/www.gasia.com.tr\/?post_type=product&#038;p=37827"},"modified":"2026-03-27T10:01:21","modified_gmt":"2026-03-27T07:01:21","slug":"mavi-ve-beyaz-pirlanta-sari-safir-goz-kolye","status":"publish","type":"product","link":"https:\/\/www.gasia.com.tr\/en\/collections\/mavi-ve-beyaz-pirlanta-sari-safir-goz-kolye\/","title":{"rendered":"Mavi ve Beyaz P\u0131rlanta Sar\u0131 Safir G\u00f6z Kolye"},"content":{"rendered":"<p data-start=\"89\" data-end=\"433\">G\u00f6z formundan ilham alan bu kolye, merkezde yer alan sar\u0131 safir ile dikkat \u00e7ekici bir odak noktas\u0131 olu\u015fturur. \u00c7evresini saran mavi ve beyaz p\u0131rlantalar, tasar\u0131ma \u0131\u015f\u0131lt\u0131 ve derinlik katar. Yuvarlak ve dengeli formu sayesinde modern ve zarif bir g\u00f6r\u00fcn\u00fcm sunan bu model, hem g\u00fcnl\u00fck stilinize hem de \u00f6zel anlar\u0131n\u0131za e\u015flik edecek \u015f\u0131k bir par\u00e7ad\u0131r.<\/p>","protected":false},"excerpt":{"rendered":"<ul>\n<li>18 Ayar Alt\u0131n<\/li>\n<li>0.09 ct Beyaz P\u0131rlanta<\/li>\n<li>0.90 ct Mavi P\u0131rlanta<\/li>\n<li>0.07 ct Sar\u0131 Safir<\/li>\n<li>42 cm zincir uzunlu\u011fu<\/li>\n<\/ul>","protected":false},"featured_media":40980,"comment_status":"open","ping_status":"closed","template":"","meta":[],"product_brand":[77],"product_cat":[247,260,75,198],"product_tag":[278,2098,2072,2709,294,2803,726,1180,1697,2673,473,1511,477,1417,2068,277,1302,280,276,284,2739,329,1452,2742,2062,476],"class_list":{"0":"post-37827","1":"product","2":"type-product","3":"status-publish","4":"has-post-thumbnail","6":"product_brand-gasia","7":"product_cat-hediyelik","8":"product_cat-kadin","9":"product_cat-kolye","10":"product_cat-eye-collection","11":"product_tag-altin-kolye","12":"product_tag-beyaz-pirlanta-kolye","13":"product_tag-blue-diamond-necklace","14":"product_tag-dainty-necklace","15":"product_tag-diamond-necklace","16":"product_tag-evil-eye-diamond-necklace","17":"product_tag-evil-eye-necklace","18":"product_tag-fine-jewelry-necklace","19":"product_tag-gold-pendant","20":"product_tag-goz-kolye","21":"product_tag-kadin-kolye","22":"product_tag-koruyucu-kolye","23":"product_tag-luks-kolye","24":"product_tag-luxury-necklace","25":"product_tag-mavi-pirlanta-kolye","26":"product_tag-modern-kolye","27":"product_tag-nazar-boncugu-kolye","28":"product_tag-nazar-kolye","29":"product_tag-pirlanta-kolye","30":"product_tag-sans-kolyesi","31":"product_tag-sari-safir-kolye","32":"product_tag-tasli-kolye","33":"product_tag-white-diamond-necklace","34":"product_tag-yellow-sapphire-necklace","35":"product_tag-yuvarlak-kolye","36":"product_tag-zarif-kolye","37":"pa_cinsiyet-kadin","39":"first","40":"instock","41":"sold-individually","42":"shipping-taxable","43":"purchasable","44":"product-type-simple"},"_links":{"self":[{"href":"https:\/\/www.gasia.com.tr\/en\/wp-json\/wp\/v2\/product\/37827","targetHints":{"allow":["GET"]}}],"collection":[{"href":"https:\/\/www.gasia.com.tr\/en\/wp-json\/wp\/v2\/product"}],"about":[{"href":"https:\/\/www.gasia.com.tr\/en\/wp-json\/wp\/v2\/types\/product"}],"replies":[{"embeddable":true,"href":"https:\/\/www.gasia.com.tr\/en\/wp-json\/wp\/v2\/comments?post=37827"}],"version-history":[{"count":2,"href":"https:\/\/www.gasia.com.tr\/en\/wp-json\/wp\/v2\/product\/37827\/revisions"}],"predecessor-version":[{"id":40981,"href":"https:\/\/www.gasia.com.tr\/en\/wp-json\/wp\/v2\/product\/37827\/revisions\/40981"}],"wp:featuredmedia":[{"embeddable":true,"href":"https:\/\/www.gasia.com.tr\/en\/wp-json\/wp\/v2\/media\/40980"}],"wp:attachment":[{"href":"https:\/\/www.gasia.com.tr\/en\/wp-json\/wp\/v2\/media?parent=37827"}],"wp:term":[{"taxonomy":"product_brand","embeddable":true,"href":"https:\/\/www.gasia.com.tr\/en\/wp-json\/wp\/v2\/product_brand?post=37827"},{"taxonomy":"product_cat","embeddable":true,"href":"https:\/\/www.gasia.com.tr\/en\/wp-json\/wp\/v2\/product_cat?post=37827"},{"taxonomy":"product_tag","embeddable":true,"href":"https:\/\/www.gasia.com.tr\/en\/wp-json\/wp\/v2\/product_tag?post=37827"}],"curies":[{"name":"wp","href":"https:\/\/api.w.org\/{rel}","templated":true}]}}