{"id":37842,"date":"2026-02-08T21:11:35","date_gmt":"2026-02-08T18:11:35","guid":{"rendered":"https:\/\/www.gasia.com.tr\/?post_type=product&#038;p=37842"},"modified":"2026-05-07T16:39:39","modified_gmt":"2026-05-07T13:39:39","slug":"siyah-pirlanta-erkek-su-bileklik","status":"publish","type":"product","link":"https:\/\/www.gasia.com.tr\/en\/collections\/siyah-pirlanta-erkek-su-bileklik\/","title":{"rendered":"Siyah P\u0131rlanta Erkek Su Bileklik"},"content":{"rendered":"<p>G\u00fc\u00e7l\u00fc ve modern \u00e7izgileriyle \u00f6ne \u00e7\u0131kan bu erkek su yolu bileklik modeli, s\u0131ra halinde dizilmi\u015f siyah p\u0131rlanta ta\u015flar\u0131yla \u00e7arp\u0131c\u0131 bir g\u00f6r\u00fcn\u00fcm sunuyor. Beyaz alt\u0131n\u0131n parlak y\u00fczeyi ile siyah p\u0131rlantalar\u0131n derin ve gizemli \u0131\u015f\u0131lt\u0131s\u0131 birle\u015ferek mask\u00fclen ve sofistike bir stil yarat\u0131yor. Minimal formuna ra\u011fmen dikkat \u00e7ekici bir karakter ta\u015f\u0131yan bu tasar\u0131m, g\u00fcnl\u00fck kullan\u0131mda modern bir l\u00fcks hissi sunarken \u00f6zel kombinlerde g\u00fc\u00e7l\u00fc bir tamamlay\u0131c\u0131 olarak \u00f6ne \u00e7\u0131k\u0131yor.<\/p>","protected":false},"excerpt":{"rendered":"<ul>\n<li>14 Ayar Alt\u0131n<\/li>\n<li>3.43 ct Siyah P\u0131rlanta<\/li>\n<\/ul>","protected":false},"featured_media":43531,"comment_status":"open","ping_status":"closed","template":"","meta":[],"product_brand":[77,2957],"product_cat":[255],"product_tag":[2242,2239,4133,4129,4136,352,420,512,543,4130,1861,514,2625,510,4134,2960,620,624,4135,4131,426,622,2999,4132,2238,2211,4137,1805,4127,4128,2245],"class_list":{"0":"post-37842","1":"product","2":"type-product","3":"status-publish","4":"has-post-thumbnail","6":"product_brand-gasia","7":"product_brand-gasia-for-man","8":"product_cat-altin-gumus-bileklikler","9":"product_tag-beyaz-altin-bileklik","10":"product_tag-black-diamond-bracelet","11":"product_tag-black-diamond-jewelry","12":"product_tag-black-gemstone-bracelet","13":"product_tag-black-luxury-bracelet","14":"product_tag-contemporary-jewelry","15":"product_tag-designer-bracelet","16":"product_tag-elegant-bracelet","17":"product_tag-erkek-bileklik","18":"product_tag-erkek-su-yolu-bileklik","19":"product_tag-erkek-taki","20":"product_tag-fine-jewelry-bracelet","21":"product_tag-gunluk-erkek-bileklik","22":"product_tag-luxury-bracelet","23":"product_tag-luxury-men-jewelry","24":"product_tag-masculine-jewelry","25":"product_tag-men-bracelet","26":"product_tag-men-jewelry","27":"product_tag-men-luxury-accessory","28":"product_tag-mens-tennis-bracelet","29":"product_tag-minimalist-bracelet","30":"product_tag-modern-bracelet","31":"product_tag-premium-bracelet","32":"product_tag-siyah-elmas-bileklik","33":"product_tag-siyah-pirlanta-bileklik","34":"product_tag-siyah-tasli-bileklik","35":"product_tag-sophisticated-bracelet","36":"product_tag-statement-bracelet","37":"product_tag-su-yolu-bileklik","38":"product_tag-tennis-bracelet","39":"product_tag-white-gold-bracelet","40":"pa_cinsiyet-erkek","42":"first","43":"instock","44":"shipping-taxable","45":"product-type-simple"},"_links":{"self":[{"href":"https:\/\/www.gasia.com.tr\/en\/wp-json\/wp\/v2\/product\/37842","targetHints":{"allow":["GET"]}}],"collection":[{"href":"https:\/\/www.gasia.com.tr\/en\/wp-json\/wp\/v2\/product"}],"about":[{"href":"https:\/\/www.gasia.com.tr\/en\/wp-json\/wp\/v2\/types\/product"}],"replies":[{"embeddable":true,"href":"https:\/\/www.gasia.com.tr\/en\/wp-json\/wp\/v2\/comments?post=37842"}],"version-history":[{"count":3,"href":"https:\/\/www.gasia.com.tr\/en\/wp-json\/wp\/v2\/product\/37842\/revisions"}],"predecessor-version":[{"id":43532,"href":"https:\/\/www.gasia.com.tr\/en\/wp-json\/wp\/v2\/product\/37842\/revisions\/43532"}],"wp:featuredmedia":[{"embeddable":true,"href":"https:\/\/www.gasia.com.tr\/en\/wp-json\/wp\/v2\/media\/43531"}],"wp:attachment":[{"href":"https:\/\/www.gasia.com.tr\/en\/wp-json\/wp\/v2\/media?parent=37842"}],"wp:term":[{"taxonomy":"product_brand","embeddable":true,"href":"https:\/\/www.gasia.com.tr\/en\/wp-json\/wp\/v2\/product_brand?post=37842"},{"taxonomy":"product_cat","embeddable":true,"href":"https:\/\/www.gasia.com.tr\/en\/wp-json\/wp\/v2\/product_cat?post=37842"},{"taxonomy":"product_tag","embeddable":true,"href":"https:\/\/www.gasia.com.tr\/en\/wp-json\/wp\/v2\/product_tag?post=37842"}],"curies":[{"name":"wp","href":"https:\/\/api.w.org\/{rel}","templated":true}]}}