{"id":37856,"date":"2026-02-01T14:14:54","date_gmt":"2026-02-01T11:14:54","guid":{"rendered":"https:\/\/www.gasia.com.tr\/?post_type=product&#038;p=37856"},"modified":"2026-03-16T22:30:33","modified_gmt":"2026-03-16T19:30:33","slug":"slyah-pirlanatli-kurukafa-bileklik","status":"publish","type":"product","link":"https:\/\/www.gasia.com.tr\/en\/collections\/slyah-pirlanatli-kurukafa-bileklik\/","title":{"rendered":"Slyah P\u0131rlanatl\u0131 Kurukafa Bileklik"},"content":{"rendered":"<ul>\n<li>925 Ayar Okside G\u00fcm\u00fc\u015f<\/li>\n<li>0.74 ct 2 adet elmas kesim damla siyah P\u0131rlanta<\/li>\n<li>0.88 ct elmas kesim yuvarlak siyah P\u0131rlanta<\/li>\n<li>0.06 ct 3 adet konyak P\u0131rlanta<\/li>\n<\/ul>","protected":false},"excerpt":{"rendered":"<p>925 Ayar Okside G\u00fcm\u00fc\u015f 0.74 ct 2 adet elmas kesim damla siyah P\u0131rlanta 0.88 ct elmas kesim yuvarlak siyah P\u0131rlanta<\/p>","protected":false},"featured_media":37783,"comment_status":"open","ping_status":"closed","template":"","meta":[],"product_brand":[],"product_cat":[255],"product_tag":[],"class_list":{"0":"post-37856","1":"product","2":"type-product","3":"status-publish","4":"has-post-thumbnail","6":"product_cat-altin-gumus-bileklikler","7":"pa_cinsiyet-erkek","9":"first","10":"instock","11":"shipping-taxable","12":"product-type-simple"},"_links":{"self":[{"href":"https:\/\/www.gasia.com.tr\/en\/wp-json\/wp\/v2\/product\/37856","targetHints":{"allow":["GET"]}}],"collection":[{"href":"https:\/\/www.gasia.com.tr\/en\/wp-json\/wp\/v2\/product"}],"about":[{"href":"https:\/\/www.gasia.com.tr\/en\/wp-json\/wp\/v2\/types\/product"}],"replies":[{"embeddable":true,"href":"https:\/\/www.gasia.com.tr\/en\/wp-json\/wp\/v2\/comments?post=37856"}],"version-history":[{"count":3,"href":"https:\/\/www.gasia.com.tr\/en\/wp-json\/wp\/v2\/product\/37856\/revisions"}],"predecessor-version":[{"id":37859,"href":"https:\/\/www.gasia.com.tr\/en\/wp-json\/wp\/v2\/product\/37856\/revisions\/37859"}],"wp:featuredmedia":[{"embeddable":true,"href":"https:\/\/www.gasia.com.tr\/en\/wp-json\/wp\/v2\/media\/37783"}],"wp:attachment":[{"href":"https:\/\/www.gasia.com.tr\/en\/wp-json\/wp\/v2\/media?parent=37856"}],"wp:term":[{"taxonomy":"product_brand","embeddable":true,"href":"https:\/\/www.gasia.com.tr\/en\/wp-json\/wp\/v2\/product_brand?post=37856"},{"taxonomy":"product_cat","embeddable":true,"href":"https:\/\/www.gasia.com.tr\/en\/wp-json\/wp\/v2\/product_cat?post=37856"},{"taxonomy":"product_tag","embeddable":true,"href":"https:\/\/www.gasia.com.tr\/en\/wp-json\/wp\/v2\/product_tag?post=37856"}],"curies":[{"name":"wp","href":"https:\/\/api.w.org\/{rel}","templated":true}]}}