{"id":37872,"date":"2026-02-11T00:00:00","date_gmt":"2026-02-10T21:00:00","guid":{"rendered":"https:\/\/www.gasia.com.tr\/?post_type=product&#038;p=37872"},"modified":"2026-03-27T09:00:42","modified_gmt":"2026-03-27T06:00:42","slug":"siyah-mine-uzerine-pirlanta-cicek-altin-yuzuk","status":"publish","type":"product","link":"https:\/\/www.gasia.com.tr\/en\/collections\/siyah-mine-uzerine-pirlanta-cicek-altin-yuzuk\/","title":{"rendered":"Siyah Mine \u00dczerine P\u0131rlanta \u00c7i\u00e7ek Alt\u0131n Y\u00fcz\u00fck"},"content":{"rendered":"<p>Siyah mine detayl\u0131 alt\u0131n y\u00fcz\u00fck \u00fczerinde p\u0131rlanta \u00e7i\u00e7ek tasar\u0131m\u0131. Modern ve \u015f\u0131k g\u00f6r\u00fcn\u00fcm\u00fcyle dikkat \u00e7eken \u00f6zel tasar\u0131m y\u00fcz\u00fck.<\/p>","protected":false},"excerpt":{"rendered":"<ul>\n<li>14 Ayar Alt\u0131n<\/li>\n<li>0.63 ct P\u0131rlanta<\/li>\n<\/ul>","protected":false},"featured_media":39537,"comment_status":"open","ping_status":"closed","template":"","meta":[],"product_brand":[],"product_cat":[260,76],"product_tag":[1138,343,609,1139,1140,1141,439,1142,1136,1135,1134,1137],"class_list":{"0":"post-37872","1":"product","2":"type-product","3":"status-publish","4":"has-post-thumbnail","6":"product_cat-kadin","7":"product_cat-yuzuk-modelleri","8":"product_tag-black-enamel-ring","9":"product_tag-cicek-motifli-yuzuk","10":"product_tag-designer-gold-ring","11":"product_tag-diamond-flower-ring","12":"product_tag-enamel-gold-ring","13":"product_tag-floral-diamond-ring","14":"product_tag-kadin-altin-yuzuk","15":"product_tag-luxury-flower-ring","16":"product_tag-mine-altin-yuzuk","17":"product_tag-pirlanta-cicek-yuzuk","18":"product_tag-siyah-mine-yuzuk","19":"product_tag-tasarim-altin-yuzuk","20":"pa_cinsiyet-kadin","22":"first","23":"instock","24":"shipping-taxable","25":"purchasable","26":"product-type-simple"},"_links":{"self":[{"href":"https:\/\/www.gasia.com.tr\/en\/wp-json\/wp\/v2\/product\/37872","targetHints":{"allow":["GET"]}}],"collection":[{"href":"https:\/\/www.gasia.com.tr\/en\/wp-json\/wp\/v2\/product"}],"about":[{"href":"https:\/\/www.gasia.com.tr\/en\/wp-json\/wp\/v2\/types\/product"}],"replies":[{"embeddable":true,"href":"https:\/\/www.gasia.com.tr\/en\/wp-json\/wp\/v2\/comments?post=37872"}],"version-history":[{"count":2,"href":"https:\/\/www.gasia.com.tr\/en\/wp-json\/wp\/v2\/product\/37872\/revisions"}],"predecessor-version":[{"id":39540,"href":"https:\/\/www.gasia.com.tr\/en\/wp-json\/wp\/v2\/product\/37872\/revisions\/39540"}],"wp:featuredmedia":[{"embeddable":true,"href":"https:\/\/www.gasia.com.tr\/en\/wp-json\/wp\/v2\/media\/39537"}],"wp:attachment":[{"href":"https:\/\/www.gasia.com.tr\/en\/wp-json\/wp\/v2\/media?parent=37872"}],"wp:term":[{"taxonomy":"product_brand","embeddable":true,"href":"https:\/\/www.gasia.com.tr\/en\/wp-json\/wp\/v2\/product_brand?post=37872"},{"taxonomy":"product_cat","embeddable":true,"href":"https:\/\/www.gasia.com.tr\/en\/wp-json\/wp\/v2\/product_cat?post=37872"},{"taxonomy":"product_tag","embeddable":true,"href":"https:\/\/www.gasia.com.tr\/en\/wp-json\/wp\/v2\/product_tag?post=37872"}],"curies":[{"name":"wp","href":"https:\/\/api.w.org\/{rel}","templated":true}]}}