{"id":37879,"date":"2026-02-11T00:00:00","date_gmt":"2026-02-10T21:00:00","guid":{"rendered":"https:\/\/www.gasia.com.tr\/?post_type=product&#038;p=37879"},"modified":"2026-03-27T09:00:43","modified_gmt":"2026-03-27T06:00:43","slug":"serce-parmak-yuzuk-2","status":"publish","type":"product","link":"https:\/\/www.gasia.com.tr\/en\/collections\/serce-parmak-yuzuk-2\/","title":{"rendered":"Ser\u00e7e Parmak Y\u00fcz\u00fck"},"content":{"rendered":"<ul>\n<li>14 Ayar Alt\u0131n<\/li>\n<li>0.19 ct 1 adet z\u00fcmr\u00fct kesim p\u0131rlanta<\/li>\n<li>0.73 ct 247 adet yuzarlak kesim P\u0131rlanta<\/li>\n<\/ul>","protected":false},"excerpt":{"rendered":"<p>14 Ayar Alt\u0131n 0.19 ct 1 adet z\u00fcmr\u00fct kesim p\u0131rlanta 0.73 ct 247 adet yuzarlak kesim P\u0131rlanta<\/p>","protected":false},"featured_media":37649,"comment_status":"open","ping_status":"closed","template":"","meta":[],"product_brand":[],"product_cat":[258],"product_tag":[],"class_list":{"0":"post-37879","1":"product","2":"type-product","3":"status-publish","4":"has-post-thumbnail","6":"product_cat-gasia-high-jewels-koleksiyonu","7":"pa_cinsiyet-kadin","9":"first","10":"instock","11":"sale","12":"shipping-taxable","13":"purchasable","14":"product-type-simple"},"_links":{"self":[{"href":"https:\/\/www.gasia.com.tr\/en\/wp-json\/wp\/v2\/product\/37879","targetHints":{"allow":["GET"]}}],"collection":[{"href":"https:\/\/www.gasia.com.tr\/en\/wp-json\/wp\/v2\/product"}],"about":[{"href":"https:\/\/www.gasia.com.tr\/en\/wp-json\/wp\/v2\/types\/product"}],"replies":[{"embeddable":true,"href":"https:\/\/www.gasia.com.tr\/en\/wp-json\/wp\/v2\/comments?post=37879"}],"version-history":[{"count":1,"href":"https:\/\/www.gasia.com.tr\/en\/wp-json\/wp\/v2\/product\/37879\/revisions"}],"predecessor-version":[{"id":37880,"href":"https:\/\/www.gasia.com.tr\/en\/wp-json\/wp\/v2\/product\/37879\/revisions\/37880"}],"wp:featuredmedia":[{"embeddable":true,"href":"https:\/\/www.gasia.com.tr\/en\/wp-json\/wp\/v2\/media\/37649"}],"wp:attachment":[{"href":"https:\/\/www.gasia.com.tr\/en\/wp-json\/wp\/v2\/media?parent=37879"}],"wp:term":[{"taxonomy":"product_brand","embeddable":true,"href":"https:\/\/www.gasia.com.tr\/en\/wp-json\/wp\/v2\/product_brand?post=37879"},{"taxonomy":"product_cat","embeddable":true,"href":"https:\/\/www.gasia.com.tr\/en\/wp-json\/wp\/v2\/product_cat?post=37879"},{"taxonomy":"product_tag","embeddable":true,"href":"https:\/\/www.gasia.com.tr\/en\/wp-json\/wp\/v2\/product_tag?post=37879"}],"curies":[{"name":"wp","href":"https:\/\/api.w.org\/{rel}","templated":true}]}}