{"id":37895,"date":"2026-02-11T00:00:00","date_gmt":"2026-02-10T21:00:00","guid":{"rendered":"https:\/\/www.gasia.com.tr\/?post_type=product&#038;p=37895"},"modified":"2026-03-27T09:00:44","modified_gmt":"2026-03-27T06:00:44","slug":"baget-kolye","status":"publish","type":"product","link":"https:\/\/www.gasia.com.tr\/en\/collections\/baget-kolye\/","title":{"rendered":"Baget Kolye"},"content":{"rendered":"<ul>\n<li>14 ayar Beyaz Alt\u0131n<\/li>\n<li>0.21 ct 1 adet Baget Kesim P\u0131rlanta<\/li>\n<li>0.29 ct 70 Adet Yuvarlak Kesim P\u0131rlanta<\/li>\n<li>45 cm Zincir uzunlu\u011fu<\/li>\n<\/ul>","protected":false},"excerpt":{"rendered":"<p>14 ayar Beyaz Alt\u0131n 0.21 ct 1 adet Baget Kesim P\u0131rlanta 0.29 ct 70 Adet Yuvarlak Kesim P\u0131rlanta 45 cm<\/p>","protected":false},"featured_media":37613,"comment_status":"open","ping_status":"closed","template":"","meta":[],"product_brand":[],"product_cat":[75],"product_tag":[],"class_list":{"0":"post-37895","1":"product","2":"type-product","3":"status-publish","4":"has-post-thumbnail","6":"product_cat-kolye","7":"pa_cinsiyet-kadin","9":"first","10":"instock","11":"shipping-taxable","12":"purchasable","13":"product-type-simple"},"_links":{"self":[{"href":"https:\/\/www.gasia.com.tr\/en\/wp-json\/wp\/v2\/product\/37895","targetHints":{"allow":["GET"]}}],"collection":[{"href":"https:\/\/www.gasia.com.tr\/en\/wp-json\/wp\/v2\/product"}],"about":[{"href":"https:\/\/www.gasia.com.tr\/en\/wp-json\/wp\/v2\/types\/product"}],"replies":[{"embeddable":true,"href":"https:\/\/www.gasia.com.tr\/en\/wp-json\/wp\/v2\/comments?post=37895"}],"version-history":[{"count":2,"href":"https:\/\/www.gasia.com.tr\/en\/wp-json\/wp\/v2\/product\/37895\/revisions"}],"predecessor-version":[{"id":37912,"href":"https:\/\/www.gasia.com.tr\/en\/wp-json\/wp\/v2\/product\/37895\/revisions\/37912"}],"wp:featuredmedia":[{"embeddable":true,"href":"https:\/\/www.gasia.com.tr\/en\/wp-json\/wp\/v2\/media\/37613"}],"wp:attachment":[{"href":"https:\/\/www.gasia.com.tr\/en\/wp-json\/wp\/v2\/media?parent=37895"}],"wp:term":[{"taxonomy":"product_brand","embeddable":true,"href":"https:\/\/www.gasia.com.tr\/en\/wp-json\/wp\/v2\/product_brand?post=37895"},{"taxonomy":"product_cat","embeddable":true,"href":"https:\/\/www.gasia.com.tr\/en\/wp-json\/wp\/v2\/product_cat?post=37895"},{"taxonomy":"product_tag","embeddable":true,"href":"https:\/\/www.gasia.com.tr\/en\/wp-json\/wp\/v2\/product_tag?post=37895"}],"curies":[{"name":"wp","href":"https:\/\/api.w.org\/{rel}","templated":true}]}}