{"id":37907,"date":"2026-02-11T00:00:00","date_gmt":"2026-02-10T21:00:00","guid":{"rendered":"https:\/\/www.gasia.com.tr\/?post_type=product&#038;p=37907"},"modified":"2026-03-27T09:00:47","modified_gmt":"2026-03-27T06:00:47","slug":"pirlanta-tasli-cicek-tasarim-rose-gold-yuzuk","status":"publish","type":"product","link":"https:\/\/www.gasia.com.tr\/en\/collections\/pirlanta-tasli-cicek-tasarim-rose-gold-yuzuk\/","title":{"rendered":"P\u0131rlanta Ta\u015fl\u0131 \u00c7i\u00e7ek Tasar\u0131m Rose Gold Y\u00fcz\u00fck"},"content":{"rendered":"<ul>\n<li>18 ayar rose Alt\u0131n<\/li>\n<li>1.02 ct 9 Adet Markiz kesim P\u0131rlanta<\/li>\n<\/ul>\n<p>&nbsp;<\/p>\n<ul>\n<li>Do\u011fadan ilham alan zarif tasar\u0131m\u0131yla \u00f6ne \u00e7\u0131kan bu p\u0131rlanta y\u00fcz\u00fck, ince dal formu ve \u00e7i\u00e7ek motifleriyle romantik bir g\u00f6r\u00fcn\u00fcm sunar. Rose gold tonunun s\u0131cakl\u0131\u011f\u0131yla birle\u015fen p\u0131rlanta ta\u015flar, y\u00fcz\u00fc\u011fe etkileyici bir \u0131\u015f\u0131lt\u0131 kazand\u0131r\u0131r. Modern ve sanatsal tasar\u0131m\u0131 sayesinde hem g\u00fcnl\u00fck kullan\u0131mda hem de \u00f6zel anlarda \u015f\u0131kl\u0131\u011f\u0131n\u0131z\u0131 tamamlar. Estetik detaylar\u0131 ve zarif yap\u0131s\u0131yla dikkat \u00e7eken bu p\u0131rlanta y\u00fcz\u00fck, stiline \u00f6zg\u00fcn dokunu\u015flar katmak isteyenler i\u00e7in ideal bir se\u00e7enektir.<\/li>\n<\/ul>","protected":false},"excerpt":{"rendered":"<p>18 ayar rose Alt\u0131n 1.02 ct 9 Adet Markiz kesim P\u0131rlanta &nbsp; Do\u011fadan ilham alan zarif tasar\u0131m\u0131yla \u00f6ne \u00e7\u0131kan bu<\/p>","protected":false},"featured_media":38942,"comment_status":"open","ping_status":"closed","template":"","meta":[],"product_brand":[],"product_cat":[76],"product_tag":[343,336,338,341,342,335,337,344,340,339],"class_list":{"0":"post-37907","1":"product","2":"type-product","3":"status-publish","4":"has-post-thumbnail","6":"product_cat-yuzuk-modelleri","7":"product_tag-cicek-motifli-yuzuk","8":"product_tag-cicek-yuzuk","9":"product_tag-doga-temali-yuzuk","10":"product_tag-kadin-pirlanta-yuzuk","11":"product_tag-modern-pirlanta-yuzuk","12":"product_tag-pirlanta-yuzuk","13":"product_tag-rose-gold-pirlanta-yuzuk","14":"product_tag-sik-yuzuk","15":"product_tag-tasarim-yuzuk","16":"product_tag-zarif-pirlanta-yuzuk","17":"pa_cinsiyet-kadin","19":"first","20":"instock","21":"sale","22":"shipping-taxable","23":"purchasable","24":"product-type-simple"},"_links":{"self":[{"href":"https:\/\/www.gasia.com.tr\/en\/wp-json\/wp\/v2\/product\/37907","targetHints":{"allow":["GET"]}}],"collection":[{"href":"https:\/\/www.gasia.com.tr\/en\/wp-json\/wp\/v2\/product"}],"about":[{"href":"https:\/\/www.gasia.com.tr\/en\/wp-json\/wp\/v2\/types\/product"}],"replies":[{"embeddable":true,"href":"https:\/\/www.gasia.com.tr\/en\/wp-json\/wp\/v2\/comments?post=37907"}],"version-history":[{"count":2,"href":"https:\/\/www.gasia.com.tr\/en\/wp-json\/wp\/v2\/product\/37907\/revisions"}],"predecessor-version":[{"id":38946,"href":"https:\/\/www.gasia.com.tr\/en\/wp-json\/wp\/v2\/product\/37907\/revisions\/38946"}],"wp:featuredmedia":[{"embeddable":true,"href":"https:\/\/www.gasia.com.tr\/en\/wp-json\/wp\/v2\/media\/38942"}],"wp:attachment":[{"href":"https:\/\/www.gasia.com.tr\/en\/wp-json\/wp\/v2\/media?parent=37907"}],"wp:term":[{"taxonomy":"product_brand","embeddable":true,"href":"https:\/\/www.gasia.com.tr\/en\/wp-json\/wp\/v2\/product_brand?post=37907"},{"taxonomy":"product_cat","embeddable":true,"href":"https:\/\/www.gasia.com.tr\/en\/wp-json\/wp\/v2\/product_cat?post=37907"},{"taxonomy":"product_tag","embeddable":true,"href":"https:\/\/www.gasia.com.tr\/en\/wp-json\/wp\/v2\/product_tag?post=37907"}],"curies":[{"name":"wp","href":"https:\/\/api.w.org\/{rel}","templated":true}]}}