{"id":37916,"date":"2026-02-11T00:00:00","date_gmt":"2026-02-10T21:00:00","guid":{"rendered":"https:\/\/www.gasia.com.tr\/?post_type=product&#038;p=37916"},"modified":"2026-03-27T09:00:45","modified_gmt":"2026-03-27T06:00:45","slug":"pirlanta-yaprak-tasarimli-altin-yuzuk","status":"publish","type":"product","link":"https:\/\/www.gasia.com.tr\/en\/collections\/pirlanta-yaprak-tasarimli-altin-yuzuk\/","title":{"rendered":"P\u0131rlanta Yaprak Tasar\u0131ml\u0131 Alt\u0131n Y\u00fcz\u00fck"},"content":{"rendered":"<ul>\n<li>18 ayar Rose Alt\u0131n<\/li>\n<li>0.41 ct P\u0131rlanta<\/li>\n<\/ul>","protected":false},"excerpt":{"rendered":"<p>18 ayar Rose Alt\u0131n 0.41 ct P\u0131rlanta<\/p>","protected":false},"featured_media":39001,"comment_status":"open","ping_status":"closed","template":"","meta":[],"product_brand":[],"product_cat":[260,76],"product_tag":[438,437,448,442,338,449,451,443,439,447,441,444,446,445,440,436,335,344,450,340],"class_list":{"0":"post-37916","1":"product","2":"type-product","3":"status-publish","4":"has-post-thumbnail","6":"product_cat-kadin","7":"product_cat-yuzuk-modelleri","8":"product_tag-acik-form-yuzuk","9":"product_tag-altin-yaprak-yuzuk","10":"product_tag-designer-diamond-ring","11":"product_tag-diamond-leaf-ring","12":"product_tag-doga-temali-yuzuk","13":"product_tag-elegant-gold-ring","14":"product_tag-fine-jewelry-ring","15":"product_tag-gold-wrap-ring","16":"product_tag-kadin-altin-yuzuk","17":"product_tag-leaf-motif-ring","18":"product_tag-luks-yuzuk-seo-uyumlu-urun-aciklamasi","19":"product_tag-nature-inspired-ring","20":"product_tag-open-gold-ring","21":"product_tag-pave-diamond-ring","22":"product_tag-pave-pirlanta-yuzuk","23":"product_tag-pirlanta-yaprak-yuzuk","24":"product_tag-pirlanta-yuzuk","25":"product_tag-sik-yuzuk","26":"product_tag-statement-ring","27":"product_tag-tasarim-yuzuk","28":"pa_cinsiyet-kadin","30":"first","31":"instock","32":"shipping-taxable","33":"purchasable","34":"product-type-simple"},"_links":{"self":[{"href":"https:\/\/www.gasia.com.tr\/en\/wp-json\/wp\/v2\/product\/37916","targetHints":{"allow":["GET"]}}],"collection":[{"href":"https:\/\/www.gasia.com.tr\/en\/wp-json\/wp\/v2\/product"}],"about":[{"href":"https:\/\/www.gasia.com.tr\/en\/wp-json\/wp\/v2\/types\/product"}],"replies":[{"embeddable":true,"href":"https:\/\/www.gasia.com.tr\/en\/wp-json\/wp\/v2\/comments?post=37916"}],"version-history":[{"count":2,"href":"https:\/\/www.gasia.com.tr\/en\/wp-json\/wp\/v2\/product\/37916\/revisions"}],"predecessor-version":[{"id":39005,"href":"https:\/\/www.gasia.com.tr\/en\/wp-json\/wp\/v2\/product\/37916\/revisions\/39005"}],"wp:featuredmedia":[{"embeddable":true,"href":"https:\/\/www.gasia.com.tr\/en\/wp-json\/wp\/v2\/media\/39001"}],"wp:attachment":[{"href":"https:\/\/www.gasia.com.tr\/en\/wp-json\/wp\/v2\/media?parent=37916"}],"wp:term":[{"taxonomy":"product_brand","embeddable":true,"href":"https:\/\/www.gasia.com.tr\/en\/wp-json\/wp\/v2\/product_brand?post=37916"},{"taxonomy":"product_cat","embeddable":true,"href":"https:\/\/www.gasia.com.tr\/en\/wp-json\/wp\/v2\/product_cat?post=37916"},{"taxonomy":"product_tag","embeddable":true,"href":"https:\/\/www.gasia.com.tr\/en\/wp-json\/wp\/v2\/product_tag?post=37916"}],"curies":[{"name":"wp","href":"https:\/\/api.w.org\/{rel}","templated":true}]}}