{"id":37930,"date":"2026-02-11T00:00:00","date_gmt":"2026-02-10T21:00:00","guid":{"rendered":"https:\/\/www.gasia.com.tr\/?post_type=product&#038;p=37930"},"modified":"2026-03-27T09:00:45","modified_gmt":"2026-03-27T06:00:45","slug":"markiz-pirlantali-yuzuk","status":"publish","type":"product","link":"https:\/\/www.gasia.com.tr\/en\/collections\/markiz-pirlantali-yuzuk\/","title":{"rendered":"Markiz P\u0131rlantal\u0131 y\u00fcz\u00fck"},"content":{"rendered":"<ul>\n<li>18 ayar Alt\u0131n<\/li>\n<li>0.74 ct 6 adet Markiz kesim P\u0131rlanta<\/li>\n<li>\u00dcr\u00fcn fiyat\u0131m\u0131z her bir y\u00fcz\u00fck i\u00e7in ge\u00e7erlidir<\/li>\n<\/ul>","protected":false},"excerpt":{"rendered":"<p>18 ayar Alt\u0131n 0.74 ct 6 adet Markiz kesim P\u0131rlanta \u00dcr\u00fcn fiyat\u0131m\u0131z her bir y\u00fcz\u00fck i\u00e7in ge\u00e7erlidir<\/p>","protected":false},"featured_media":37631,"comment_status":"open","ping_status":"closed","template":"","meta":[],"product_brand":[],"product_cat":[76],"product_tag":[],"class_list":{"0":"post-37930","1":"product","2":"type-product","3":"status-publish","4":"has-post-thumbnail","6":"product_cat-yuzuk-modelleri","7":"pa_cinsiyet-kadin","9":"first","10":"instock","11":"shipping-taxable","12":"purchasable","13":"product-type-simple"},"_links":{"self":[{"href":"https:\/\/www.gasia.com.tr\/en\/wp-json\/wp\/v2\/product\/37930","targetHints":{"allow":["GET"]}}],"collection":[{"href":"https:\/\/www.gasia.com.tr\/en\/wp-json\/wp\/v2\/product"}],"about":[{"href":"https:\/\/www.gasia.com.tr\/en\/wp-json\/wp\/v2\/types\/product"}],"replies":[{"embeddable":true,"href":"https:\/\/www.gasia.com.tr\/en\/wp-json\/wp\/v2\/comments?post=37930"}],"version-history":[{"count":1,"href":"https:\/\/www.gasia.com.tr\/en\/wp-json\/wp\/v2\/product\/37930\/revisions"}],"predecessor-version":[{"id":37931,"href":"https:\/\/www.gasia.com.tr\/en\/wp-json\/wp\/v2\/product\/37930\/revisions\/37931"}],"wp:featuredmedia":[{"embeddable":true,"href":"https:\/\/www.gasia.com.tr\/en\/wp-json\/wp\/v2\/media\/37631"}],"wp:attachment":[{"href":"https:\/\/www.gasia.com.tr\/en\/wp-json\/wp\/v2\/media?parent=37930"}],"wp:term":[{"taxonomy":"product_brand","embeddable":true,"href":"https:\/\/www.gasia.com.tr\/en\/wp-json\/wp\/v2\/product_brand?post=37930"},{"taxonomy":"product_cat","embeddable":true,"href":"https:\/\/www.gasia.com.tr\/en\/wp-json\/wp\/v2\/product_cat?post=37930"},{"taxonomy":"product_tag","embeddable":true,"href":"https:\/\/www.gasia.com.tr\/en\/wp-json\/wp\/v2\/product_tag?post=37930"}],"curies":[{"name":"wp","href":"https:\/\/api.w.org\/{rel}","templated":true}]}}