{"id":37945,"date":"2026-02-11T00:00:00","date_gmt":"2026-02-10T21:00:00","guid":{"rendered":"https:\/\/www.gasia.com.tr\/?post_type=product&#038;p=37945"},"modified":"2026-03-27T09:00:46","modified_gmt":"2026-03-27T06:00:46","slug":"minimal-pirlanta-cubuk-altin-kolye","status":"publish","type":"product","link":"https:\/\/www.gasia.com.tr\/en\/collections\/minimal-pirlanta-cubuk-altin-kolye\/","title":{"rendered":"Minimal P\u0131rlanta \u00c7ubuk Alt\u0131n Kolye"},"content":{"rendered":"<p>Zarif ve modern \u00e7izgileriyle tasarlanan bu minimal alt\u0131n kolye, ince p\u0131rlanta detayl\u0131 \u00e7ubuk formuyla sade \u015f\u0131kl\u0131\u011f\u0131 \u00f6n plana \u00e7\u0131kar\u0131r.<\/p>","protected":false},"excerpt":{"rendered":"<ul>\n<li>18 ayar Alt\u0131n<\/li>\n<li>0.39 ct P\u0131rlanta<\/li>\n<li>42 cm zincir uzunlu\u011fu<\/li>\n<\/ul>","protected":false},"featured_media":39631,"comment_status":"open","ping_status":"closed","template":"","meta":[],"product_brand":[],"product_cat":[260,75],"product_tag":[1329,1178,1179,1336,1180,1331,1303,1335,1177,1307,1333,1337,1332,1330,1334,476],"class_list":{"0":"post-37945","1":"product","2":"type-product","3":"status-publish","4":"has-post-thumbnail","6":"product_cat-kadin","7":"product_cat-kolye","8":"product_tag-cubuk-kolye","9":"product_tag-dainty-diamond-necklace","10":"product_tag-delicate-gold-necklace","11":"product_tag-diamond-bar-necklace","12":"product_tag-fine-jewelry-necklace","13":"product_tag-ince-altin-kolye","14":"product_tag-minimal-altin-kolye","15":"product_tag-minimal-gold-bar-necklace","16":"product_tag-minimalist-diamond-necklace","17":"product_tag-minimalist-gold-necklace","18":"product_tag-minimalist-kolye","19":"product_tag-modern-gold-necklace","20":"product_tag-modern-kadin-kolye","21":"product_tag-pirlanta-cubuk-kolye","22":"product_tag-tasarim-altin-kolye","23":"product_tag-zarif-kolye","24":"pa_cinsiyet-kadin","26":"first","27":"instock","28":"sale","29":"shipping-taxable","30":"purchasable","31":"product-type-simple"},"_links":{"self":[{"href":"https:\/\/www.gasia.com.tr\/en\/wp-json\/wp\/v2\/product\/37945","targetHints":{"allow":["GET"]}}],"collection":[{"href":"https:\/\/www.gasia.com.tr\/en\/wp-json\/wp\/v2\/product"}],"about":[{"href":"https:\/\/www.gasia.com.tr\/en\/wp-json\/wp\/v2\/types\/product"}],"replies":[{"embeddable":true,"href":"https:\/\/www.gasia.com.tr\/en\/wp-json\/wp\/v2\/comments?post=37945"}],"version-history":[{"count":2,"href":"https:\/\/www.gasia.com.tr\/en\/wp-json\/wp\/v2\/product\/37945\/revisions"}],"predecessor-version":[{"id":39632,"href":"https:\/\/www.gasia.com.tr\/en\/wp-json\/wp\/v2\/product\/37945\/revisions\/39632"}],"wp:featuredmedia":[{"embeddable":true,"href":"https:\/\/www.gasia.com.tr\/en\/wp-json\/wp\/v2\/media\/39631"}],"wp:attachment":[{"href":"https:\/\/www.gasia.com.tr\/en\/wp-json\/wp\/v2\/media?parent=37945"}],"wp:term":[{"taxonomy":"product_brand","embeddable":true,"href":"https:\/\/www.gasia.com.tr\/en\/wp-json\/wp\/v2\/product_brand?post=37945"},{"taxonomy":"product_cat","embeddable":true,"href":"https:\/\/www.gasia.com.tr\/en\/wp-json\/wp\/v2\/product_cat?post=37945"},{"taxonomy":"product_tag","embeddable":true,"href":"https:\/\/www.gasia.com.tr\/en\/wp-json\/wp\/v2\/product_tag?post=37945"}],"curies":[{"name":"wp","href":"https:\/\/api.w.org\/{rel}","templated":true}]}}