{"id":37959,"date":"2025-10-14T00:00:00","date_gmt":"2025-10-13T21:00:00","guid":{"rendered":"https:\/\/www.gasia.com.tr\/?post_type=product&#038;p=37959"},"modified":"2026-03-30T22:36:01","modified_gmt":"2026-03-30T19:36:01","slug":"nazar-goz-balik-iskeleti-altin-kolye","status":"publish","type":"product","link":"https:\/\/www.gasia.com.tr\/en\/collections\/nazar-goz-balik-iskeleti-altin-kolye\/","title":{"rendered":"Nazar G\u00f6z Bal\u0131k \u0130skeleti Alt\u0131n Kolye"},"content":{"rendered":"<p data-start=\"322\" data-end=\"675\">\u015eans, koruma ve zarafeti bir araya getiren nazar boncuklu bal\u0131k tasar\u0131m alt\u0131n kolye, \u00f6zg\u00fcn ve dikkat \u00e7ekici bir m\u00fccevher tasar\u0131m\u0131d\u0131r. \u00dcst b\u00f6l\u00fcmde yer alan nazar boncu\u011fu detay\u0131, geleneksel koruyucu sembol\u00fc modern bir tasar\u0131m anlay\u0131\u015f\u0131yla yorumlarken, bal\u0131k iskeleti formundaki p\u0131rlanta ta\u015fl\u0131 detaylar kolyeye hareketli ve zarif bir g\u00f6r\u00fcn\u00fcm kazand\u0131r\u0131r.<\/p>\n<p data-start=\"677\" data-end=\"931\">Alt\u0131n zincir \u00fczerine tasarlanan bu \u00f6zel kolye, hem sembolik anlam\u0131 hem de modern esteti\u011fiyle g\u00fcnl\u00fck kullan\u0131mda stilinizi tamamlayan \u015f\u0131k bir aksesuard\u0131r. Zarif p\u0131rlanta detaylar\u0131 sayesinde \u0131\u015f\u0131\u011f\u0131 yans\u0131tan kolye, minimal ama dikkat \u00e7ekici bir tasar\u0131m sunar.<\/p>\n<p data-start=\"933\" data-end=\"1055\">Gasia\u2019n\u0131n \u00f6zg\u00fcn m\u00fccevher tasar\u0131m anlay\u0131\u015f\u0131n\u0131 yans\u0131tan bu kolye, farkl\u0131 ve anlaml\u0131 tak\u0131lar arayanlar i\u00e7in \u00f6zel bir par\u00e7ad\u0131r.<\/p>\n<p>&nbsp;<\/p>\n<p>&nbsp;<\/p>\n<p>&nbsp;<\/p>\n<p>&nbsp;<\/p>\n<p>&nbsp;<\/p>","protected":false},"excerpt":{"rendered":"<ul>\n<li>14 ayar Alt\u0131n<\/li>\n<li>0.17 ct 34 adet P\u0131rlanta<\/li>\n<li>42 cm zincir uzunlu\u011fu<\/li>\n<\/ul>","protected":false},"featured_media":38909,"comment_status":"open","ping_status":"closed","template":"","meta":[],"product_brand":[],"product_cat":[260,75],"product_tag":[1203,282,1208,1210,1180,1209,279,1167,222,283,642,1207,1212,277,1206,281,1211,1202,280,1204,284,274,1205,1213],"class_list":{"0":"post-37959","1":"product","2":"type-product","3":"status-publish","4":"has-post-thumbnail","6":"product_cat-kadin","7":"product_cat-kolye","8":"product_tag-balik-iskeleti-kolye","9":"product_tag-balik-kolye-pirlanta","10":"product_tag-evil-eye-fish-necklace","11":"product_tag-evil-eye-gold-necklace","12":"product_tag-fine-jewelry-necklace","13":"product_tag-fish-bone-necklace-gold","14":"product_tag-kadin","15":"product_tag-kadin-altin-kolye","16":"product_tag-kolye","17":"product_tag-kolye-altin","18":"product_tag-lucky-charm-necklace","19":"product_tag-minimal-nazar-kolye","20":"product_tag-minimalist-evil-eye-necklace","21":"product_tag-modern-kolye","22":"product_tag-modern-nazar-kolye","23":"product_tag-nazar-boncuklu-kolye","24":"product_tag-nazar-eye-necklace","25":"product_tag-nazar-goz-kolye","26":"product_tag-nazar-kolye","27":"product_tag-nazarlik-kolye","28":"product_tag-sans-kolyesi","29":"product_tag-tasarim-kolye","30":"product_tag-tasarim-nazar-kolye","31":"product_tag-turkish-evil-eye-necklace","32":"pa_cinsiyet-kadin","34":"first","35":"instock","36":"sale","37":"shipping-taxable","38":"purchasable","39":"product-type-simple"},"_links":{"self":[{"href":"https:\/\/www.gasia.com.tr\/en\/wp-json\/wp\/v2\/product\/37959","targetHints":{"allow":["GET"]}}],"collection":[{"href":"https:\/\/www.gasia.com.tr\/en\/wp-json\/wp\/v2\/product"}],"about":[{"href":"https:\/\/www.gasia.com.tr\/en\/wp-json\/wp\/v2\/types\/product"}],"replies":[{"embeddable":true,"href":"https:\/\/www.gasia.com.tr\/en\/wp-json\/wp\/v2\/comments?post=37959"}],"version-history":[{"count":2,"href":"https:\/\/www.gasia.com.tr\/en\/wp-json\/wp\/v2\/product\/37959\/revisions"}],"predecessor-version":[{"id":39633,"href":"https:\/\/www.gasia.com.tr\/en\/wp-json\/wp\/v2\/product\/37959\/revisions\/39633"}],"wp:featuredmedia":[{"embeddable":true,"href":"https:\/\/www.gasia.com.tr\/en\/wp-json\/wp\/v2\/media\/38909"}],"wp:attachment":[{"href":"https:\/\/www.gasia.com.tr\/en\/wp-json\/wp\/v2\/media?parent=37959"}],"wp:term":[{"taxonomy":"product_brand","embeddable":true,"href":"https:\/\/www.gasia.com.tr\/en\/wp-json\/wp\/v2\/product_brand?post=37959"},{"taxonomy":"product_cat","embeddable":true,"href":"https:\/\/www.gasia.com.tr\/en\/wp-json\/wp\/v2\/product_cat?post=37959"},{"taxonomy":"product_tag","embeddable":true,"href":"https:\/\/www.gasia.com.tr\/en\/wp-json\/wp\/v2\/product_tag?post=37959"}],"curies":[{"name":"wp","href":"https:\/\/api.w.org\/{rel}","templated":true}]}}