{"id":37992,"date":"2026-02-01T13:59:17","date_gmt":"2026-02-01T10:59:17","guid":{"rendered":"https:\/\/www.gasia.com.tr\/?post_type=product&#038;p=37992"},"modified":"2026-04-11T17:01:12","modified_gmt":"2026-04-11T14:01:12","slug":"siyah-mineli-pirlanta-kadin-yuzuk","status":"publish","type":"product","link":"https:\/\/www.gasia.com.tr\/en\/collections\/siyah-mineli-pirlanta-kadin-yuzuk\/","title":{"rendered":"Siyah Mineli P\u0131rlanta Kad\u0131n Y\u00fcz\u00fck"},"content":{"rendered":"<p data-start=\"297\" data-end=\"592\">Modern ve sofistike tasar\u0131m\u0131yla \u00f6ne \u00e7\u0131kan bu y\u00fcz\u00fck, siyah mine detaylar\u0131 ve \u0131\u015f\u0131lt\u0131l\u0131 p\u0131rlanta ta\u015flar\u0131 ile g\u00fc\u00e7l\u00fc bir stil sunar. Klasik alt\u0131n formunun \u00fczerine uygulanan siyah mine, tasar\u0131ma derinlik ve kontrast kazand\u0131r\u0131rken; pave dizilimli p\u0131rlantalar y\u00fcz\u00fc\u011fe zarif bir parlakl\u0131k ekler.<\/p>\n<p data-start=\"594\" data-end=\"783\">Minimal \u00e7izgilerle modern bir karakter ta\u015f\u0131yan bu y\u00fcz\u00fck, g\u00fcnl\u00fck kullan\u0131mda \u015f\u0131kl\u0131\u011f\u0131 tamamlayan bir par\u00e7a olmas\u0131n\u0131n yan\u0131 s\u0131ra, \u00f6zel anlarda da stilinizi g\u00fc\u00e7lendiren iddial\u0131 bir aksesuard\u0131r.<\/p>","protected":false},"excerpt":{"rendered":"<ul>\n<li>18 Ayar Alt\u0131n<\/li>\n<li>0.30 ct 1 adet Damla P\u0131rlanta<\/li>\n<li>0.46 ct 66 adet yuvarlak P\u0131rlanta<\/li>\n<\/ul>","protected":false},"featured_media":41870,"comment_status":"open","ping_status":"closed","template":"","meta":[],"product_brand":[77],"product_cat":[260,242,76],"product_tag":[1138,565,654,528,1933,1875,566,2045,2041,1864,2042,520,2043,741,518,581,521,335,1380,344,2048,2044,2046,340,562,2047,519],"class_list":{"0":"post-37992","1":"product","2":"type-product","3":"status-publish","4":"has-post-thumbnail","6":"product_brand-gasia","7":"product_cat-kadin","8":"product_cat-retro-mucevher-koleksiyonu","9":"product_cat-yuzuk-modelleri","10":"product_tag-black-enamel-ring","11":"product_tag-designer-ring","12":"product_tag-diamond-ring","13":"product_tag-elegant-ring","14":"product_tag-everyday-ring","15":"product_tag-fashion-ring","16":"product_tag-gemstone-ring","17":"product_tag-geometric-ring","18":"product_tag-geometrik-yuzuk","19":"product_tag-gunluk-yuzuk","20":"product_tag-kadin-taki","21":"product_tag-kadin-yuzuk","22":"product_tag-kare-yuzuk","23":"product_tag-minimal-ring","24":"product_tag-minimal-yuzuk","25":"product_tag-modern-ring","26":"product_tag-modern-yuzuk","27":"product_tag-pirlanta-yuzuk","28":"product_tag-siyah-mineli-yuzuk","29":"product_tag-sik-yuzuk","30":"product_tag-square-ring","31":"product_tag-stil-yuzuk-women-ring","32":"product_tag-stylish-ring","33":"product_tag-tasarim-yuzuk","34":"product_tag-tasli-yuzuk","35":"product_tag-women-jewelry","36":"product_tag-zarif-yuzuk","37":"pa_cinsiyet-kadin","39":"first","40":"instock","41":"shipping-taxable","42":"purchasable","43":"product-type-simple"},"_links":{"self":[{"href":"https:\/\/www.gasia.com.tr\/en\/wp-json\/wp\/v2\/product\/37992","targetHints":{"allow":["GET"]}}],"collection":[{"href":"https:\/\/www.gasia.com.tr\/en\/wp-json\/wp\/v2\/product"}],"about":[{"href":"https:\/\/www.gasia.com.tr\/en\/wp-json\/wp\/v2\/types\/product"}],"replies":[{"embeddable":true,"href":"https:\/\/www.gasia.com.tr\/en\/wp-json\/wp\/v2\/comments?post=37992"}],"version-history":[{"count":4,"href":"https:\/\/www.gasia.com.tr\/en\/wp-json\/wp\/v2\/product\/37992\/revisions"}],"predecessor-version":[{"id":41871,"href":"https:\/\/www.gasia.com.tr\/en\/wp-json\/wp\/v2\/product\/37992\/revisions\/41871"}],"wp:featuredmedia":[{"embeddable":true,"href":"https:\/\/www.gasia.com.tr\/en\/wp-json\/wp\/v2\/media\/41870"}],"wp:attachment":[{"href":"https:\/\/www.gasia.com.tr\/en\/wp-json\/wp\/v2\/media?parent=37992"}],"wp:term":[{"taxonomy":"product_brand","embeddable":true,"href":"https:\/\/www.gasia.com.tr\/en\/wp-json\/wp\/v2\/product_brand?post=37992"},{"taxonomy":"product_cat","embeddable":true,"href":"https:\/\/www.gasia.com.tr\/en\/wp-json\/wp\/v2\/product_cat?post=37992"},{"taxonomy":"product_tag","embeddable":true,"href":"https:\/\/www.gasia.com.tr\/en\/wp-json\/wp\/v2\/product_tag?post=37992"}],"curies":[{"name":"wp","href":"https:\/\/api.w.org\/{rel}","templated":true}]}}