{"id":38012,"date":"2025-10-09T00:00:00","date_gmt":"2025-10-08T21:00:00","guid":{"rendered":"https:\/\/www.gasia.com.tr\/?post_type=product&#038;p=38012"},"modified":"2026-03-30T14:32:52","modified_gmt":"2026-03-30T11:32:52","slug":"kirlangic-figurlu-pirlanta-tasli-sallantili-kupe","status":"publish","type":"product","link":"https:\/\/www.gasia.com.tr\/en\/collections\/kirlangic-figurlu-pirlanta-tasli-sallantili-kupe\/","title":{"rendered":"K\u0131rlang\u0131\u00e7 Fig\u00fcrl\u00fc P\u0131rlanta Ta\u015fl\u0131 Sallant\u0131l\u0131 K\u00fcpe"},"content":{"rendered":"<p data-start=\"100\" data-end=\"343\">\u00d6zg\u00fcrl\u00fc\u011f\u00fcn ve zarafetin sembol\u00fc olan k\u0131rlang\u0131\u00e7 formu, bu \u00f6zel k\u00fcpede modern ve estetik bir tasar\u0131mla hayat buluyor. \u0130nce detaylarla i\u015flenmi\u015f kanat yap\u0131s\u0131 ve \u00fczerindeki ta\u015f s\u00fcslemeler, par\u00e7aya \u0131\u015f\u0131lt\u0131l\u0131 ve dikkat \u00e7ekici bir g\u00f6r\u00fcn\u00fcm kazand\u0131r\u0131r.<\/p>\n<p data-start=\"345\" data-end=\"659\" data-is-last-node=\"\" data-is-only-node=\"\">Hareketli yap\u0131s\u0131yla \u0131\u015f\u0131\u011f\u0131 zarif \u015fekilde yans\u0131tan bu k\u00fcpe, g\u00fcnl\u00fck stiline \u015f\u0131k bir dokunu\u015f katarken \u00f6zel anlarda da g\u00fc\u00e7l\u00fc bir tamamlay\u0131c\u0131 olur. Hafif ve konforlu tasar\u0131m\u0131 sayesinde g\u00fcn boyu rahatl\u0131kla kullan\u0131labilir. Do\u011fadan ilham alan bu \u00f6zg\u00fcn par\u00e7a, stiline karakter kazand\u0131rmak isteyenler i\u00e7in ideal bir se\u00e7imdir.<\/p>","protected":false},"excerpt":{"rendered":"<ul>\n<li>14 Ayar Alt\u0131n<\/li>\n<li>925 Ayar Okside G\u00fcm\u00fc\u015f<\/li>\n<li>0.14 ct 13 adet P\u0131rlanta<\/li>\n<li>K\u00fcpemiz tek olarak sat\u0131lmaktad\u0131r<\/li>\n<\/ul>","protected":false},"featured_media":41075,"comment_status":"open","ping_status":"closed","template":"","meta":[],"product_brand":[77],"product_cat":[74],"product_tag":[393,2129,1562,2127,927,2018,1752,1750,2898,833,2877,2026,2128,1594,1686,2881,914,2131,395,2042,2125,925,2882,1420,374,814,1747,2126,936,815,813,1746,2130,2379,1753,378],"class_list":{"0":"post-38012","1":"product","2":"type-product","3":"status-publish","4":"has-post-thumbnail","6":"product_brand-gasia","7":"product_cat-kupe-modelleri","8":"product_tag-altin-detayli-kupe","9":"product_tag-animal-earring","10":"product_tag-artisan-earrings","11":"product_tag-bird-earring","12":"product_tag-bird-earrings","13":"product_tag-delicate-earrings","14":"product_tag-designer-earring","15":"product_tag-diamond-earring","16":"product_tag-doga-temali-kupe","17":"product_tag-drop-earrings","18":"product_tag-el-yapimi-kupe","19":"product_tag-farkli-kupe","20":"product_tag-gemstone-earring","21":"product_tag-gemstone-earrings","22":"product_tag-gold-detail-earrings","23":"product_tag-handmade-earrings","24":"product_tag-hayvan-figurlu-kupe","25":"product_tag-jewelry-earring","26":"product_tag-kadin-kupe","27":"product_tag-kadin-taki","28":"product_tag-kirlangic-kupe","29":"product_tag-kus-kupe","30":"product_tag-nature-inspired-jewelry","31":"product_tag-ozgun-taki","32":"product_tag-pirlanta-kupe","33":"product_tag-sallantili-kupe","34":"product_tag-single-earring","35":"product_tag-swallow-earring","36":"product_tag-swallow-earrings","37":"product_tag-tasarim-kupe","38":"product_tag-tasli-kupe","39":"product_tag-tek-kupe","40":"product_tag-unique-earring","41":"product_tag-unique-jewelry","42":"product_tag-women-earring","43":"product_tag-zarif-kupe","44":"pa_cinsiyet-kadin","46":"first","47":"instock","48":"sale","49":"shipping-taxable","50":"purchasable","51":"product-type-simple"},"_links":{"self":[{"href":"https:\/\/www.gasia.com.tr\/en\/wp-json\/wp\/v2\/product\/38012","targetHints":{"allow":["GET"]}}],"collection":[{"href":"https:\/\/www.gasia.com.tr\/en\/wp-json\/wp\/v2\/product"}],"about":[{"href":"https:\/\/www.gasia.com.tr\/en\/wp-json\/wp\/v2\/types\/product"}],"replies":[{"embeddable":true,"href":"https:\/\/www.gasia.com.tr\/en\/wp-json\/wp\/v2\/comments?post=38012"}],"version-history":[{"count":2,"href":"https:\/\/www.gasia.com.tr\/en\/wp-json\/wp\/v2\/product\/38012\/revisions"}],"predecessor-version":[{"id":41076,"href":"https:\/\/www.gasia.com.tr\/en\/wp-json\/wp\/v2\/product\/38012\/revisions\/41076"}],"wp:featuredmedia":[{"embeddable":true,"href":"https:\/\/www.gasia.com.tr\/en\/wp-json\/wp\/v2\/media\/41075"}],"wp:attachment":[{"href":"https:\/\/www.gasia.com.tr\/en\/wp-json\/wp\/v2\/media?parent=38012"}],"wp:term":[{"taxonomy":"product_brand","embeddable":true,"href":"https:\/\/www.gasia.com.tr\/en\/wp-json\/wp\/v2\/product_brand?post=38012"},{"taxonomy":"product_cat","embeddable":true,"href":"https:\/\/www.gasia.com.tr\/en\/wp-json\/wp\/v2\/product_cat?post=38012"},{"taxonomy":"product_tag","embeddable":true,"href":"https:\/\/www.gasia.com.tr\/en\/wp-json\/wp\/v2\/product_tag?post=38012"}],"curies":[{"name":"wp","href":"https:\/\/api.w.org\/{rel}","templated":true}]}}