{"id":38147,"date":"2026-02-03T00:00:00","date_gmt":"2026-02-02T21:00:00","guid":{"rendered":"https:\/\/www.gasia.com.tr\/?post_type=product&#038;p=38147"},"modified":"2026-04-13T21:45:24","modified_gmt":"2026-04-13T18:45:24","slug":"kupe","status":"publish","type":"product","link":"https:\/\/www.gasia.com.tr\/en\/collections\/kupe\/","title":{"rendered":"Rose gold  halka formunda  p\u0131rlanta detayl\u0131 mini k\u00fcpe"},"content":{"rendered":"<ul>\n<li>14 ayar Alt\u0131n<\/li>\n<li>0.05 ct P\u0131rlanta<\/li>\n<\/ul>","protected":false},"excerpt":{"rendered":"<p>14 ayar Alt\u0131n 0.05 ct P\u0131rlanta<\/p>","protected":false},"featured_media":38149,"comment_status":"open","ping_status":"closed","template":"","meta":[],"product_brand":[],"product_cat":[74],"product_tag":[],"class_list":{"0":"post-38147","1":"product","2":"type-product","3":"status-publish","4":"has-post-thumbnail","6":"product_cat-kupe-modelleri","7":"pa_cinsiyet-kadin","9":"first","10":"instock","11":"shipping-taxable","12":"purchasable","13":"product-type-simple"},"_links":{"self":[{"href":"https:\/\/www.gasia.com.tr\/en\/wp-json\/wp\/v2\/product\/38147","targetHints":{"allow":["GET"]}}],"collection":[{"href":"https:\/\/www.gasia.com.tr\/en\/wp-json\/wp\/v2\/product"}],"about":[{"href":"https:\/\/www.gasia.com.tr\/en\/wp-json\/wp\/v2\/types\/product"}],"replies":[{"embeddable":true,"href":"https:\/\/www.gasia.com.tr\/en\/wp-json\/wp\/v2\/comments?post=38147"}],"version-history":[{"count":2,"href":"https:\/\/www.gasia.com.tr\/en\/wp-json\/wp\/v2\/product\/38147\/revisions"}],"predecessor-version":[{"id":38697,"href":"https:\/\/www.gasia.com.tr\/en\/wp-json\/wp\/v2\/product\/38147\/revisions\/38697"}],"wp:featuredmedia":[{"embeddable":true,"href":"https:\/\/www.gasia.com.tr\/en\/wp-json\/wp\/v2\/media\/38149"}],"wp:attachment":[{"href":"https:\/\/www.gasia.com.tr\/en\/wp-json\/wp\/v2\/media?parent=38147"}],"wp:term":[{"taxonomy":"product_brand","embeddable":true,"href":"https:\/\/www.gasia.com.tr\/en\/wp-json\/wp\/v2\/product_brand?post=38147"},{"taxonomy":"product_cat","embeddable":true,"href":"https:\/\/www.gasia.com.tr\/en\/wp-json\/wp\/v2\/product_cat?post=38147"},{"taxonomy":"product_tag","embeddable":true,"href":"https:\/\/www.gasia.com.tr\/en\/wp-json\/wp\/v2\/product_tag?post=38147"}],"curies":[{"name":"wp","href":"https:\/\/api.w.org\/{rel}","templated":true}]}}