{"id":38187,"date":"2026-03-28T00:00:00","date_gmt":"2026-03-27T21:00:00","guid":{"rendered":"https:\/\/www.gasia.com.tr\/?post_type=product&#038;p=38187"},"modified":"2026-04-21T15:39:21","modified_gmt":"2026-04-21T12:39:21","slug":"pirlanta-detayli-oval-plaka-altin-kolye","status":"publish","type":"product","link":"https:\/\/www.gasia.com.tr\/en\/collections\/pirlanta-detayli-oval-plaka-altin-kolye\/","title":{"rendered":"P\u0131rlanta Detayl\u0131 Oval Plaka Alt\u0131n Kolye"},"content":{"rendered":"<p>Oval formdaki alt\u0131n plaka \u00fczerine yerle\u015ftirilen p\u0131rlanta ta\u015flar, kolyeye sade ama dikkat \u00e7ekici bir g\u00f6r\u00fcn\u00fcm kazand\u0131r\u0131r. Y\u00fczeydeki hafif dokulu yap\u0131, tasar\u0131ma do\u011fal bir karakter katarken k\u00fc\u00e7\u00fck p\u0131rlanta detaylar \u0131\u015f\u0131lt\u0131y\u0131 dengeli \u015fekilde tamamlar. \u0130nce zinciri sayesinde g\u00fcnl\u00fck kullan\u0131mda rahatl\u0131k sunar ve farkl\u0131 kombinlerle kolayca uyum sa\u011flar. Minimal tasar\u0131m\u0131yla zamans\u0131z bir par\u00e7ad\u0131r.<\/p>","protected":false},"excerpt":{"rendered":"<p>Oval formdaki alt\u0131n plaka \u00fczerine yerle\u015ftirilen p\u0131rlanta ta\u015flar, kolyeye sade ama dikkat \u00e7ekici bir g\u00f6r\u00fcn\u00fcm kazand\u0131r\u0131r. Y\u00fczeydeki hafif dokulu yap\u0131,<\/p>","protected":false},"featured_media":41028,"comment_status":"open","ping_status":"closed","template":"","meta":[],"product_brand":[2718],"product_cat":[75],"product_tag":[278,2709,294,429,2837,1995,473,273,1767,2836,1636,276,2141,2828],"class_list":{"0":"post-38187","1":"product","2":"type-product","3":"status-publish","4":"has-post-thumbnail","6":"product_brand-gasia-casuals","7":"product_cat-kolye","8":"product_tag-altin-kolye","9":"product_tag-dainty-necklace","10":"product_tag-diamond-necklace","11":"product_tag-everyday-jewelry","12":"product_tag-gold-plate-necklace","13":"product_tag-gunluk-kolye","14":"product_tag-kadin-kolye","15":"product_tag-minimal-kolye","16":"product_tag-minimalist-necklace","17":"product_tag-oval-kolye","18":"product_tag-oval-pendant-necklace","19":"product_tag-pirlanta-kolye","20":"product_tag-plaka-kolye","21":"product_tag-sade-kolye","22":"pa_cinsiyet-kadin","24":"first","25":"instock","26":"shipping-taxable","27":"purchasable","28":"product-type-simple"},"_links":{"self":[{"href":"https:\/\/www.gasia.com.tr\/en\/wp-json\/wp\/v2\/product\/38187","targetHints":{"allow":["GET"]}}],"collection":[{"href":"https:\/\/www.gasia.com.tr\/en\/wp-json\/wp\/v2\/product"}],"about":[{"href":"https:\/\/www.gasia.com.tr\/en\/wp-json\/wp\/v2\/types\/product"}],"replies":[{"embeddable":true,"href":"https:\/\/www.gasia.com.tr\/en\/wp-json\/wp\/v2\/comments?post=38187"}],"version-history":[{"count":2,"href":"https:\/\/www.gasia.com.tr\/en\/wp-json\/wp\/v2\/product\/38187\/revisions"}],"predecessor-version":[{"id":41029,"href":"https:\/\/www.gasia.com.tr\/en\/wp-json\/wp\/v2\/product\/38187\/revisions\/41029"}],"wp:featuredmedia":[{"embeddable":true,"href":"https:\/\/www.gasia.com.tr\/en\/wp-json\/wp\/v2\/media\/41028"}],"wp:attachment":[{"href":"https:\/\/www.gasia.com.tr\/en\/wp-json\/wp\/v2\/media?parent=38187"}],"wp:term":[{"taxonomy":"product_brand","embeddable":true,"href":"https:\/\/www.gasia.com.tr\/en\/wp-json\/wp\/v2\/product_brand?post=38187"},{"taxonomy":"product_cat","embeddable":true,"href":"https:\/\/www.gasia.com.tr\/en\/wp-json\/wp\/v2\/product_cat?post=38187"},{"taxonomy":"product_tag","embeddable":true,"href":"https:\/\/www.gasia.com.tr\/en\/wp-json\/wp\/v2\/product_tag?post=38187"}],"curies":[{"name":"wp","href":"https:\/\/api.w.org\/{rel}","templated":true}]}}