{"id":38290,"date":"2026-02-01T00:00:00","date_gmt":"2026-01-31T21:00:00","guid":{"rendered":"https:\/\/www.gasia.com.tr\/?post_type=product&#038;p=38290"},"modified":"2026-03-13T17:46:52","modified_gmt":"2026-03-13T14:46:52","slug":"mavi-mineli-cicek-tasarim-pirlanta-detayli-altin-yuzuk","status":"publish","type":"product","link":"https:\/\/www.gasia.com.tr\/en\/collections\/mavi-mineli-cicek-tasarim-pirlanta-detayli-altin-yuzuk\/","title":{"rendered":"Mavi Mineli \u00c7i\u00e7ek Tasar\u0131m P\u0131rlanta Detayl\u0131 Alt\u0131n Y\u00fcz\u00fck"},"content":{"rendered":"<p>Mavi mine detaylar\u0131 ve p\u0131rlanta ta\u015flarla s\u00fcslenen \u00e7i\u00e7ek form tasar\u0131m\u0131yla bu alt\u0131n y\u00fcz\u00fck, zarif ve g\u00f6z al\u0131c\u0131 bir \u015f\u0131kl\u0131k sunar. Do\u011fadan ilham alan modern ve feminen bir tasar\u0131m olarak \u00f6ne \u00e7\u0131kar.<\/p>","protected":false},"excerpt":{"rendered":"<ul>\n<li>9.23 Gram 18 Ayar Alt\u0131n<\/li>\n<li>0.60 ct P\u0131rlanta<\/li>\n<\/ul>","protected":false},"featured_media":39588,"comment_status":"open","ping_status":"closed","template":"","meta":[],"product_brand":[],"product_cat":[76],"product_tag":[1238,1244,1237,343,1241,1240,1140,1243,1239,1245,439,1142,1234,1235,1236,1146,1242,1137],"class_list":{"0":"post-38290","1":"product","2":"type-product","3":"status-publish","4":"has-post-thumbnail","6":"product_cat-yuzuk-modelleri","7":"product_tag-blue-enamel-flower-ring","8":"product_tag-blue-enamel-jewelry","9":"product_tag-cicek-altin-yuzuk","10":"product_tag-cicek-motifli-yuzuk","11":"product_tag-designer-enamel-ring","12":"product_tag-diamond-detail-flower-ring","13":"product_tag-enamel-gold-ring","14":"product_tag-fine-jewelry-enamel-ring","15":"product_tag-floral-enamel-ring","16":"product_tag-floral-gold-ring","17":"product_tag-kadin-altin-yuzuk","18":"product_tag-luxury-flower-ring","19":"product_tag-mavi-mineli-cicek-yuzuk","20":"product_tag-mineli-altin-yuzuk","21":"product_tag-mineli-yuzuk-modeli","22":"product_tag-pirlanta-detayli-yuzuk","23":"product_tag-statement-flower-ring","24":"product_tag-tasarim-altin-yuzuk","25":"pa_cinsiyet-kadin","27":"first","28":"instock","29":"shipping-taxable","30":"product-type-simple"},"_links":{"self":[{"href":"https:\/\/www.gasia.com.tr\/en\/wp-json\/wp\/v2\/product\/38290","targetHints":{"allow":["GET"]}}],"collection":[{"href":"https:\/\/www.gasia.com.tr\/en\/wp-json\/wp\/v2\/product"}],"about":[{"href":"https:\/\/www.gasia.com.tr\/en\/wp-json\/wp\/v2\/types\/product"}],"replies":[{"embeddable":true,"href":"https:\/\/www.gasia.com.tr\/en\/wp-json\/wp\/v2\/comments?post=38290"}],"version-history":[{"count":2,"href":"https:\/\/www.gasia.com.tr\/en\/wp-json\/wp\/v2\/product\/38290\/revisions"}],"predecessor-version":[{"id":39590,"href":"https:\/\/www.gasia.com.tr\/en\/wp-json\/wp\/v2\/product\/38290\/revisions\/39590"}],"wp:featuredmedia":[{"embeddable":true,"href":"https:\/\/www.gasia.com.tr\/en\/wp-json\/wp\/v2\/media\/39588"}],"wp:attachment":[{"href":"https:\/\/www.gasia.com.tr\/en\/wp-json\/wp\/v2\/media?parent=38290"}],"wp:term":[{"taxonomy":"product_brand","embeddable":true,"href":"https:\/\/www.gasia.com.tr\/en\/wp-json\/wp\/v2\/product_brand?post=38290"},{"taxonomy":"product_cat","embeddable":true,"href":"https:\/\/www.gasia.com.tr\/en\/wp-json\/wp\/v2\/product_cat?post=38290"},{"taxonomy":"product_tag","embeddable":true,"href":"https:\/\/www.gasia.com.tr\/en\/wp-json\/wp\/v2\/product_tag?post=38290"}],"curies":[{"name":"wp","href":"https:\/\/api.w.org\/{rel}","templated":true}]}}