{"id":38356,"date":"2026-02-05T00:00:00","date_gmt":"2026-02-04T21:00:00","guid":{"rendered":"https:\/\/www.gasia.com.tr\/?post_type=product&#038;p=38356"},"modified":"2026-03-12T21:36:58","modified_gmt":"2026-03-12T18:36:58","slug":"osmanli-motifli-pirlanta-detayli-altin-yuzuk","status":"publish","type":"product","link":"https:\/\/www.gasia.com.tr\/en\/collections\/osmanli-motifli-pirlanta-detayli-altin-yuzuk\/","title":{"rendered":"Osmanl\u0131 Motifli P\u0131rlanta Detayl\u0131 Alt\u0131n Y\u00fcz\u00fck"},"content":{"rendered":"<p>Osmanl\u0131 sanat\u0131ndan ilham alan zarif motifleri ve p\u0131rlanta ta\u015f detaylar\u0131yla tasarlanan bu alt\u0131n y\u00fcz\u00fck, geleneksel esteti\u011fi modern kuyumculukla bulu\u015fturur.<\/p>","protected":false},"excerpt":{"rendered":"<ul>\n<li>18 Ayar Alt\u0131n<\/li>\n<li>0.71 ct 3 adet Damla P\u0131rlanta<\/li>\n<li>0.37 ct 75 adet yuvarlak P\u0131rlanta<\/li>\n<\/ul>","protected":false},"featured_media":39575,"comment_status":"open","ping_status":"closed","template":"","meta":[],"product_brand":[],"product_cat":[76],"product_tag":[1200,609,650,1190,1191,1201,1198,1187,1189,1188,1195,1194,1146,1197,1193,1137,1199,1192,1196],"class_list":{"0":"post-38356","1":"product","2":"type-product","3":"status-publish","4":"has-post-thumbnail","6":"product_cat-yuzuk-modelleri","7":"product_tag-antique-style-gold-ring","8":"product_tag-designer-gold-ring","9":"product_tag-diamond-detail-ring","10":"product_tag-geleneksel-motifli-yuzuk","11":"product_tag-islemeli-altin-yuzuk","12":"product_tag-luxury-statement-ring","13":"product_tag-ornate-gold-ring","14":"product_tag-osmanli-motifli-yuzuk","15":"product_tag-osmanli-taki-yuzuk","16":"product_tag-osmanli-tarzi-altin-yuzuk","17":"product_tag-ottoman-jewelry-ring","18":"product_tag-ottoman-style-ring","19":"product_tag-pirlanta-detayli-yuzuk","20":"product_tag-statement-gold-ring","21":"product_tag-statement-yuzuk","22":"product_tag-tasarim-altin-yuzuk","23":"product_tag-turkish-jewelry-ring","24":"product_tag-vintage-altin-yuzuk","25":"product_tag-vintage-gold-ring","26":"pa_cinsiyet-kadin","28":"first","29":"instock","30":"shipping-taxable","31":"product-type-simple"},"_links":{"self":[{"href":"https:\/\/www.gasia.com.tr\/en\/wp-json\/wp\/v2\/product\/38356","targetHints":{"allow":["GET"]}}],"collection":[{"href":"https:\/\/www.gasia.com.tr\/en\/wp-json\/wp\/v2\/product"}],"about":[{"href":"https:\/\/www.gasia.com.tr\/en\/wp-json\/wp\/v2\/types\/product"}],"replies":[{"embeddable":true,"href":"https:\/\/www.gasia.com.tr\/en\/wp-json\/wp\/v2\/comments?post=38356"}],"version-history":[{"count":2,"href":"https:\/\/www.gasia.com.tr\/en\/wp-json\/wp\/v2\/product\/38356\/revisions"}],"predecessor-version":[{"id":39577,"href":"https:\/\/www.gasia.com.tr\/en\/wp-json\/wp\/v2\/product\/38356\/revisions\/39577"}],"wp:featuredmedia":[{"embeddable":true,"href":"https:\/\/www.gasia.com.tr\/en\/wp-json\/wp\/v2\/media\/39575"}],"wp:attachment":[{"href":"https:\/\/www.gasia.com.tr\/en\/wp-json\/wp\/v2\/media?parent=38356"}],"wp:term":[{"taxonomy":"product_brand","embeddable":true,"href":"https:\/\/www.gasia.com.tr\/en\/wp-json\/wp\/v2\/product_brand?post=38356"},{"taxonomy":"product_cat","embeddable":true,"href":"https:\/\/www.gasia.com.tr\/en\/wp-json\/wp\/v2\/product_cat?post=38356"},{"taxonomy":"product_tag","embeddable":true,"href":"https:\/\/www.gasia.com.tr\/en\/wp-json\/wp\/v2\/product_tag?post=38356"}],"curies":[{"name":"wp","href":"https:\/\/api.w.org\/{rel}","templated":true}]}}