{"id":38358,"date":"2026-02-05T00:00:00","date_gmt":"2026-02-04T21:00:00","guid":{"rendered":"https:\/\/www.gasia.com.tr\/?post_type=product&#038;p=38358"},"modified":"2026-03-13T17:57:21","modified_gmt":"2026-03-13T14:57:21","slug":"tac-formlu-pirlanta-tasarim-altin-yuzuk","status":"publish","type":"product","link":"https:\/\/www.gasia.com.tr\/en\/collections\/tac-formlu-pirlanta-tasarim-altin-yuzuk\/","title":{"rendered":"Ta\u00e7 Formlu P\u0131rlanta Tasar\u0131m Alt\u0131n Y\u00fcz\u00fck"},"content":{"rendered":"<p>Kraliyet zarafetinden ilham alan ta\u00e7 form tasar\u0131m\u0131 ve p\u0131rlanta ta\u015f detaylar\u0131yla bu alt\u0131n y\u00fcz\u00fck, g\u00fc\u00e7l\u00fc ve g\u00f6z al\u0131c\u0131 bir \u015f\u0131kl\u0131k sunar. I\u015f\u0131lt\u0131l\u0131 ta\u015flar\u0131 ve zarif formu ile \u00f6zel tasar\u0131m bir m\u00fccevherdir.<\/p>","protected":false},"excerpt":{"rendered":"<ul>\n<li>6.75 Gr 18 Ayar Alt\u0131n<\/li>\n<li>0.72 ct P\u0131rlanta<\/li>\n<\/ul>","protected":false},"featured_media":39591,"comment_status":"open","ping_status":"closed","template":"","meta":[],"product_brand":[],"product_cat":[76],"product_tag":[1252,1253,1251,1256,1257,1250,439,1249,1040,1186,1248,1255,1258,1254,1044,1247,1246,1137],"class_list":{"0":"post-38358","1":"product","2":"type-product","3":"status-publish","4":"has-post-thumbnail","6":"product_cat-yuzuk-modelleri","7":"product_tag-crown-diamond-ring","8":"product_tag-crown-gold-ring","9":"product_tag-crown-ring","10":"product_tag-designer-crown-ring","11":"product_tag-fine-jewelry-crown-ring","12":"product_tag-gosterisli-yuzuk","13":"product_tag-kadin-altin-yuzuk","14":"product_tag-kralice-yuzugu","15":"product_tag-luks-pirlanta-yuzuk","16":"product_tag-luxury-gold-ring","17":"product_tag-pirlanta-tac-yuzuk","18":"product_tag-queen-crown-ring","19":"product_tag-royal-jewelry-ring","20":"product_tag-royal-style-ring","21":"product_tag-statement-diamond-ring","22":"product_tag-tac-form-altin-yuzuk","23":"product_tag-tac-yuzuk","24":"product_tag-tasarim-altin-yuzuk","25":"pa_cinsiyet-kadin","27":"first","28":"instock","29":"sale","30":"shipping-taxable","31":"purchasable","32":"product-type-simple"},"_links":{"self":[{"href":"https:\/\/www.gasia.com.tr\/en\/wp-json\/wp\/v2\/product\/38358","targetHints":{"allow":["GET"]}}],"collection":[{"href":"https:\/\/www.gasia.com.tr\/en\/wp-json\/wp\/v2\/product"}],"about":[{"href":"https:\/\/www.gasia.com.tr\/en\/wp-json\/wp\/v2\/types\/product"}],"replies":[{"embeddable":true,"href":"https:\/\/www.gasia.com.tr\/en\/wp-json\/wp\/v2\/comments?post=38358"}],"version-history":[{"count":2,"href":"https:\/\/www.gasia.com.tr\/en\/wp-json\/wp\/v2\/product\/38358\/revisions"}],"predecessor-version":[{"id":39593,"href":"https:\/\/www.gasia.com.tr\/en\/wp-json\/wp\/v2\/product\/38358\/revisions\/39593"}],"wp:featuredmedia":[{"embeddable":true,"href":"https:\/\/www.gasia.com.tr\/en\/wp-json\/wp\/v2\/media\/39591"}],"wp:attachment":[{"href":"https:\/\/www.gasia.com.tr\/en\/wp-json\/wp\/v2\/media?parent=38358"}],"wp:term":[{"taxonomy":"product_brand","embeddable":true,"href":"https:\/\/www.gasia.com.tr\/en\/wp-json\/wp\/v2\/product_brand?post=38358"},{"taxonomy":"product_cat","embeddable":true,"href":"https:\/\/www.gasia.com.tr\/en\/wp-json\/wp\/v2\/product_cat?post=38358"},{"taxonomy":"product_tag","embeddable":true,"href":"https:\/\/www.gasia.com.tr\/en\/wp-json\/wp\/v2\/product_tag?post=38358"}],"curies":[{"name":"wp","href":"https:\/\/api.w.org\/{rel}","templated":true}]}}