{"id":38360,"date":"2026-02-05T00:00:00","date_gmt":"2026-02-04T21:00:00","guid":{"rendered":"https:\/\/www.gasia.com.tr\/?post_type=product&#038;p=38360"},"modified":"2026-03-13T18:05:20","modified_gmt":"2026-03-13T15:05:20","slug":"ametist-tasli-tamtur-altin-yuzuk","status":"publish","type":"product","link":"https:\/\/www.gasia.com.tr\/en\/collections\/ametist-tasli-tamtur-altin-yuzuk\/","title":{"rendered":"Ametist Ta\u015fl\u0131 Tamtur Alt\u0131n Y\u00fcz\u00fck"},"content":{"rendered":"<p>Mor ametist ta\u015flar\u0131n t\u00fcm \u00e7evreyi sard\u0131\u011f\u0131 bu zarif tamtur alt\u0131n y\u00fcz\u00fck, klasik ve zamans\u0131z bir \u015f\u0131kl\u0131k sunar. Minimal ve g\u00f6z al\u0131c\u0131 tasar\u0131m\u0131yla hem g\u00fcnl\u00fck kullan\u0131m hem de \u00f6zel anlar i\u00e7in ideal bir m\u00fccevherdir.<\/p>","protected":false},"excerpt":{"rendered":"<ul>\n<li>4.50 Gram 14 Ayar Alt\u0131n<\/li>\n<li>4.80 ct\u00a0 5\/4 oval Amethyst<\/li>\n<\/ul>","protected":false},"featured_media":39597,"comment_status":"open","ping_status":"closed","template":"","meta":[],"product_brand":[],"product_cat":[76],"product_tag":[1265,1264,1268,1259,1260,1267,451,439,1263,1270,1261,1266,961,1269,1262,1163],"class_list":{"0":"post-38360","1":"product","2":"type-product","3":"status-publish","4":"has-post-thumbnail","6":"product_cat-yuzuk-modelleri","7":"product_tag-amethyst-band-ring","8":"product_tag-amethyst-eternity-ring","9":"product_tag-amethyst-gold-ring","10":"product_tag-ametist-tamtur-yuzuk","11":"product_tag-ametist-tasli-yuzuk","12":"product_tag-eternity-gemstone-ring","13":"product_tag-fine-jewelry-ring","14":"product_tag-kadin-altin-yuzuk","15":"product_tag-klasik-yuzuk-modeli","16":"product_tag-luxury-gemstone-ring","17":"product_tag-mor-tasli-yuzuk","18":"product_tag-purple-gemstone-ring","19":"product_tag-renkli-tasli-yuzuk","20":"product_tag-stackable-gemstone-ring","21":"product_tag-tamtur-altin-yuzuk","22":"product_tag-zarif-altin-yuzuk","23":"pa_cinsiyet-kadin","25":"first","26":"instock","27":"sale","28":"shipping-taxable","29":"purchasable","30":"product-type-simple"},"_links":{"self":[{"href":"https:\/\/www.gasia.com.tr\/en\/wp-json\/wp\/v2\/product\/38360","targetHints":{"allow":["GET"]}}],"collection":[{"href":"https:\/\/www.gasia.com.tr\/en\/wp-json\/wp\/v2\/product"}],"about":[{"href":"https:\/\/www.gasia.com.tr\/en\/wp-json\/wp\/v2\/types\/product"}],"replies":[{"embeddable":true,"href":"https:\/\/www.gasia.com.tr\/en\/wp-json\/wp\/v2\/comments?post=38360"}],"version-history":[{"count":2,"href":"https:\/\/www.gasia.com.tr\/en\/wp-json\/wp\/v2\/product\/38360\/revisions"}],"predecessor-version":[{"id":39599,"href":"https:\/\/www.gasia.com.tr\/en\/wp-json\/wp\/v2\/product\/38360\/revisions\/39599"}],"wp:featuredmedia":[{"embeddable":true,"href":"https:\/\/www.gasia.com.tr\/en\/wp-json\/wp\/v2\/media\/39597"}],"wp:attachment":[{"href":"https:\/\/www.gasia.com.tr\/en\/wp-json\/wp\/v2\/media?parent=38360"}],"wp:term":[{"taxonomy":"product_brand","embeddable":true,"href":"https:\/\/www.gasia.com.tr\/en\/wp-json\/wp\/v2\/product_brand?post=38360"},{"taxonomy":"product_cat","embeddable":true,"href":"https:\/\/www.gasia.com.tr\/en\/wp-json\/wp\/v2\/product_cat?post=38360"},{"taxonomy":"product_tag","embeddable":true,"href":"https:\/\/www.gasia.com.tr\/en\/wp-json\/wp\/v2\/product_tag?post=38360"}],"curies":[{"name":"wp","href":"https:\/\/api.w.org\/{rel}","templated":true}]}}