{"id":38364,"date":"2026-01-11T00:00:00","date_gmt":"2026-01-10T21:00:00","guid":{"rendered":"https:\/\/www.gasia.com.tr\/?post_type=product&#038;p=38364"},"modified":"2026-03-27T09:20:14","modified_gmt":"2026-03-27T06:20:14","slug":"nazar-boncuklu-goz-kolye-altin","status":"publish","type":"product","link":"https:\/\/www.gasia.com.tr\/en\/collections\/nazar-boncuklu-goz-kolye-altin\/","title":{"rendered":"Nazar Boncuklu G\u00f6z Kolye Alt\u0131n"},"content":{"rendered":"<p>Nazar boncu\u011fu detay\u0131 ve g\u00f6z form tasar\u0131m\u0131yla haz\u0131rlanan bu alt\u0131n kolye, zarif ve anlaml\u0131 bir m\u00fccevherdir. \u0130nce zinciri ve minimal tasar\u0131m\u0131 sayesinde g\u00fcnl\u00fck kullan\u0131m i\u00e7in ideal \u015f\u0131k bir aksesuard\u0131r.<\/p>","protected":false},"excerpt":{"rendered":"<ul>\n<li>14 Ayar Alt\u0131n<\/li>\n<li>0.01 ct 4 adet P\u0131rlanta<\/li>\n<\/ul>","protected":false},"featured_media":39616,"comment_status":"open","ping_status":"closed","template":"","meta":[],"product_brand":[],"product_cat":[260,75,198],"product_tag":[1304,1210,726,1180,1301,1167,1308,1303,1307,1302,281,1202,1087,1305,1204,1306,1213],"class_list":{"0":"post-38364","1":"product","2":"type-product","3":"status-publish","4":"has-post-thumbnail","6":"product_cat-kadin","7":"product_cat-kolye","8":"product_cat-eye-collection","9":"product_tag-blue-evil-eye-necklace","10":"product_tag-evil-eye-gold-necklace","11":"product_tag-evil-eye-necklace","12":"product_tag-fine-jewelry-necklace","13":"product_tag-goz-kolye-altin","14":"product_tag-kadin-altin-kolye","15":"product_tag-lucky-eye-necklace","16":"product_tag-minimal-altin-kolye","17":"product_tag-minimalist-gold-necklace","18":"product_tag-nazar-boncugu-kolye","19":"product_tag-nazar-boncuklu-kolye","20":"product_tag-nazar-goz-kolye","21":"product_tag-nazar-kolyesi","22":"product_tag-nazar-necklace","23":"product_tag-nazarlik-kolye","24":"product_tag-protection-eye-necklace","25":"product_tag-turkish-evil-eye-necklace","26":"pa_cinsiyet-kadin","28":"first","29":"instock","30":"sale","31":"shipping-taxable","32":"purchasable","33":"product-type-simple"},"_links":{"self":[{"href":"https:\/\/www.gasia.com.tr\/en\/wp-json\/wp\/v2\/product\/38364","targetHints":{"allow":["GET"]}}],"collection":[{"href":"https:\/\/www.gasia.com.tr\/en\/wp-json\/wp\/v2\/product"}],"about":[{"href":"https:\/\/www.gasia.com.tr\/en\/wp-json\/wp\/v2\/types\/product"}],"replies":[{"embeddable":true,"href":"https:\/\/www.gasia.com.tr\/en\/wp-json\/wp\/v2\/comments?post=38364"}],"version-history":[{"count":2,"href":"https:\/\/www.gasia.com.tr\/en\/wp-json\/wp\/v2\/product\/38364\/revisions"}],"predecessor-version":[{"id":39617,"href":"https:\/\/www.gasia.com.tr\/en\/wp-json\/wp\/v2\/product\/38364\/revisions\/39617"}],"wp:featuredmedia":[{"embeddable":true,"href":"https:\/\/www.gasia.com.tr\/en\/wp-json\/wp\/v2\/media\/39616"}],"wp:attachment":[{"href":"https:\/\/www.gasia.com.tr\/en\/wp-json\/wp\/v2\/media?parent=38364"}],"wp:term":[{"taxonomy":"product_brand","embeddable":true,"href":"https:\/\/www.gasia.com.tr\/en\/wp-json\/wp\/v2\/product_brand?post=38364"},{"taxonomy":"product_cat","embeddable":true,"href":"https:\/\/www.gasia.com.tr\/en\/wp-json\/wp\/v2\/product_cat?post=38364"},{"taxonomy":"product_tag","embeddable":true,"href":"https:\/\/www.gasia.com.tr\/en\/wp-json\/wp\/v2\/product_tag?post=38364"}],"curies":[{"name":"wp","href":"https:\/\/api.w.org\/{rel}","templated":true}]}}