{"id":38366,"date":"2026-01-11T00:00:00","date_gmt":"2026-01-10T21:00:00","guid":{"rendered":"https:\/\/www.gasia.com.tr\/?post_type=product&#038;p=38366"},"modified":"2026-04-15T17:20:13","modified_gmt":"2026-04-15T14:20:13","slug":"sedefli-nazar-goz-altin-kolye","status":"publish","type":"product","link":"https:\/\/www.gasia.com.tr\/en\/collections\/sedefli-nazar-goz-altin-kolye\/","title":{"rendered":"Sedefli Nazar G\u00f6z Alt\u0131n Kolye"},"content":{"rendered":"<p>Nazarl\u0131k, insanlar\u0131n k\u00f6t\u00fc bak\u0131\u015flardan ve negatif enerjiden korunmak i\u00e7in kulland\u0131\u011f\u0131 \u00e7ok eski bir sembold\u00fcr. \u201cNazar\u201d kelimesi, bir ki\u015finin k\u0131skan\u00e7l\u0131k veya hayranl\u0131k i\u00e7eren bak\u0131\u015flar\u0131n\u0131n ba\u015fkalar\u0131na zarar verebilece\u011fi inanc\u0131ndan do\u011fmu\u015ftur. Bu inan\u00e7, binlerce y\u0131l \u00f6ncesine kadar uzan\u0131r ve \u00f6zellikle Orta Do\u011fu, Anadolu, Akdeniz ve Orta Asya k\u00fclt\u00fcrlerinde yayg\u0131nd\u0131r.<\/p>\n<p>&nbsp;<\/p>\n<p>Sedef zemin \u00fczerine nazar g\u00f6z motifiyle tasarlanan bu alt\u0131n kolye, zarif ve anlaml\u0131 bir m\u00fccevherdir. Minimal detaylar\u0131 ve nazar sembol\u00fcyle hem \u015f\u0131k hem de koruyucu anlam ta\u015f\u0131yan \u00f6zel bir tasar\u0131m sunar.<\/p>","protected":false},"excerpt":{"rendered":"<ul>\n<li>14 Ayar Alt\u0131n<\/li>\n<li>0.03 ct P\u0131rlanta<\/li>\n<\/ul>","protected":false},"featured_media":42260,"comment_status":"open","ping_status":"closed","template":"","meta":[],"product_brand":[],"product_cat":[260,75,198],"product_tag":[1210,1180,1301,1167,1207,1212,1311,281,1211,1202,1310,1204,1312,1313,1309,1213],"class_list":{"0":"post-38366","1":"product","2":"type-product","3":"status-publish","4":"has-post-thumbnail","6":"product_cat-kadin","7":"product_cat-kolye","8":"product_cat-eye-collection","9":"product_tag-evil-eye-gold-necklace","10":"product_tag-fine-jewelry-necklace","11":"product_tag-goz-kolye-altin","12":"product_tag-kadin-altin-kolye","13":"product_tag-minimal-nazar-kolye","14":"product_tag-minimalist-evil-eye-necklace","15":"product_tag-mother-of-pearl-evil-eye-necklace","16":"product_tag-nazar-boncuklu-kolye","17":"product_tag-nazar-eye-necklace","18":"product_tag-nazar-goz-kolye","19":"product_tag-nazar-motifli-kolye","20":"product_tag-nazarlik-kolye","21":"product_tag-pearl-evil-eye-necklace","22":"product_tag-protective-eye-necklace","23":"product_tag-sedefli-nazar-kolye","24":"product_tag-turkish-evil-eye-necklace","25":"pa_cinsiyet-kadin","27":"first","28":"instock","29":"sale","30":"shipping-taxable","31":"purchasable","32":"product-type-simple"},"_links":{"self":[{"href":"https:\/\/www.gasia.com.tr\/en\/wp-json\/wp\/v2\/product\/38366","targetHints":{"allow":["GET"]}}],"collection":[{"href":"https:\/\/www.gasia.com.tr\/en\/wp-json\/wp\/v2\/product"}],"about":[{"href":"https:\/\/www.gasia.com.tr\/en\/wp-json\/wp\/v2\/types\/product"}],"replies":[{"embeddable":true,"href":"https:\/\/www.gasia.com.tr\/en\/wp-json\/wp\/v2\/comments?post=38366"}],"version-history":[{"count":2,"href":"https:\/\/www.gasia.com.tr\/en\/wp-json\/wp\/v2\/product\/38366\/revisions"}],"predecessor-version":[{"id":39619,"href":"https:\/\/www.gasia.com.tr\/en\/wp-json\/wp\/v2\/product\/38366\/revisions\/39619"}],"wp:featuredmedia":[{"embeddable":true,"href":"https:\/\/www.gasia.com.tr\/en\/wp-json\/wp\/v2\/media\/42260"}],"wp:attachment":[{"href":"https:\/\/www.gasia.com.tr\/en\/wp-json\/wp\/v2\/media?parent=38366"}],"wp:term":[{"taxonomy":"product_brand","embeddable":true,"href":"https:\/\/www.gasia.com.tr\/en\/wp-json\/wp\/v2\/product_brand?post=38366"},{"taxonomy":"product_cat","embeddable":true,"href":"https:\/\/www.gasia.com.tr\/en\/wp-json\/wp\/v2\/product_cat?post=38366"},{"taxonomy":"product_tag","embeddable":true,"href":"https:\/\/www.gasia.com.tr\/en\/wp-json\/wp\/v2\/product_tag?post=38366"}],"curies":[{"name":"wp","href":"https:\/\/api.w.org\/{rel}","templated":true}]}}