{"id":38368,"date":"2026-01-11T00:00:00","date_gmt":"2026-01-10T21:00:00","guid":{"rendered":"https:\/\/www.gasia.com.tr\/?post_type=product&#038;p=38368"},"modified":"2026-03-27T09:20:14","modified_gmt":"2026-03-27T06:20:14","slug":"pirlanta-cerceveli-nazar-goz-altin-kolye","status":"publish","type":"product","link":"https:\/\/www.gasia.com.tr\/en\/collections\/pirlanta-cerceveli-nazar-goz-altin-kolye\/","title":{"rendered":"P\u0131rlanta \u00c7er\u00e7eveli Nazar G\u00f6z Alt\u0131n Kolye"},"content":{"rendered":"<p>Merkezinde nazar g\u00f6z detay\u0131 bulunan ve \u00e7evresi p\u0131rlanta ta\u015flarla s\u00fcslenen bu alt\u0131n kolye, zarif ve modern bir tasar\u0131m sunar. Minimal \u00e7izgileri ve g\u00fc\u00e7l\u00fc sembol anlam\u0131yla g\u00fcnl\u00fck kullan\u0131m ve \u00f6zel kombinler i\u00e7in ideal bir m\u00fccevherdir.<\/p>\n<p>&nbsp;<\/p>\n<p>Nazarl\u0131k, insanlar\u0131n k\u00f6t\u00fc bak\u0131\u015flardan ve negatif enerjiden korunmak i\u00e7in kulland\u0131\u011f\u0131 \u00e7ok eski bir sembold\u00fcr. \u201cNazar\u201d kelimesi, bir ki\u015finin k\u0131skan\u00e7l\u0131k veya hayranl\u0131k i\u00e7eren bak\u0131\u015flar\u0131n\u0131n ba\u015fkalar\u0131na zarar verebilece\u011fi inanc\u0131ndan do\u011fmu\u015ftur. Bu inan\u00e7, binlerce y\u0131l \u00f6ncesine kadar uzan\u0131r ve \u00f6zellikle Orta Do\u011fu, Anadolu, Akdeniz ve Orta Asya k\u00fclt\u00fcrlerinde yayg\u0131nd\u0131r.<\/p>","protected":false},"excerpt":{"rendered":"<ul>\n<li>14 Ayar Alt\u0131n<\/li>\n<li>0.14 Ct P\u0131rlanta<\/li>\n<\/ul>","protected":false},"featured_media":39627,"comment_status":"open","ping_status":"closed","template":"","meta":[],"product_brand":[],"product_cat":[260,75,198],"product_tag":[1328,727,1210,726,1180,1326,1167,1207,1212,281,1211,1202,1204,1327,1313,1205,1213],"class_list":{"0":"post-38368","1":"product","2":"type-product","3":"status-publish","4":"has-post-thumbnail","6":"product_cat-kadin","7":"product_cat-kolye","8":"product_cat-eye-collection","9":"product_tag-blue-eye-necklace","10":"product_tag-diamond-evil-eye-necklace","11":"product_tag-evil-eye-gold-necklace","12":"product_tag-evil-eye-necklace","13":"product_tag-fine-jewelry-necklace","14":"product_tag-goz-motifli-altin-kolye","15":"product_tag-kadin-altin-kolye","16":"product_tag-minimal-nazar-kolye","17":"product_tag-minimalist-evil-eye-necklace","18":"product_tag-nazar-boncuklu-kolye","19":"product_tag-nazar-eye-necklace","20":"product_tag-nazar-goz-kolye","21":"product_tag-nazarlik-kolye","22":"product_tag-pirlantali-nazar-kolye","23":"product_tag-protective-eye-necklace","24":"product_tag-tasarim-nazar-kolye","25":"product_tag-turkish-evil-eye-necklace","26":"pa_cinsiyet-kadin","28":"first","29":"instock","30":"sale","31":"shipping-taxable","32":"purchasable","33":"product-type-simple"},"_links":{"self":[{"href":"https:\/\/www.gasia.com.tr\/en\/wp-json\/wp\/v2\/product\/38368","targetHints":{"allow":["GET"]}}],"collection":[{"href":"https:\/\/www.gasia.com.tr\/en\/wp-json\/wp\/v2\/product"}],"about":[{"href":"https:\/\/www.gasia.com.tr\/en\/wp-json\/wp\/v2\/types\/product"}],"replies":[{"embeddable":true,"href":"https:\/\/www.gasia.com.tr\/en\/wp-json\/wp\/v2\/comments?post=38368"}],"version-history":[{"count":2,"href":"https:\/\/www.gasia.com.tr\/en\/wp-json\/wp\/v2\/product\/38368\/revisions"}],"predecessor-version":[{"id":39628,"href":"https:\/\/www.gasia.com.tr\/en\/wp-json\/wp\/v2\/product\/38368\/revisions\/39628"}],"wp:featuredmedia":[{"embeddable":true,"href":"https:\/\/www.gasia.com.tr\/en\/wp-json\/wp\/v2\/media\/39627"}],"wp:attachment":[{"href":"https:\/\/www.gasia.com.tr\/en\/wp-json\/wp\/v2\/media?parent=38368"}],"wp:term":[{"taxonomy":"product_brand","embeddable":true,"href":"https:\/\/www.gasia.com.tr\/en\/wp-json\/wp\/v2\/product_brand?post=38368"},{"taxonomy":"product_cat","embeddable":true,"href":"https:\/\/www.gasia.com.tr\/en\/wp-json\/wp\/v2\/product_cat?post=38368"},{"taxonomy":"product_tag","embeddable":true,"href":"https:\/\/www.gasia.com.tr\/en\/wp-json\/wp\/v2\/product_tag?post=38368"}],"curies":[{"name":"wp","href":"https:\/\/api.w.org\/{rel}","templated":true}]}}